{"id":10101,"date":"2016-02-18T16:00:42","date_gmt":"2016-02-18T21:00:42","guid":{"rendered":"http:\/\/taichiclub.ml\/fr\/level-2\/"},"modified":"2018-07-12T20:07:03","modified_gmt":"2018-07-13T00:07:03","slug":"partie-2","status":"publish","type":"page","link":"https:\/\/www.taichiclub.com\/fr\/partie-2\/","title":{"rendered":"Cours de Niveau 2"},"content":{"rendered":"<div class=\"wpb-content-wrapper\">[vc_row][vc_column width=\u00a0\u00bb1\/6&Prime;][\/vc_column][vc_column width=\u00a0\u00bb2\/3&Prime;][mk_fancy_title size=\u00a0\u00bb36&Prime; txt_transform=\u00a0\u00bbuppercase\u00a0\u00bb font_family=\u00a0\u00bbnone\u00a0\u00bb]\n<p style=\"text-align: center;\">Cours Partie\u00a02<\/p>\n[\/mk_fancy_title][vc_column_text]La partie 2 repr\u00e9sente une \u00e9tape importante dans l&rsquo;apprentissage de la forme de Tai Chi Yang. L&rsquo;\u00e9tudiant\u00a0a assimil\u00e9 quelques principes de base et la fa\u00e7on de se d\u00e9placer. L&rsquo;\u00e9quilibre et la coordination sont d\u00e9j\u00e0 am\u00e9lior\u00e9s. Dans cette partie la m\u00e9morisation des mouvements et des changements de direction demandent une attention particuli\u00e8re. L&rsquo;apprentissage des mouvement (15) \u00ab Mener le tigre \u00e0 la montagne \u00bb \u00a0jusqu\u2019au mouvement (45) \u00ab Croiser ses mains \u00bb\u00a0fin de la deuxi\u00e8me partie est enseign\u00e9e.<\/p>\n<p>Tout au long de l\u2019enseignement les \u00e9tudiants apprendront les postures et les principes de base, la coordination et l\u2019\u00e9quilibre du corps et de l\u2019esprit. L\u2019introduction des applications martiales des mouvements fait partie de l\u2019enseignement et permet aux \u00e9tudiants d\u2019en comprendre le fondement des mouvements appris.<\/p>\n<p>Afin de b\u00e9n\u00e9ficier pleinement des bienfaits du tai chi nous recommandons de prendre deux (2) cours ou plus par semaine.[\/vc_column_text][vc_empty_space height=\u00a0\u00bb25&Prime;][mk_fancy_title size=\u00a0\u00bb24&Prime; txt_transform=\u00a0\u00bbuppercase\u00a0\u00bb font_family=\u00a0\u00bbnone\u00a0\u00bb]\n<p style=\"text-align: center;\"><a href=\"https:\/\/www.taichiclub.com\/fr\/fees\/\" target=\"_blank\" rel=\"noopener noreferrer\">Tarifs\u00a0de membres<\/a><\/p>\n[\/mk_fancy_title][vc_empty_space height=\u00a0\u00bb35&Prime;][\/vc_column][vc_column width=\u00a0\u00bb1\/6&Prime;][\/vc_column][\/vc_row][vc_row][vc_column width=\u00a0\u00bb1\/12&Prime; css=\u00a0\u00bb.vc_custom_1456150350880{border-right-width: 1px !important;border-right-color: #81d742 !important;border-right-style: solid !important;}\u00a0\u00bb][\/vc_column][vc_column width=\u00a0\u00bb5\/12&Prime; css=\u00a0\u00bb.vc_custom_1457301430033{border-right-width: 1px !important;border-right-color: #025ebe !important;border-right-style: solid !important;}\u00a0\u00bb][vc_empty_space][mk_fancy_title size=\u00a0\u00bb24&Prime; txt_transform=\u00a0\u00bbuppercase\u00a0\u00bb font_family=\u00a0\u00bbnone\u00a0\u00bb]\n<p style=\"text-align: center;\">Brossard<\/p>\n[\/mk_fancy_title][products columns=\u00a0\u00bb2&Prime; orderby=\u00a0\u00bbtitle\u00a0\u00bb order=\u00a0\u00bbASC\u00a0\u00bb ids=\u00a0\u00bb14041, 15048, 15475, 15068&Prime;][vc_empty_space][\/vc_column][vc_column width=\u00a0\u00bb5\/12&Prime;][vc_empty_space][mk_fancy_title size=\u00a0\u00bb24&Prime; txt_transform=\u00a0\u00bbuppercase\u00a0\u00bb font_family=\u00a0\u00bbnone\u00a0\u00bb]\n<p style=\"text-align: center;\">Quartier Chinois<\/p>\n[\/mk_fancy_title][products columns=\u00a0\u00bb2&Prime; orderby=\u00a0\u00bbtitle\u00a0\u00bb order=\u00a0\u00bbASC\u00a0\u00bb ids=\u00a0\u00bb15050, 15052&Prime;][vc_empty_space][\/vc_column][vc_column width=\u00a0\u00bb1\/12&Prime;][\/vc_column][\/vc_row]\n<\/div>","protected":false},"excerpt":{"rendered":"<p>[vc_row][vc_column width=\u00a0\u00bb1\/6&Prime;][\/vc_column][vc_column width=\u00a0\u00bb2\/3&Prime;][mk_fancy_title size=\u00a0\u00bb36&Prime; txt_transform=\u00a0\u00bbuppercase\u00a0\u00bb font_family=\u00a0\u00bbnone\u00a0\u00bb] Cours Partie\u00a02 [\/mk_fancy_title][vc_column_text]La partie 2 repr\u00e9sente une \u00e9tape importante dans l&rsquo;apprentissage de la forme de Tai Chi Yang. L&rsquo;\u00e9tudiant\u00a0a assimil\u00e9 quelques principes de base et la fa\u00e7on de se d\u00e9placer. L&rsquo;\u00e9quilibre et la coordination sont d\u00e9j\u00e0 am\u00e9lior\u00e9s. Dans cette partie la m\u00e9morisation des mouvements et des changements de direction [&hellip;]<\/p>\n","protected":false},"author":254,"featured_media":0,"parent":0,"menu_order":0,"comment_status":"closed","ping_status":"closed","template":"","meta":{"inline_featured_image":false,"footnotes":""},"class_list":["post-10101","page","type-page","status-publish","hentry"],"_links":{"self":[{"href":"https:\/\/www.taichiclub.com\/fr\/wp-json\/wp\/v2\/pages\/10101","targetHints":{"allow":["GET"]}}],"collection":[{"href":"https:\/\/www.taichiclub.com\/fr\/wp-json\/wp\/v2\/pages"}],"about":[{"href":"https:\/\/www.taichiclub.com\/fr\/wp-json\/wp\/v2\/types\/page"}],"author":[{"embeddable":true,"href":"https:\/\/www.taichiclub.com\/fr\/wp-json\/wp\/v2\/users\/254"}],"replies":[{"embeddable":true,"href":"https:\/\/www.taichiclub.com\/fr\/wp-json\/wp\/v2\/comments?post=10101"}],"version-history":[{"count":54,"href":"https:\/\/www.taichiclub.com\/fr\/wp-json\/wp\/v2\/pages\/10101\/revisions"}],"predecessor-version":[{"id":16518,"href":"https:\/\/www.taichiclub.com\/fr\/wp-json\/wp\/v2\/pages\/10101\/revisions\/16518"}],"wp:attachment":[{"href":"https:\/\/www.taichiclub.com\/fr\/wp-json\/wp\/v2\/media?parent=10101"}],"curies":[{"name":"wp","href":"https:\/\/api.w.org\/{rel}","templated":true}]}}