{"id":10117,"date":"2016-02-18T16:09:36","date_gmt":"2016-02-18T21:09:36","guid":{"rendered":"http:\/\/taichiclub.ml\/fr\/cours-de-tai-chi\/level-5\/"},"modified":"2017-11-14T15:54:30","modified_gmt":"2017-11-14T20:54:30","slug":"avances","status":"publish","type":"page","link":"https:\/\/www.taichiclub.com\/fr\/avances\/","title":{"rendered":"Cours avanc\u00e9s"},"content":{"rendered":"<div class=\"wpb-content-wrapper\">[vc_row][vc_column width=\u00a0\u00bb1\/6&Prime;][\/vc_column][vc_column width=\u00a0\u00bb2\/3&Prime;][mk_fancy_title size=\u00a0\u00bb36&Prime; txt_transform=\u00a0\u00bbuppercase\u00a0\u00bb font_family=\u00a0\u00bbnone\u00a0\u00bb]\n<p style=\"text-align: center;\">Cours avanc\u00e9s<\/p>\n[\/mk_fancy_title][vc_column_text]Une fois la forme de Yang apprise, l\u2019\u00e9quilibre entre le corps et l\u2019esprit est pr\u00e9sent, les principes de base sont assimil\u00e9s tout comme l\u2019attention et la concentration. L\u2019\u00e9tudiant (e) a l\u2019opportunit\u00e9 de continuer sa progression en explorant d\u2019autres formes de Tai Chi et le pousse mains.<\/p>\n<p>Les formes avanc\u00e9es enseign\u00e9s au Club de Tai Chi sont la forme Hao, Fa Jin, Fast tai chi, l\u2019\u00e9p\u00e9e, le sabre et le double b\u00e2ton.<\/p>\n<p>La pratique et l\u2019enseignement de ces formes se fait selon une rotation annuelle et des cours sp\u00e9ciaux sont r\u00e9guli\u00e8rement ouverts pour en acc\u00e9l\u00e9rer l\u2019apprentissage.<\/p>\n<p>Afin de b\u00e9n\u00e9ficier pleinement des bienfaits du tai chi nous recommandons de prendre deux (2) cours ou plus par semaine.[\/vc_column_text][vc_empty_space height=\u00a0\u00bb25&Prime;][mk_fancy_title size=\u00a0\u00bb24&Prime; txt_transform=\u00a0\u00bbuppercase\u00a0\u00bb font_family=\u00a0\u00bbnone\u00a0\u00bb]\n<p style=\"text-align: center;\"><a href=\"https:\/\/www.taichiclub.com\/fees\/\" target=\"_blank\" rel=\"noopener noreferrer\">Tarifs\u00a0de membres<\/a><\/p>\n[\/mk_fancy_title][vc_empty_space height=\u00a0\u00bb35&Prime;][\/vc_column][vc_column width=\u00a0\u00bb1\/6&Prime;][\/vc_column][\/vc_row][vc_row][vc_column width=\u00a0\u00bb1\/12&Prime; css=\u00a0\u00bb.vc_custom_1456150350880{border-right-width: 1px !important;border-right-color: #81d742 !important;border-right-style: solid !important;}\u00a0\u00bb][\/vc_column][vc_column width=\u00a0\u00bb5\/12&Prime; css=\u00a0\u00bb.vc_custom_1457301576269{border-right-width: 1px !important;border-right-color: #025ebe !important;border-right-style: solid !important;}\u00a0\u00bb][vc_empty_space][mk_fancy_title size=\u00a0\u00bb24&Prime; txt_transform=\u00a0\u00bbuppercase\u00a0\u00bb font_family=\u00a0\u00bbnone\u00a0\u00bb]\n<p style=\"text-align: center;\">Brossard<\/p>\n[\/mk_fancy_title][products columns=\u00a0\u00bb2&Prime; orderby=\u00a0\u00bbtitle\u00a0\u00bb order=\u00a0\u00bbASC\u00a0\u00bb ids=\u00a0\u00bb14078&Prime;][vc_empty_space][\/vc_column][vc_column width=\u00a0\u00bb5\/12&Prime;][vc_empty_space][mk_fancy_title size=\u00a0\u00bb24&Prime; txt_transform=\u00a0\u00bbuppercase\u00a0\u00bb font_family=\u00a0\u00bbnone\u00a0\u00bb]\n<p style=\"text-align: center;\">Quartier Chinois<\/p>\n[\/mk_fancy_title][products columns=\u00a0\u00bb2&Prime; orderby=\u00a0\u00bbtitle\u00a0\u00bb order=\u00a0\u00bbASC\u00a0\u00bb ids=\u00a0\u00bb14619, 15033&Prime;][vc_empty_space][\/vc_column][vc_column width=\u00a0\u00bb1\/12&Prime;][\/vc_column][\/vc_row]\n<\/div>","protected":false},"excerpt":{"rendered":"<p>[vc_row][vc_column width=\u00a0\u00bb1\/6&Prime;][\/vc_column][vc_column width=\u00a0\u00bb2\/3&Prime;][mk_fancy_title size=\u00a0\u00bb36&Prime; txt_transform=\u00a0\u00bbuppercase\u00a0\u00bb font_family=\u00a0\u00bbnone\u00a0\u00bb] Cours avanc\u00e9s [\/mk_fancy_title][vc_column_text]Une fois la forme de Yang apprise, l\u2019\u00e9quilibre entre le corps et l\u2019esprit est pr\u00e9sent, les principes de base sont assimil\u00e9s tout comme l\u2019attention et la concentration. L\u2019\u00e9tudiant (e) a l\u2019opportunit\u00e9 de continuer sa progression en explorant d\u2019autres formes de Tai Chi et le pousse mains. Les [&hellip;]<\/p>\n","protected":false},"author":254,"featured_media":0,"parent":0,"menu_order":0,"comment_status":"closed","ping_status":"closed","template":"","meta":{"inline_featured_image":false,"footnotes":""},"class_list":["post-10117","page","type-page","status-publish","hentry"],"_links":{"self":[{"href":"https:\/\/www.taichiclub.com\/fr\/wp-json\/wp\/v2\/pages\/10117","targetHints":{"allow":["GET"]}}],"collection":[{"href":"https:\/\/www.taichiclub.com\/fr\/wp-json\/wp\/v2\/pages"}],"about":[{"href":"https:\/\/www.taichiclub.com\/fr\/wp-json\/wp\/v2\/types\/page"}],"author":[{"embeddable":true,"href":"https:\/\/www.taichiclub.com\/fr\/wp-json\/wp\/v2\/users\/254"}],"replies":[{"embeddable":true,"href":"https:\/\/www.taichiclub.com\/fr\/wp-json\/wp\/v2\/comments?post=10117"}],"version-history":[{"count":39,"href":"https:\/\/www.taichiclub.com\/fr\/wp-json\/wp\/v2\/pages\/10117\/revisions"}],"predecessor-version":[{"id":15504,"href":"https:\/\/www.taichiclub.com\/fr\/wp-json\/wp\/v2\/pages\/10117\/revisions\/15504"}],"wp:attachment":[{"href":"https:\/\/www.taichiclub.com\/fr\/wp-json\/wp\/v2\/media?parent=10117"}],"curies":[{"name":"wp","href":"https:\/\/api.w.org\/{rel}","templated":true}]}}