{"id":11417,"date":"2016-03-08T12:21:12","date_gmt":"2016-03-08T17:21:12","guid":{"rendered":"http:\/\/taichiclub.com\/fr\/?page_id=11417"},"modified":"2017-04-05T12:17:49","modified_gmt":"2017-04-05T16:17:49","slug":"coupon-servicarte-fr","status":"publish","type":"page","link":"https:\/\/www.taichiclub.com\/fr\/coupon-servicarte-fr\/","title":{"rendered":"Coupon Servicart 55+"},"content":{"rendered":"<p>Votre\u00a0coupon a bien \u00e9t\u00e9 appliqu\u00e9<\/p>\n[redirect url=&rsquo;http:\/\/taichiclub.com\/fr\/charriot\/&rsquo; sec=&rsquo;1&prime;]\n","protected":false},"excerpt":{"rendered":"<p>Votre\u00a0coupon a bien \u00e9t\u00e9 appliqu\u00e9 [redirect url=&rsquo;http:\/\/taichiclub.com\/fr\/charriot\/&rsquo; sec=&rsquo;1&prime;]<\/p>\n","protected":false},"author":254,"featured_media":0,"parent":0,"menu_order":0,"comment_status":"closed","ping_status":"closed","template":"","meta":{"inline_featured_image":false,"footnotes":""},"class_list":["post-11417","page","type-page","status-publish","hentry"],"_links":{"self":[{"href":"https:\/\/www.taichiclub.com\/fr\/wp-json\/wp\/v2\/pages\/11417","targetHints":{"allow":["GET"]}}],"collection":[{"href":"https:\/\/www.taichiclub.com\/fr\/wp-json\/wp\/v2\/pages"}],"about":[{"href":"https:\/\/www.taichiclub.com\/fr\/wp-json\/wp\/v2\/types\/page"}],"author":[{"embeddable":true,"href":"https:\/\/www.taichiclub.com\/fr\/wp-json\/wp\/v2\/users\/254"}],"replies":[{"embeddable":true,"href":"https:\/\/www.taichiclub.com\/fr\/wp-json\/wp\/v2\/comments?post=11417"}],"version-history":[{"count":5,"href":"https:\/\/www.taichiclub.com\/fr\/wp-json\/wp\/v2\/pages\/11417\/revisions"}],"predecessor-version":[{"id":11420,"href":"https:\/\/www.taichiclub.com\/fr\/wp-json\/wp\/v2\/pages\/11417\/revisions\/11420"}],"wp:attachment":[{"href":"https:\/\/www.taichiclub.com\/fr\/wp-json\/wp\/v2\/media?parent=11417"}],"curies":[{"name":"wp","href":"https:\/\/api.w.org\/{rel}","templated":true}]}}