{"id":11428,"date":"2016-03-08T13:07:56","date_gmt":"2016-03-08T18:07:56","guid":{"rendered":"http:\/\/taichiclub.com\/?page_id=11428"},"modified":"2019-12-07T15:22:35","modified_gmt":"2019-12-07T20:22:35","slug":"coupon-servicarte-55","status":"publish","type":"page","link":"https:\/\/www.taichiclub.com\/fr\/coupon-servicarte-55\/","title":{"rendered":"Coupon Servicarte 55+"},"content":{"rendered":"<p>Votre coupon a bien \u00e9t\u00e9 appliqu\u00e9<\/p>\n[redirect url=&rsquo;https:\/\/www.taichiclub.com\/fr\/charriot\/&rsquo; sec=&rsquo;1&prime;]\n","protected":false},"excerpt":{"rendered":"<p>Votre coupon a bien \u00e9t\u00e9 appliqu\u00e9 [redirect url=&rsquo;https:\/\/www.taichiclub.com\/fr\/charriot\/&rsquo; sec=&rsquo;1&prime;]<\/p>\n","protected":false},"author":254,"featured_media":0,"parent":0,"menu_order":0,"comment_status":"closed","ping_status":"closed","template":"","meta":{"inline_featured_image":false,"footnotes":""},"class_list":["post-11428","page","type-page","status-publish","hentry"],"_links":{"self":[{"href":"https:\/\/www.taichiclub.com\/fr\/wp-json\/wp\/v2\/pages\/11428","targetHints":{"allow":["GET"]}}],"collection":[{"href":"https:\/\/www.taichiclub.com\/fr\/wp-json\/wp\/v2\/pages"}],"about":[{"href":"https:\/\/www.taichiclub.com\/fr\/wp-json\/wp\/v2\/types\/page"}],"author":[{"embeddable":true,"href":"https:\/\/www.taichiclub.com\/fr\/wp-json\/wp\/v2\/users\/254"}],"replies":[{"embeddable":true,"href":"https:\/\/www.taichiclub.com\/fr\/wp-json\/wp\/v2\/comments?post=11428"}],"version-history":[{"count":2,"href":"https:\/\/www.taichiclub.com\/fr\/wp-json\/wp\/v2\/pages\/11428\/revisions"}],"predecessor-version":[{"id":18990,"href":"https:\/\/www.taichiclub.com\/fr\/wp-json\/wp\/v2\/pages\/11428\/revisions\/18990"}],"wp:attachment":[{"href":"https:\/\/www.taichiclub.com\/fr\/wp-json\/wp\/v2\/media?parent=11428"}],"curies":[{"name":"wp","href":"https:\/\/api.w.org\/{rel}","templated":true}]}}