{"id":12733,"date":"2016-08-16T11:45:21","date_gmt":"2016-08-16T15:45:21","guid":{"rendered":"http:\/\/taichiclub.com\/fr\/past-events\/"},"modified":"2018-12-03T11:45:08","modified_gmt":"2018-12-03T16:45:08","slug":"evenements-passes","status":"publish","type":"page","link":"https:\/\/www.taichiclub.com\/fr\/evenements-passes\/","title":{"rendered":"\u00c9v\u00e9nements pass\u00e9s"},"content":{"rendered":"<div class=\"wpb-content-wrapper\">[vc_row][vc_column][vc_column_text]\n<h2 style=\"text-align: center;\">\u00c9v\u00e9nements pass\u00e9s<\/h2>\n[\/vc_column_text][\/vc_column][\/vc_row][vc_row][vc_column][vc_empty_space height=\u00a0\u00bb30&Prime;][\/vc_column][\/vc_row][vc_row][vc_column width=\u00a0\u00bb1\/6&Prime;][\/vc_column][vc_column width=\u00a0\u00bb4\/6&Prime;][vc_column_text css=\u00a0\u00bb.vc_custom_1543855298007{margin-bottom: 0px !important;}\u00a0\u00bb]\n<p style=\"text-align: center;\"><strong>Sifu Grace Chui \u2013 Atelier de Tai Chi \u2013\u00a0Orford<\/strong><br \/>\n<strong>17 au 19 avril\u00a02017<\/strong><\/p>\n<p style=\"text-align: center;\"><a href=\"https:\/\/www.taichiclub.com\/fr\/gallery-sifu-grace-chui-seminar-april-2017\/?preview_id=14487&#038;preview_nonce=ea09e9ace2&#038;preview=true\">Photos du s\u00e9minaire<\/a><\/p>\n[\/vc_column_text][vc_single_image image=\u00a0\u00bb13499&Prime; img_size=\u00a0\u00bbfull\u00a0\u00bb][vc_separator][vc_column_text]\n<p style=\"text-align: center;\"><strong>S\u00e9minaire de Maitre Alex Dong \u00e0 Montr\u00e9al<\/strong><br \/>\n24-26 f\u00e9vrier 2017<\/p>\n<p style=\"text-align: center;\">Cet \u00e9v\u00e9nement f\u00fbt un grand succ\u00e8s. Apr\u00e8s moins d&rsquo;une semaine suite \u00e0 l&rsquo;ouverture des inscriptions nous avons d\u00fb ajouter des places additionnelles et fermer les inscriptions. Plus de 30 participants\u00a0ont b\u00e9n\u00e9ficier de l&rsquo;enseignement de haut niveau de Maitre Dong.<\/p>\n<p style=\"text-align: center;\"><a href=\"https:\/\/www.taichiclub.com\/fr\/gallery-maitre-alex-dong-seminaire-fevrier-2017\/\">Photos du s\u00e9minaire<\/a><\/p>\n[\/vc_column_text][vc_single_image image=\u00a0\u00bb11877&Prime; img_size=\u00a0\u00bbfull\u00a0\u00bb alignment=\u00a0\u00bbcenter\u00a0\u00bb][vc_separator][vc_column_text css=\u00a0\u00bb.vc_custom_1543855394171{margin-bottom: 0px !important;}\u00a0\u00bb]\n<p style=\"text-align: center;\"><strong>Atelier de Qi Gong et de pousse-mains\u00a0avec Sifu Grace Chui\u00a0<\/strong><br \/>\n4 au 6 novembre 2016<br \/>\n<a href=\"http:\/\/www.euro-spa.com\/\" target=\"_blank\" rel=\"noopener\">Retraite au centre EuroSpa<\/a><\/p>\n<p style=\"text-align: center;\">Formation intensive de 10 heures avec Sifu Grace sur le Tai Chi, Qi Gong et le pousse-mains<\/p>\n[\/vc_column_text][mk_image_slideshow images=\u00a0\u00bb13470,13468,13466,13464,13462,13460,13458,13456,13442,13444,13446,13448,13450,13452,13454&Prime; image_width=\u00a0\u00bb1100&Prime; image_height=\u00a0\u00bb550&Prime;][vc_empty_space height=\u00a0\u00bb25px\u00a0\u00bb][vc_separator][vc_column_text]\n<p style=\"text-align: center;\"><strong>S\u00e9minaire de Maitre Alex Dong \u00e0 Montr\u00e9al<\/strong><br \/>\n20 au 22 mai 2016<br \/>\nMontr\u00e9al<\/p>\n<p style=\"text-align: center;\">Cet \u00e9v\u00e9nement f\u00fbt un grand succ\u00e8s. Apr\u00e8s moins d&rsquo;une semaine suite \u00e0 l&rsquo;ouverture des inscriptions nous avons d\u00fb ajouter des places additionnelles et fermer les inscriptions. Plus de 30 participants\u00a0ont b\u00e9n\u00e9ficier de l&rsquo;enseignement de haut niveau de Maitre Dong.<\/p>\n[\/vc_column_text][vc_single_image image=\u00a0\u00bb11877&Prime; img_size=\u00a0\u00bbfull\u00a0\u00bb alignment=\u00a0\u00bbcenter\u00a0\u00bb][\/vc_column][vc_column width=\u00a0\u00bb1\/6&Prime;][\/vc_column][\/vc_row]\n<\/div>","protected":false},"excerpt":{"rendered":"<p>[vc_row][vc_column][vc_column_text] \u00c9v\u00e9nements pass\u00e9s [\/vc_column_text][\/vc_column][\/vc_row][vc_row][vc_column][vc_empty_space height=\u00a0\u00bb30&Prime;][\/vc_column][\/vc_row][vc_row][vc_column width=\u00a0\u00bb1\/6&Prime;][\/vc_column][vc_column width=\u00a0\u00bb4\/6&Prime;][vc_column_text css=\u00a0\u00bb.vc_custom_1543855298007{margin-bottom: 0px !important;}\u00a0\u00bb] Sifu Grace Chui \u2013 Atelier de Tai Chi \u2013\u00a0Orford 17 au 19 avril\u00a02017 Photos du s\u00e9minaire [\/vc_column_text][vc_single_image image=\u00a0\u00bb13499&Prime; img_size=\u00a0\u00bbfull\u00a0\u00bb][vc_separator][vc_column_text] S\u00e9minaire de Maitre Alex Dong \u00e0 Montr\u00e9al 24-26 f\u00e9vrier 2017 Cet \u00e9v\u00e9nement f\u00fbt un grand succ\u00e8s. Apr\u00e8s moins d&rsquo;une semaine suite \u00e0 l&rsquo;ouverture des inscriptions nous [&hellip;]<\/p>\n","protected":false},"author":254,"featured_media":0,"parent":0,"menu_order":0,"comment_status":"closed","ping_status":"closed","template":"","meta":{"inline_featured_image":false,"footnotes":""},"class_list":["post-12733","page","type-page","status-publish","hentry"],"_links":{"self":[{"href":"https:\/\/www.taichiclub.com\/fr\/wp-json\/wp\/v2\/pages\/12733","targetHints":{"allow":["GET"]}}],"collection":[{"href":"https:\/\/www.taichiclub.com\/fr\/wp-json\/wp\/v2\/pages"}],"about":[{"href":"https:\/\/www.taichiclub.com\/fr\/wp-json\/wp\/v2\/types\/page"}],"author":[{"embeddable":true,"href":"https:\/\/www.taichiclub.com\/fr\/wp-json\/wp\/v2\/users\/254"}],"replies":[{"embeddable":true,"href":"https:\/\/www.taichiclub.com\/fr\/wp-json\/wp\/v2\/comments?post=12733"}],"version-history":[{"count":13,"href":"https:\/\/www.taichiclub.com\/fr\/wp-json\/wp\/v2\/pages\/12733\/revisions"}],"predecessor-version":[{"id":17102,"href":"https:\/\/www.taichiclub.com\/fr\/wp-json\/wp\/v2\/pages\/12733\/revisions\/17102"}],"wp:attachment":[{"href":"https:\/\/www.taichiclub.com\/fr\/wp-json\/wp\/v2\/media?parent=12733"}],"curies":[{"name":"wp","href":"https:\/\/api.w.org\/{rel}","templated":true}]}}