{"id":13934,"date":"2017-02-27T19:11:44","date_gmt":"2017-02-28T00:11:44","guid":{"rendered":"https:\/\/taichiclub.com\/fr\/gallery-master-alex-dong-seminar-february-2017\/"},"modified":"2017-04-22T16:31:11","modified_gmt":"2017-04-22T20:31:11","slug":"gallery-maitre-alex-dong-seminaire-fevrier-2017","status":"publish","type":"page","link":"https:\/\/www.taichiclub.com\/fr\/gallery-maitre-alex-dong-seminaire-fevrier-2017\/","title":{"rendered":"Gallerie-Maitre-Alex-Dong-Seminaire-Fevrier-2017"},"content":{"rendered":"<div class=\"wpb-content-wrapper\">[vc_row][vc_column width=\u00a0\u00bb1\/6&Prime;][vc_column_text][\/vc_column_text][\/vc_column][vc_column width=\u00a0\u00bb2\/3&Prime;][vc_gallery type=\u00a0\u00bbflexslider_slide\u00a0\u00bb interval=\u00a0\u00bb3&Prime; images=\u00a0\u00bb13900,13955,13953,13951,13949,13945,13914,13912,13910,13891,13893,13896,13898,13885,13887,13889&Prime; img_size=\u00a0\u00bb800&#215;400&Prime; title=\u00a0\u00bbMa\u00eetre Alex Dong s\u00e9minaire f\u00e9vrier 2017&Prime;][\/vc_column][vc_column width=\u00a0\u00bb1\/6&Prime;][\/vc_column][\/vc_row]\n<\/div>","protected":false},"excerpt":{"rendered":"<p>[vc_row][vc_column width=\u00a0\u00bb1\/6&Prime;][vc_column_text][\/vc_column_text][\/vc_column][vc_column width=\u00a0\u00bb2\/3&Prime;][vc_gallery type=\u00a0\u00bbflexslider_slide\u00a0\u00bb interval=\u00a0\u00bb3&Prime; images=\u00a0\u00bb13900,13955,13953,13951,13949,13945,13914,13912,13910,13891,13893,13896,13898,13885,13887,13889&Prime; img_size=\u00a0\u00bb800&#215;400&Prime; title=\u00a0\u00bbMa\u00eetre Alex Dong s\u00e9minaire f\u00e9vrier 2017&Prime;][\/vc_column][vc_column width=\u00a0\u00bb1\/6&Prime;][\/vc_column][\/vc_row]<\/p>\n","protected":false},"author":254,"featured_media":0,"parent":0,"menu_order":0,"comment_status":"closed","ping_status":"closed","template":"","meta":{"inline_featured_image":false,"footnotes":""},"class_list":["post-13934","page","type-page","status-publish","hentry"],"_links":{"self":[{"href":"https:\/\/www.taichiclub.com\/fr\/wp-json\/wp\/v2\/pages\/13934","targetHints":{"allow":["GET"]}}],"collection":[{"href":"https:\/\/www.taichiclub.com\/fr\/wp-json\/wp\/v2\/pages"}],"about":[{"href":"https:\/\/www.taichiclub.com\/fr\/wp-json\/wp\/v2\/types\/page"}],"author":[{"embeddable":true,"href":"https:\/\/www.taichiclub.com\/fr\/wp-json\/wp\/v2\/users\/254"}],"replies":[{"embeddable":true,"href":"https:\/\/www.taichiclub.com\/fr\/wp-json\/wp\/v2\/comments?post=13934"}],"version-history":[{"count":5,"href":"https:\/\/www.taichiclub.com\/fr\/wp-json\/wp\/v2\/pages\/13934\/revisions"}],"predecessor-version":[{"id":13963,"href":"https:\/\/www.taichiclub.com\/fr\/wp-json\/wp\/v2\/pages\/13934\/revisions\/13963"}],"wp:attachment":[{"href":"https:\/\/www.taichiclub.com\/fr\/wp-json\/wp\/v2\/media?parent=13934"}],"curies":[{"name":"wp","href":"https:\/\/api.w.org\/{rel}","templated":true}]}}