{"id":16004,"date":"2018-02-26T09:27:38","date_gmt":"2018-02-26T14:27:38","guid":{"rendered":"https:\/\/taichiclub.com\/?page_id=16004"},"modified":"2025-11-13T07:12:21","modified_gmt":"2025-11-13T12:12:21","slug":"formes-enseignees-ref","status":"publish","type":"page","link":"https:\/\/www.taichiclub.com\/fr\/formes-enseignees-ref\/","title":{"rendered":"Formes enseign\u00e9es ref"},"content":{"rendered":"<div class=\"wpb-content-wrapper\">[vc_row][vc_column width=\u00a0\u00bb1\/12&Prime;][\/vc_column][vc_column width=\u00a0\u00bb10\/12&Prime;][mk_image_slideshow images=\u00a0\u00bb12441,12443,12445&Prime; image_width=\u00a0\u00bb1097&Prime; image_height=\u00a0\u00bb470&Prime;][\/vc_column][vc_column width=\u00a0\u00bb1\/12&Prime;][\/vc_column][\/vc_row][vc_row][vc_column width=\u00a0\u00bb1\/6&Prime;][\/vc_column][vc_column width=\u00a0\u00bb2\/3&Prime;][vc_empty_space height=\u00a0\u00bb50&Prime;][mk_fancy_title font_family=\u00a0\u00bbnone\u00a0\u00bb]\n<h3 style=\"text-align: center;\">Les formes enseign\u00e9es<\/h3>\n[\/mk_fancy_title][vc_column_text css=\u00a0\u00bb.vc_custom_1647547051930{margin-bottom: 0px !important;}\u00a0\u00bb]\n<p style=\"text-align: center;\">Le Club de Tai Chi enseigne la <a href=\"https:\/\/www.taichiclub.com\/fr\/select-your-classes\/grille-horaire\/yang-style-form\/yang-hao-forms\/\">forme Yang traditionnelle <\/a>de 108 mouvements (81 sans les r\u00e9p\u00e9titions) bas\u00e9e sur l\u2019enseignement de Sifu Chui Oi Ching Grace, 3e g\u00e9n\u00e9ration du Grand Ma\u00eetre <a href=\"https:\/\/en.wikipedia.org\/wiki\/Tung_Ying-chieh\">Tung Ying-chieh<\/a>.<\/p>\n<p style=\"text-align: center;\">Les autres formes enseign\u00e9es aux niveaux avanc\u00e9s et en s\u00e9minaires sont les formes Hao, l\u2019\u00e9p\u00e9e, le sabre, le Fast Tai Chi, le Fa jin et les b\u00e2tons doubles.<\/p>\n[\/vc_column_text][vc_empty_space][mk_fancy_title font_family=\u00a0\u00bbnone\u00a0\u00bb align=\u00a0\u00bbcenter\u00a0\u00bb]\n<h2 id=\"fancy-title-10\" class=\"mk-fancy-title simple-style color-single\" style=\"text-align: center;\">Liste compl\u00e8tes des mouvements<\/h2>\n[\/mk_fancy_title][mk_fancy_title font_family=\u00a0\u00bbnone\u00a0\u00bb align=\u00a0\u00bbcenter\u00a0\u00bb]\n<p style=\"text-align: left;\"><strong>Yang Form &#8211; <\/strong><a href=\"https:\/\/www.taichiclub.com\/wp-content\/uploads\/2025\/03\/tai_chi_chuan_0325.pdf\">Liste des mouvements<\/a><\/p>\n<p style=\"text-align: left;\"><strong>Hao Form &#8211; <\/strong><a href=\"https:\/\/www.taichiclub.com\/wp-content\/uploads\/2025\/01\/hao_form_3lang.pdf\" target=\"_blank\" rel=\"noopener\">Liste des mouvements<\/a><\/p>\n<p style=\"text-align: left;\"><strong>Sword Form &#8211; <\/strong><a href=\"https:\/\/www.taichiclub.com\/wp-content\/uploads\/2016\/08\/Tai-Chi-Sword-3l.pdf\">Liste des mouvements<\/a><\/p>\n<p style=\"text-align: left;\"><strong>Sabre Form &#8211; <\/strong><a href=\"https:\/\/www.taichiclub.com\/wp-content\/uploads\/2016\/08\/Tai-Chi-Sabre-3l.pdf\">Liste des mouvements<\/a><\/p>\n<p style=\"text-align: left;\"><strong>Fast\u00a0Tai Chi Form &#8211; <\/strong><a href=\"https:\/\/www.taichiclub.com\/wp-content\/uploads\/2025\/11\/fast-taichi-gc.pdf\">Liste des mouvements<\/a><\/p>\n<p style=\"text-align: left;\"><strong>Eyebrow stick\u00a0Form &#8211; <\/strong><a href=\"https:\/\/www.taichiclub.com\/wp-content\/uploads\/2018\/07\/eyebrow-stick-form-bi.pdf\">Liste des mouvements (Anglais)<\/a><\/p>\n[\/mk_fancy_title][\/vc_column][vc_column width=\u00a0\u00bb1\/6&Prime;][\/vc_column][\/vc_row][vc_row][vc_column][\/vc_column][\/vc_row]\n<\/div>","protected":false},"excerpt":{"rendered":"<p>[vc_row][vc_column width=\u00a0\u00bb1\/12&Prime;][\/vc_column][vc_column width=\u00a0\u00bb10\/12&Prime;][mk_image_slideshow images=\u00a0\u00bb12441,12443,12445&Prime; image_width=\u00a0\u00bb1097&Prime; image_height=\u00a0\u00bb470&Prime;][\/vc_column][vc_column width=\u00a0\u00bb1\/12&Prime;][\/vc_column][\/vc_row][vc_row][vc_column width=\u00a0\u00bb1\/6&Prime;][\/vc_column][vc_column width=\u00a0\u00bb2\/3&Prime;][vc_empty_space height=\u00a0\u00bb50&Prime;][mk_fancy_title font_family=\u00a0\u00bbnone\u00a0\u00bb] Les formes enseign\u00e9es [\/mk_fancy_title][vc_column_text css=\u00a0\u00bb.vc_custom_1647547051930{margin-bottom: 0px !important;}\u00a0\u00bb] Le Club de Tai Chi enseigne la forme Yang traditionnelle de 108 mouvements (81 sans les r\u00e9p\u00e9titions) bas\u00e9e sur l\u2019enseignement de Sifu Chui Oi Ching Grace, 3e g\u00e9n\u00e9ration du Grand Ma\u00eetre Tung Ying-chieh. Les autres formes enseign\u00e9es [&hellip;]<\/p>\n","protected":false},"author":6,"featured_media":0,"parent":0,"menu_order":0,"comment_status":"closed","ping_status":"closed","template":"","meta":{"inline_featured_image":false,"footnotes":""},"class_list":["post-16004","page","type-page","status-publish","hentry"],"_links":{"self":[{"href":"https:\/\/www.taichiclub.com\/fr\/wp-json\/wp\/v2\/pages\/16004","targetHints":{"allow":["GET"]}}],"collection":[{"href":"https:\/\/www.taichiclub.com\/fr\/wp-json\/wp\/v2\/pages"}],"about":[{"href":"https:\/\/www.taichiclub.com\/fr\/wp-json\/wp\/v2\/types\/page"}],"author":[{"embeddable":true,"href":"https:\/\/www.taichiclub.com\/fr\/wp-json\/wp\/v2\/users\/6"}],"replies":[{"embeddable":true,"href":"https:\/\/www.taichiclub.com\/fr\/wp-json\/wp\/v2\/comments?post=16004"}],"version-history":[{"count":27,"href":"https:\/\/www.taichiclub.com\/fr\/wp-json\/wp\/v2\/pages\/16004\/revisions"}],"predecessor-version":[{"id":22727,"href":"https:\/\/www.taichiclub.com\/fr\/wp-json\/wp\/v2\/pages\/16004\/revisions\/22727"}],"wp:attachment":[{"href":"https:\/\/www.taichiclub.com\/fr\/wp-json\/wp\/v2\/media?parent=16004"}],"curies":[{"name":"wp","href":"https:\/\/api.w.org\/{rel}","templated":true}]}}