{"id":20805,"date":"2021-08-15T22:12:59","date_gmt":"2021-08-16T02:12:59","guid":{"rendered":"https:\/\/taichiclub.com\/?page_id=20805"},"modified":"2021-09-17T23:24:54","modified_gmt":"2021-09-18T03:24:54","slug":"a21","status":"publish","type":"page","link":"https:\/\/www.taichiclub.com\/fr\/select-your-classes\/a21\/","title":{"rendered":"Grille horaire Automne 2021"},"content":{"rendered":"<div class=\"wpb-content-wrapper\">[vc_row][vc_column][vc_column_text css=\u00a0\u00bb.vc_custom_1629080044384{margin-bottom: 0px !important;}\u00a0\u00bb]\n<h3 style=\"text-align: center;\"><strong>SESSION AUTOMNE<\/strong><\/h3>\n<h3 style=\"text-align: center;\"><strong>GRILLE HORAIRE \u2013 CLASSES VIRTUELLES &amp; PR\u00c9SENTIELLES<\/strong><\/h3>\n[\/vc_column_text][vc_row_inner][vc_column_inner][vc_empty_space][vc_column_text css=\u00a0\u00bb.vc_custom_1629319415968{margin-bottom: 0px !important;}\u00a0\u00bb]\n<p style=\"text-align: center;\"><strong>Instructions COVID-19<\/strong><\/p>\n<p style=\"text-align: left;\">La pand\u00e9mie n\u2019\u00e9tant pas termin\u00e9e, <strong>il<\/strong> <strong>est important pour nous que tous se sentent en s\u00e9curit\u00e9 lorsqu\u2019ils suivent nos cours. Pour assurer la s\u00e9curit\u00e9 de tous, nous avons d\u00e9cid\u00e9 de demander aux \u00e9tudiants qui s\u2019inscrivent pour des cours en pr\u00e9sentiel d\u2019avoir re\u00e7u leurs deux doses de vaccins. <\/strong>Le masque ne sera pas exig\u00e9 lorsqu&rsquo;on pratiquera et que l&rsquo;on garde une distanciation de deux m\u00e8tres. Lors d&rsquo;assistance qui demande d&rsquo;\u00eatre plus rapproch\u00e9e, les instructeurs pourraient mettre leur masque. Le masque sera cependant exig\u00e9 lorsqu&rsquo;on circulera dans les cours, par exemple \u00e0 l&rsquo;arriv\u00e9e et \u00e0 la sortie et dans les pauses. Veuillez noter que nous nous ajusterons si de nouvelles restrictions\/exigences sont mises en place par le gouvernement.<\/p>\n<p>Nous sugg\u00e9rons \u00e0 celles et ceux qui n\u2019ont pas re\u00e7u les deux doses de vaccins de s\u2019inscrire \u00e0 nos cours en ligne.[\/vc_column_text][\/vc_column_inner][\/vc_row_inner][\/vc_column][vc_column width=\u00a0\u00bb3\/4&Prime;][mk_table][mk_table]\n<table style=\"height: 100%;\" width=\"100%\">\n<thead>\n<tr>\n<th width=\"90\"><strong>Heures<\/strong><\/th>\n<th width=\"162\">Lundi<\/th>\n<th width=\"162\">Mardi<\/th>\n<th width=\"162\">Mercredi<\/th>\n<th width=\"162\">Jeudi<\/th>\n<th width=\"162\">Vendredi<\/th>\n<th width=\"162\">Samedi<\/th>\n<\/tr>\n<\/thead>\n<tbody>\n<tr>\n<td><strong>9h45\u201310h45<\/strong><\/td>\n<td>Tai Chi<br \/>\n<strong><a href=\"https:\/\/www.taichiclub.com\/fr\/?p=17486\">D\u00e9butant (55+)<\/a><\/strong><br \/>\n<span class=\"location\">Brossard \/ Radisson<\/span>[mk_button size=\u00a0\u00bbsmall\u00a0\u00bb align=\u00a0\u00bbcenter\u00a0\u00bb\u00a0margin_right=\u00a0\u00bb0&Prime; dimension=\u00a0\u00bbflat\u00a0\u00bb url=\u00a0\u00bb?add-to-cart=17486&Prime;]AJOUTER AU PANIER[\/mk_button]<\/td>\n<td>Tai Chi<br \/>\n<strong><a href=\"https:\/\/www.taichiclub.com\/fr\/?p=18005\">Continu (55+)<\/a><\/strong><br \/>\n<span class=\"location\">Brossard \/ Radisson<\/span>[mk_button size=\u00a0\u00bbsmall\u00a0\u00bb align=\u00a0\u00bbcenter\u00a0\u00bb\u00a0margin_right=\u00a0\u00bb0&Prime; dimension=\u00a0\u00bbflat\u00a0\u00bb url=\u00a0\u00bb?add-to-cart=18005&Prime;]AJOUTER AU PANIER[\/mk_button]<\/td>\n<td><\/td>\n<td><\/td>\n<td>Qi Gong<br \/>\n<strong><a href=\"https:\/\/www.taichiclub.com\/fr\/?p=18357\">Tous les niveaux (55+)<\/a><\/strong><br \/>\n<span class=\"location\">Brossard \/ Radisson<\/span>[mk_button size=\u00a0\u00bbsmall\u00a0\u00bb align=\u00a0\u00bbcenter\u00a0\u00bb\u00a0margin_right=\u00a0\u00bb0&Prime; dimension=\u00a0\u00bbflat\u00a0\u00bb url=\u00a0\u00bb?add-to-cart=18357&Prime;]AJOUTER AU PANIER[\/mk_button]<\/td>\n<td>Tai Chi<br \/>\n<strong><a href=\"https:\/\/www.taichiclub.com\/fr\/?p=15014\">D\u00e9butants<\/a><\/strong><br \/>\n<span class=\"location\">Brossard \/ G. Vignal<\/span>[mk_button size=\u00a0\u00bbsmall\u00a0\u00bb align=\u00a0\u00bbcenter\u00a0\u00bb\u00a0margin_right=\u00a0\u00bb0&Prime; dimension=\u00a0\u00bbflat\u00a0\u00bb url=\u00a0\u00bb?add-to-cart=15014&Prime;]AJOUTER AU PANIER[\/mk_button]<\/td>\n<\/tr>\n<tr>\n<td><strong>9h45\u201310h45<\/strong><\/td>\n<td><\/td>\n<td><\/td>\n<td><\/td>\n<td><\/td>\n<td>Qi Gong<br \/>\n<strong><a href=\"https:\/\/www.taichiclub.com\/fr\/?p=20802\">Tous les niveaux<\/a><\/strong><br \/>\n<span class=\"location\">Virtuel<\/span>[mk_button size=\u00a0\u00bbsmall\u00a0\u00bb align=\u00a0\u00bbcenter\u00a0\u00bb\u00a0margin_right=\u00a0\u00bb0&Prime; dimension=\u00a0\u00bbflat\u00a0\u00bb url=\u00a0\u00bb?add-to-cart=20802&Prime;]AJOUTER AU PANIER[\/mk_button]<\/td>\n<td>Tai Chi<br \/>\n<strong><a href=\"https:\/\/www.taichiclub.com\/fr\/?p=15048\">Partie 2<\/a><\/strong><br \/>\n<span class=\"location\">Brossard \/ G. Vignal<\/span>[mk_button size=\u00a0\u00bbsmall\u00a0\u00bb align=\u00a0\u00bbcenter\u00a0\u00bb\u00a0margin_right=\u00a0\u00bb0&Prime; dimension=\u00a0\u00bbflat\u00a0\u00bb url=\u00a0\u00bb?add-to-cart=15048&Prime;]AJOUTER AU PANIER[\/mk_button]<\/td>\n<\/tr>\n<tr>\n<td><strong>9h45\u201310h45<\/strong><\/td>\n<td><\/td>\n<td><\/td>\n<td><\/td>\n<td><\/td>\n<td><\/td>\n<td>Tai Chi<br \/>\n<strong><a href=\"https:\/\/www.taichiclub.com\/fr\/?p=15077\">Continu<\/a><\/strong><br \/>\n<span class=\"location\">Brossard \/ G. Vignal<\/span>[mk_button size=\u00a0\u00bbsmall\u00a0\u00bb align=\u00a0\u00bbcenter\u00a0\u00bb\u00a0margin_right=\u00a0\u00bb0&Prime; dimension=\u00a0\u00bbflat\u00a0\u00bb url=\u00a0\u00bb?add-to-cart=15077&Prime;]AJOUTER AU PANIER[\/mk_button]<\/td>\n<\/tr>\n<tr>\n<td><\/td>\n<td><\/td>\n<td><\/td>\n<td><\/td>\n<td><\/td>\n<td><\/td>\n<td><\/td>\n<\/tr>\n<tr>\n<td><\/td>\n<td><\/td>\n<td><\/td>\n<td><\/td>\n<td><\/td>\n<td><\/td>\n<td><\/td>\n<\/tr>\n<tr>\n<td><strong>11h00\u201312h00<\/strong><\/td>\n<td>Tai Chi<br \/>\n<strong><a href=\"https:\/\/www.taichiclub.com\/fr\/?p=15091\">Continu (55+)<\/a><\/strong><br \/>\n<span class=\"location\">Brossard \/ Radisson<\/span>[mk_button size=\u00a0\u00bbsmall\u00a0\u00bb align=\u00a0\u00bbcenter\u00a0\u00bb\u00a0margin_right=\u00a0\u00bb0&Prime; dimension=\u00a0\u00bbflat\u00a0\u00bb url=\u00a0\u00bb?add-to-cart=15091&Prime;]AJOUTER AU PANIER[\/mk_button]<\/td>\n<td>Qi Gong<br \/>\n<strong><a href=\"https:\/\/www.taichiclub.com\/fr\/?p=14057\">Tous les niveaux (55+)<\/a><\/strong><br \/>\n<span class=\"location\">Brossard \/ Radisson<\/span>[mk_button size=\u00a0\u00bbsmall\u00a0\u00bb align=\u00a0\u00bbcenter\u00a0\u00bb margin_right=\u00a0\u00bb0&Prime; dimension=\u00a0\u00bbflat\u00a0\u00bb url=\u00a0\u00bb?add-to-cart=14057&Prime;]AJOUTER AU PANIER[\/mk_button]<\/td>\n<td>Tai Chi<br \/>\n<strong><a href=\"https:\/\/www.taichiclub.com\/fr\/?p=17039\">Partie 3 (55+)<\/a><\/strong><br \/>\n<span class=\"location\">Brossard \/ Radisson<\/span>[mk_button size=\u00a0\u00bbsmall\u00a0\u00bb align=\u00a0\u00bbcenter\u00a0\u00bb\u00a0margin_right=\u00a0\u00bb0&Prime; dimension=\u00a0\u00bbflat\u00a0\u00bb url=\u00a0\u00bb?add-to-cart=17039&Prime;]AJOUTER AU PANIER[\/mk_button]<\/td>\n<td><\/td>\n<td>Tai Chi<br \/>\n<strong><a href=\"https:\/\/www.taichiclub.com\/fr\/?p=15089\">Continu (55+)<\/a><\/strong><br \/>\n<span class=\"location\">Brossard \/ Radisson<\/span>[mk_button size=\u00a0\u00bbsmall\u00a0\u00bb align=\u00a0\u00bbcenter\u00a0\u00bb\u00a0margin_right=\u00a0\u00bb0&Prime; dimension=\u00a0\u00bbflat\u00a0\u00bb url=\u00a0\u00bb?add-to-cart=15089&Prime;]AJOUTER AU PANIER[\/mk_button]<\/td>\n<td>Tai Chi<br \/>\n<strong><a href=\"https:\/\/www.taichiclub.com\/fr\/?p=14078\">Avanc\u00e9<\/a><\/strong><br \/>\n<span class=\"location\">Brossard \/ G. Vignal<\/span>[mk_button size=\u00a0\u00bbsmall\u00a0\u00bb align=\u00a0\u00bbcenter\u00a0\u00bb\u00a0margin_right=\u00a0\u00bb0&Prime; dimension=\u00a0\u00bbflat\u00a0\u00bb url=\u00a0\u00bb?add-to-cart=14078&Prime;]AJOUTER AU PANIER[\/mk_button]<\/td>\n<\/tr>\n<tr>\n<td><strong>11h00\u201312h00<\/strong><\/td>\n<td><\/td>\n<td><\/td>\n<td><\/td>\n<td><\/td>\n<td><\/td>\n<td><\/td>\n<\/tr>\n<tr>\n<td><\/td>\n<td><\/td>\n<td><\/td>\n<td><\/td>\n<td><\/td>\n<td><\/td>\n<td><\/td>\n<\/tr>\n<tr>\n<td><strong>18h30\u201319h30<\/strong><\/td>\n<td>Qi Gong<br \/>\n<strong><a href=\"https:\/\/www.taichiclub.com\/fr\/?p=20798\">Fondamental (Tous)<\/a><\/strong><br \/>\n<span class=\"location\">Virtuel<\/span>[mk_button size=\u00a0\u00bbsmall\u00a0\u00bb align=\u00a0\u00bbcenter\u00a0\u00bb\u00a0margin_right=\u00a0\u00bb0&Prime; dimension=\u00a0\u00bbflat\u00a0\u00bb url=\u00a0\u00bb?add-to-cart=20798&Prime;]AJOUTER AU PANIER[\/mk_button]<\/td>\n<td>Tai Chi<br \/>\n<strong><a href=\"https:\/\/www.taichiclub.com\/fr\/?p=15019\">D\u00e9butants<\/a><\/strong><br \/>\n<span class=\"location\">Mtl \/ Chinatown<\/span>[mk_button size=\u00a0\u00bbsmall\u00a0\u00bb align=\u00a0\u00bbcenter\u00a0\u00bb\u00a0margin_right=\u00a0\u00bb0&Prime; dimension=\u00a0\u00bbflat\u00a0\u00bb url=\u00a0\u00bb?add-to-cart=15019&Prime;]AJOUTER AU PANIER[\/mk_button]<\/td>\n<td><\/td>\n<td>Tai Chi<br \/>\n<strong><a href=\"https:\/\/www.taichiclub.com\/fr\/?p=15022\">D\u00e9butants<\/a><\/strong><br \/>\n<span class=\"location\">Mtl \/ Chinatown<\/span>[mk_button size=\u00a0\u00bbsmall\u00a0\u00bb align=\u00a0\u00bbcenter\u00a0\u00bb\u00a0margin_right=\u00a0\u00bb0&Prime; dimension=\u00a0\u00bbflat\u00a0\u00bb url=\u00a0\u00bb?add-to-cart=15022&Prime;]AJOUTER AU PANIER[\/mk_button]<\/td>\n<td><\/td>\n<td><\/td>\n<\/tr>\n<tr>\n<td><strong>18h30\u201319h30<\/strong><\/td>\n<td><\/td>\n<td>Tai Chi<br \/>\n<strong><a href=\"https:\/\/www.taichiclub.com\/fr\/?p=15050\">Partie 2<\/a><\/strong><br \/>\n<span class=\"location\">Mtl \/ Chinatown<\/span>[mk_button size=\u00a0\u00bbsmall\u00a0\u00bb align=\u00a0\u00bbcenter\u00a0\u00bb\u00a0margin_right=\u00a0\u00bb0&Prime; dimension=\u00a0\u00bbflat\u00a0\u00bb url=\u00a0\u00bb?add-to-cart=15050&Prime;]AJOUTER AU PANIER[\/mk_button]<\/td>\n<td><\/td>\n<td>Tai Chi<br \/>\n<strong><a href=\"https:\/\/www.taichiclub.com\/fr\/?p=15052\">Partie 2<\/a><\/strong><br \/>\n<span class=\"location\">Mtl \/ Chinatown<\/span>[mk_button size=\u00a0\u00bbsmall\u00a0\u00bb align=\u00a0\u00bbcenter\u00a0\u00bb\u00a0margin_right=\u00a0\u00bb0&Prime; dimension=\u00a0\u00bbflat\u00a0\u00bb url=\u00a0\u00bb?add-to-cart=15052&Prime;]AJOUTER AU PANIER[\/mk_button]<\/td>\n<td><\/td>\n<td><\/td>\n<\/tr>\n<tr>\n<td><strong>18h30\u201319h30<\/strong><\/td>\n<td><\/td>\n<td>Tai Chi<br \/>\n<strong><a href=\"https:\/\/www.taichiclub.com\/fr\/?p=15060\">Partie 3<\/a><\/strong><br \/>\n<span class=\"location\">Mtl \/ Chinatown<\/span>[mk_button size=\u00a0\u00bbsmall\u00a0\u00bb align=\u00a0\u00bbcenter\u00a0\u00bb\u00a0margin_right=\u00a0\u00bb0&Prime; dimension=\u00a0\u00bbflat\u00a0\u00bb url=\u00a0\u00bb?add-to-cart=15060&Prime;]AJOUTER AU PANIER[\/mk_button]<\/td>\n<td><\/td>\n<td>Tai Chi<br \/>\n<strong><a href=\"https:\/\/www.taichiclub.com\/fr\/?p=15086\">Continu<\/a><\/strong><br \/>\n<span class=\"location\">Mtl \/ Chinatown<\/span>[mk_button size=\u00a0\u00bbsmall\u00a0\u00bb align=\u00a0\u00bbcenter\u00a0\u00bb\u00a0margin_right=\u00a0\u00bb0&Prime; dimension=\u00a0\u00bbflat\u00a0\u00bb url=\u00a0\u00bb?add-to-cart=15086&Prime;]AJOUTER AU PANIER[\/mk_button]<\/td>\n<td><\/td>\n<td><\/td>\n<\/tr>\n<tr>\n<td><strong>18h30\u201319h30<\/strong><\/td>\n<td><\/td>\n<td>Tai Chi<br \/>\n<strong><a href=\"https:\/\/www.taichiclub.com\/fr\/?p=15083\">Continu<\/a><\/strong><br \/>\n<span class=\"location\">Mtl \/ Chinatown<\/span>[mk_button size=\u00a0\u00bbsmall\u00a0\u00bb align=\u00a0\u00bbcenter\u00a0\u00bb\u00a0margin_right=\u00a0\u00bb0&Prime; dimension=\u00a0\u00bbflat\u00a0\u00bb url=\u00a0\u00bb?add-to-cart=15083&Prime;]AJOUTER AU PANIER[\/mk_button]<\/td>\n<td><\/td>\n<td>Tai Chi<br \/>\n<strong><a href=\"https:\/\/www.taichiclub.com\/fr\/?p=15057\">Partie 3<\/a><\/strong><br \/>\n<span class=\"location\">Mtl \/ Chinatown<\/span>[mk_button size=\u00a0\u00bbsmall\u00a0\u00bb align=\u00a0\u00bbcenter\u00a0\u00bb\u00a0margin_right=\u00a0\u00bb0&Prime; dimension=\u00a0\u00bbflat\u00a0\u00bb url=\u00a0\u00bb?add-to-cart=15057&Prime;]AJOUTER AU PANIER[\/mk_button]<\/td>\n<td><\/td>\n<td><\/td>\n<\/tr>\n<tr>\n<td><strong>19h45\u201320h45<\/strong><\/td>\n<td>Tai Chi<br \/>\n<strong><a href=\"https:\/\/www.taichiclub.com\/fr\/?p=20699\">Partie 2+<\/a><\/strong><br \/>\n<span class=\"location\">Virtual<\/span>[mk_button size=\u00a0\u00bbsmall\u00a0\u00bb align=\u00a0\u00bbcenter\u00a0\u00bb margin_right=\u00a0\u00bb0&Prime; dimension=\u00a0\u00bbflat\u00a0\u00bb url=\u00a0\u00bb?add-to-cart=20699&Prime;]AJOUTER AU PANIER[\/mk_button]<\/td>\n<td>Tai Chi<br \/>\n<strong><a href=\"https:\/\/www.taichiclub.com\/fr\/?p=14619\">Avanc\u00e9<\/a><\/strong><br \/>\n<span class=\"location\">Mtl \/ Chinatown<\/span>[mk_button size=\u00a0\u00bbsmall\u00a0\u00bb align=\u00a0\u00bbcenter\u00a0\u00bb\u00a0margin_right=\u00a0\u00bb0&Prime; dimension=\u00a0\u00bbflat\u00a0\u00bb url=\u00a0\u00bb?add-to-cart=14619&Prime;]AJOUTER AU PANIER[\/mk_button]<\/td>\n<td><\/td>\n<td>Tai Chi<br \/>\n<strong><a href=\"https:\/\/www.taichiclub.com\/fr\/?p=15033\">Avanc\u00e9<\/a><\/strong><br \/>\n<span class=\"location\">Mtl \/ Chinatown<\/span>[mk_button size=\u00a0\u00bbsmall\u00a0\u00bb align=\u00a0\u00bbcenter\u00a0\u00bb\u00a0margin_right=\u00a0\u00bb0&Prime; dimension=\u00a0\u00bbflat\u00a0\u00bb url=\u00a0\u00bb?add-to-cart=15033&Prime;]AJOUTER AU PANIER[\/mk_button]<\/td>\n<td><\/td>\n<td><\/td>\n<\/tr>\n<tr>\n<td><\/td>\n<td><\/td>\n<td><\/td>\n<td><\/td>\n<td><\/td>\n<td><\/td>\n<td><\/td>\n<\/tr>\n<\/tbody>\n<\/table>\n[\/mk_table][\/vc_column][vc_column width=\u00a0\u00bb1\/4&Prime;][vc_row_inner][vc_column_inner][vc_column_text css=\u00a0\u00bb.vc_custom_1629170236550{margin-bottom: 0px !important;}\u00a0\u00bb]\n<h3><strong>DIMANCHE<\/strong><\/h3>\n<p>&nbsp;<\/p>\n<p><strong>Tai Chi &#8211; Virtuel \u00a0<a href=\"https:\/\/www.taichiclub.com\/fr\/?p=20782\" target=\"_blank\" rel=\"noopener\">Partie 3<\/a> <span class=\"location\">9:45-10:45<\/span><\/strong>[mk_button size=\u00a0\u00bbsmall\u00a0\u00bb align=\u00a0\u00bbcenter\u00a0\u00bb\u00a0margin_right=\u00a0\u00bb0&Prime; dimension=\u00a0\u00bbflat\u00a0\u00bb url=\u00a0\u00bb?add-to-cart=20782&Prime;]AJOUTER AU PANIER[\/mk_button]\n<p><strong>Qi Gong &#8211; Virtuel \u00a0<a href=\"https:\/\/www.taichiclub.com\/fr\/?p=20795\" target=\"_blank\" rel=\"noopener\">Tous<\/a> 11<span class=\"location\">:00-12:00<\/span><\/strong>[mk_button size=\u00a0\u00bbsmall\u00a0\u00bb align=\u00a0\u00bbcenter\u00a0\u00bb\u00a0margin_right=\u00a0\u00bb0&Prime; dimension=\u00a0\u00bbflat\u00a0\u00bb url=\u00a0\u00bb?add-to-cart=20795&Prime;]AJOUTER AU PANIER[\/mk_button][\/vc_column_text][\/vc_column_inner][\/vc_row_inner][vc_column_text css=\u00a0\u00bb.vc_custom_1629080149530{margin-bottom: 0px !important;}\u00a0\u00bb]\n<h3><\/h3>\n<h3>Description des cours<\/h3>\n<h4><\/h4>\n<h4>D\u00e9butants<\/h4>\n<p>Au niveau d\u00e9butant,\u00a0 l\u2019\u00e9tudiant apprend les principes de base et la premi\u00e8re partie de la forme Yang, soit les mouvements (1) \u00a0\u00ab Pr\u00e9parer \u00bb jusqu\u2019au mouvement (14) \u00ab Croiser les mains \u00bb\u00a0fin de la premi\u00e8re partie. Cette section repr\u00e9sente la premi\u00e8re partie des trois (3) parties qui composent la forme de Tai Chi Yang.<\/p>\n<h4>Partie 2<\/h4>\n<p>Le\u00a0niveau 2 est le d\u00e9but de la 2e partie et les mouvements enseign\u00e9s sont: (15) \u00ab Mener le tigre \u00e0 la montagne \u00bb\u00a0 jusqu\u2019\u00e0 la moiti\u00e9 de la partie 2. Le rythme est adapt\u00e9 au rythme du groupe.<\/p>\n<h4>Partie 2+<\/h4>\n<p>L\u2019apprentissage des mouvements du milieu de la partie 2 jusqu\u2019\u00e0 la fin de la deuxi\u00e8me partie \u00ab Croiser ses mains (30) \u00bb. Le rythme est adapt\u00e9 au rythme du groupe.<\/p>\n<h4>Partie 3<\/h4>\n<p>A la partie 3 \u00a0l\u2019\u00e9tudiant termine l\u2019apprentissage de la forme de Tai Chi Yang. A cette \u00e9tape l\u2019\u00e9tudiant (e) est familier avec plus de 75 % des mouvements, maitrise les d\u00e9placement, l\u2019attention est au moment pr\u00e9sent et le niveau d\u2019\u00e9nergie est grand. Les mouvements enseign\u00e9s sont (46) \u00ab Mener le tigre \u00e0 la montagne \u00bb jusqu\u2019\u00e0 la moiti\u00e9 de la partie 3.<\/p>\n<h4>Partie 3+<\/h4>\n<p>L\u2019\u00e9tudiant apprend du milieu de la 3e partie jusqu\u2019au mouvement (81) \u00ab Croiser ses mains \u00bb\u00a0fin de la forme Yang. Le rythme est adapt\u00e9 au rythme du groupe.<\/p>\n<h4>Continu<\/h4>\n<p>Le groupe Continu suit la partie 3. Les \u00e9tudiants ont appris la forme au\u00a0complet et approfondissent leur pratique en r\u00e9visant les principes. L\u2019instructeur propose des corrections, revois les mouvements et les principes de base et avanc\u00e9s.<\/p>\n<h4>Avanc\u00e9<\/h4>\n<p>Les \u00e9tudiants d\u00e9butent leur apprentissage des formes de Tai Chi avanc\u00e9s telle que le style Hao, le Fast Tai Chi, le Fa Jin, \u00a0l\u2019\u00e9p\u00e9e, le sabre, le b\u00e2ton double et le pousse-mains.<\/p>\n<h4>Qi Gong<\/h4>\n<p>Le Qi Gong est un exercice de circulation de l\u2019\u00e9nergie (Qi) pratiqu\u00e9 comme \u00e9chauffement avant de pratiquer les formes de Tai Chi ou comme exercice individuel pour am\u00e9liorer et maintenir la sant\u00e9.\u00a0Au Club de Tai Chi, nous enseignons principalement les 8 brocarts, les 9 Hu Ling, les Hard Qi Gong et le Qi Gong Sant\u00e9.[\/vc_column_text][\/vc_column][\/vc_row][vc_row][vc_column width=\u00a0\u00bb1\/12&Prime;][\/vc_column][vc_column width=\u00a0\u00bb10\/12&Prime;][vc_row_inner css=\u00a0\u00bb.vc_custom_1543699310666{border-top-width: 1px !important;border-right-width: 1px !important;border-bottom-width: 1px !important;border-left-width: 1px !important;padding-top: 35px !important;padding-right: 35px !important;padding-bottom: 35px !important;padding-left: 35px !important;border-left-color: #025ebe !important;border-left-style: solid !important;border-right-color: #025ebe !important;border-right-style: solid !important;border-top-color: #025ebe !important;border-top-style: solid !important;border-bottom-color: #025ebe !important;border-bottom-style: solid !important;border-radius: 3px !important;}\u00a0\u00bb][vc_column_inner][mk_fancy_title font_family=\u00a0\u00bbnone\u00a0\u00bb]\n<p style=\"text-align: center;\">Cours priv\u00e9s et de groupes<\/p>\n[\/mk_fancy_title][vc_column_text css=\u00a0\u00bb.vc_custom_1543699451000{margin-bottom: 0px !important;}\u00a0\u00bb]\n<p style=\"text-align: center;\">Des cours personnalis\u00e9s peuvent \u00eatre organis\u00e9s sur demande et selon la disponibilit\u00e9 des enseignants. Nous enseignons dans les centres communautaires, h\u00f4tels, \u00e9coles, maisons pour personnes \u00e2g\u00e9es et des h\u00f4pitaux.<\/p>\n<p style=\"text-align: center;\">Pour un groupe priv\u00e9 (1 \u00e0 5 participants) :<br \/>\n70$ par heure, 10$ par participant additionnel.<br \/>\nL&rsquo;organisateur doit fournir la salle.[\/vc_column_text][mk_button dimension=\u00a0\u00bbflat\u00a0\u00bb url=\u00a0\u00bbmailto:info@taichiclub.com\u00a0\u00bb align=\u00a0\u00bbcenter\u00a0\u00bb]Contactez-nous pour en savoir plus[\/mk_button][\/vc_column_inner][\/vc_row_inner][\/vc_column][vc_column width=\u00a0\u00bb1\/12&Prime;][\/vc_column][\/vc_row]\n<\/div>","protected":false},"excerpt":{"rendered":"<p>[vc_row][vc_column][vc_column_text css=\u00a0\u00bb.vc_custom_1629080044384{margin-bottom: 0px !important;}\u00a0\u00bb] SESSION AUTOMNE GRILLE HORAIRE \u2013 CLASSES VIRTUELLES &amp; PR\u00c9SENTIELLES [\/vc_column_text][vc_row_inner][vc_column_inner][vc_empty_space][vc_column_text css=\u00a0\u00bb.vc_custom_1629319415968{margin-bottom: 0px !important;}\u00a0\u00bb] Instructions COVID-19 La pand\u00e9mie n\u2019\u00e9tant pas termin\u00e9e, il est important pour nous que tous se sentent en s\u00e9curit\u00e9 lorsqu\u2019ils suivent nos cours. Pour assurer la s\u00e9curit\u00e9 de tous, nous avons d\u00e9cid\u00e9 de demander aux \u00e9tudiants qui s\u2019inscrivent pour [&hellip;]<\/p>\n","protected":false},"author":10,"featured_media":0,"parent":11313,"menu_order":0,"comment_status":"closed","ping_status":"closed","template":"","meta":{"inline_featured_image":false,"footnotes":""},"class_list":["post-20805","page","type-page","status-publish","hentry"],"_links":{"self":[{"href":"https:\/\/www.taichiclub.com\/fr\/wp-json\/wp\/v2\/pages\/20805","targetHints":{"allow":["GET"]}}],"collection":[{"href":"https:\/\/www.taichiclub.com\/fr\/wp-json\/wp\/v2\/pages"}],"about":[{"href":"https:\/\/www.taichiclub.com\/fr\/wp-json\/wp\/v2\/types\/page"}],"author":[{"embeddable":true,"href":"https:\/\/www.taichiclub.com\/fr\/wp-json\/wp\/v2\/users\/10"}],"replies":[{"embeddable":true,"href":"https:\/\/www.taichiclub.com\/fr\/wp-json\/wp\/v2\/comments?post=20805"}],"version-history":[{"count":32,"href":"https:\/\/www.taichiclub.com\/fr\/wp-json\/wp\/v2\/pages\/20805\/revisions"}],"predecessor-version":[{"id":21196,"href":"https:\/\/www.taichiclub.com\/fr\/wp-json\/wp\/v2\/pages\/20805\/revisions\/21196"}],"up":[{"embeddable":true,"href":"https:\/\/www.taichiclub.com\/fr\/wp-json\/wp\/v2\/pages\/11313"}],"wp:attachment":[{"href":"https:\/\/www.taichiclub.com\/fr\/wp-json\/wp\/v2\/media?parent=20805"}],"curies":[{"name":"wp","href":"https:\/\/api.w.org\/{rel}","templated":true}]}}