{"id":21360,"date":"2021-10-24T16:02:12","date_gmt":"2021-10-24T20:02:12","guid":{"rendered":"https:\/\/taichiclub.com\/registration-amilia\/"},"modified":"2026-04-12T22:47:45","modified_gmt":"2026-04-13T02:47:45","slug":"inscriptions","status":"publish","type":"page","link":"https:\/\/www.taichiclub.com\/fr\/inscriptions\/","title":{"rendered":"Inscriptions"},"content":{"rendered":"<div class=\"wpb-content-wrapper\">[vc_section][vc_row][vc_column][vc_column_text css=\u00a0\u00bb.vc_custom_1670953238868{margin-bottom: 0px !important;}\u00a0\u00bb]\n<h1 style=\"text-align: center;\">INSCRIPTION<\/h1>\n<h4 style=\"text-align: center;\">COURS\u00a0 EN PR\u00c9SENTIEL<\/h4>\n[\/vc_column_text][vc_column_text css=\u00a0\u00bb.vc_custom_1637961710563{margin-top: 50px !important;margin-bottom: 0px !important;}\u00a0\u00bb]\n<h2 style=\"text-align: center;\">Cours de Tai Chi et Qi Gong<\/h2>\n[\/vc_column_text][\/vc_column][\/vc_row][vc_row css=\u00a0\u00bb.vc_custom_1637960172136{margin-bottom: 50px !important;}\u00a0\u00bb][vc_column width=\u00a0\u00bb1\/2&Prime;][vc_column_text css=\u00a0\u00bb.vc_custom_1637961743432{margin-bottom: 0px !important;}\u00a0\u00bb]Le club de Tai Chi offre des cours de Tai Chi et de Qi Gong \u00e0 Montr\u00e9al dans le quartier chinois ou \u00e0 Brossard \u00e0 diff\u00e9rents endroits avec des instructeurs certifi\u00e9s. Des cours virtuels sont \u00e9galement offerts. Pour le Tai Chi, trois niveaux sont offerts aux \u00e9tudiants d\u00e9pendamment d\u2019o\u00f9 ils se trouvent dans leur parcours. Les cours de Qi Gong sont pour tous les niveaux.[\/vc_column_text][\/vc_column][vc_column width=\u00a0\u00bb1\/2&Prime;][vc_column_text css=\u00a0\u00bb.vc_custom_1637960069242{margin-bottom: 0px !important;}\u00a0\u00bb]Que vous soyez d\u00e9butant ou avanc\u00e9 dans votre pratique, le Tai Chi et le Qi Gong sont des pratiques qui vous permettent de d\u00e9velopper l\u2019\u00e9quilibre, la m\u00e9moire et augmente de fa\u00e7on g\u00e9n\u00e9rale la sant\u00e9.[\/vc_column_text][\/vc_column][\/vc_row][vc_row][vc_column][vc_separator css=\u00a0\u00bb\u00a0\u00bb][\/vc_column][\/vc_row][vc_row][vc_column][\/vc_column][\/vc_row][vc_row][vc_column width=\u00a0\u00bb1\/2&Prime;][vc_column_text css=\u00a0\u00bb.vc_custom_1773105305861{margin-bottom: 0px !important;}\u00a0\u00bb]\n<p class=\"p1\"><b>T-shirt officiel du Club de Tai Chi \u2013 \u00c9dition 2026<\/b><b><\/b><\/p>\n<p class=\"p3\">Manches longues \u2022 Bleu p\u00e2le<\/p>\n<p class=\"p3\">C\u00e9l\u00e9brez <span class=\"s1\"><b>l\u2019Ann\u00e9e du Cheval de Feu 2026<\/b><\/span> avec notre T-shirt exclusif du club de Tai Chi, orn\u00e9 d\u2019un logo comm\u00e9moratif sp\u00e9cial imprim\u00e9 au dos.<\/p>\n<p class=\"p3\">Confortable, simple et parfait pour la pratique comme pour tous les jours.<\/p>\n<p class=\"p1\"><b>Prix :<\/b><span class=\"s2\"> 20 $<\/span><\/p>\n<p class=\"p3\">Les T-shirts vous seront remis par votre enseignant(e) pendant le cours.<\/p>\n[\/vc_column_text][vc_btn title=\u00a0\u00bbCliquez ici pour achat\u00a0\u00bb style=\u00a0\u00bboutline\u00a0\u00bb color=\u00a0\u00bbprimary\u00a0\u00bb css=\u00a0\u00bb\u00a0\u00bb link=\u00a0\u00bburl:https%3A%2F%2Fapp.amilia.com%2Fstore%2Ffr%2Fle-club-de-taichi%2Fshop%2Fproducts%2F24891886|title:Tai%20Chi%20Club%20-%20T-shirt%20-%20Cheval%20de%20Feu%202026|target:_blank\u00a0\u00bb][vc_column_text css=\u00a0\u00bb.vc_custom_1637960886815{margin-bottom: 0px !important;}\u00a0\u00bb][\/vc_column_text][\/vc_column][vc_column width=\u00a0\u00bb1\/2&Prime;][vc_column_text css=\u00a0\u00bb.vc_custom_1776038370941{margin-bottom: 0px !important;}\u00a0\u00bb]\n<h1 class=\"shortcode-heading mk-fancy-title pattern-style align-left \">Ma\u00eetre Alex Dong &#8211; Atelier Tai Chi &#8211; 22 au 24 mai, 2026<\/h1>\n[\/vc_column_text][vc_column_text margin_bottom=\u00a0\u00bb0&Prime; css=\u00a0\u00bb.vc_custom_1776048456101{margin-bottom: 0px !important;}\u00a0\u00bb]<span class=\"size\">Tai Chi traditionnel style Yang, Fast Tai Chi et Pousse mains&nbsp;<\/span>[\/vc_column_text][vc_single_image image=\u00a0\u00bb22861&Prime; img_size=\u00a0\u00bbfull\u00a0\u00bb css=\u00a0\u00bb\u00a0\u00bb][vc_btn title=\u00a0\u00bbInscrivez-vous maintenant!\u00a0\u00bb style=\u00a0\u00bboutline\u00a0\u00bb color=\u00a0\u00bbprimary\u00a0\u00bb css=\u00a0\u00bb\u00a0\u00bb link=\u00a0\u00bburl:https%3A%2F%2Fapp.amilia.com%2Fstore%2Ffr%2Fle-club-de-taichi%2Fshop%2Fprograms%2F130327%3FsubCategoryIds%3D6765746|title:Master%20Alex%20Workshop|target:_blank\u00a0\u00bb][\/vc_column][\/vc_row][vc_row][vc_column][vc_separator css=\u00a0\u00bb\u00a0\u00bb][\/vc_column][\/vc_row][vc_row][vc_column width=\u00a0\u00bb1\/2&Prime;][vc_column_text css=\u00a0\u00bb.vc_custom_1773104415387{margin-bottom: 0px !important;}\u00a0\u00bb]\n<h1 class=\"shortcode-heading mk-fancy-title pattern-style align-left \">SESSION PRINTEMPS 2026 &#8211; MONTR\u00c9AL<\/h1>\n[\/vc_column_text][vc_single_image image=\u00a0\u00bb22038&Prime; img_size=\u00a0\u00bbfull\u00a0\u00bb][vc_btn title=\u00a0\u00bbInscrivez-vous maintenant!\u00a0\u00bb style=\u00a0\u00bboutline\u00a0\u00bb color=\u00a0\u00bbprimary\u00a0\u00bb css=\u00a0\u00bb\u00a0\u00bb link=\u00a0\u00bburl:https%3A%2F%2Fapp.amilia.com%2Fstore%2Ffr%2Fle-club-de-taichi%2Fshop%2Fprograms%2F128218|title:Tai%20Chi%20Club%20-%20MONTREAL|target:_blank\u00a0\u00bb][\/vc_column][vc_column width=\u00a0\u00bb1\/2&Prime;][vc_column_text css=\u00a0\u00bb.vc_custom_1773104456244{margin-bottom: 0px !important;}\u00a0\u00bb]\n<h1 class=\"shortcode-heading mk-fancy-title pattern-style align-left \">SESSION PRINTEMPS 2026 &#8211; BROSSARD<\/h1>\n[\/vc_column_text][vc_single_image image=\u00a0\u00bb22034&Prime; img_size=\u00a0\u00bbfull\u00a0\u00bb][vc_btn title=\u00a0\u00bbInscrivez-vous maintenant!\u00a0\u00bb style=\u00a0\u00bboutline\u00a0\u00bb color=\u00a0\u00bbprimary\u00a0\u00bb css=\u00a0\u00bb\u00a0\u00bb link=\u00a0\u00bburl:https%3A%2F%2Fapp.amilia.com%2Fstore%2Ffr%2Fle-club-de-taichi%2Fshop%2Fprograms%2F128218|title:Tai%20Chi%20Club%20-%20BROSSARD|target:_blank\u00a0\u00bb][\/vc_column][\/vc_row][vc_row disable_element=\u00a0\u00bbyes\u00a0\u00bb][vc_column width=\u00a0\u00bb1\/2&Prime;][vc_column_text css=\u00a0\u00bb.vc_custom_1690851589630{margin-bottom: 0px !important;}\u00a0\u00bb]\n<h1 class=\"shortcode-heading mk-fancy-title pattern-style align-left \">PORTES OUVERTES &#8211; BROSSARD<\/h1>\n[\/vc_column_text][vc_single_image image=\u00a0\u00bb22105&Prime; img_size=\u00a0\u00bbfull\u00a0\u00bb][vc_btn title=\u00a0\u00bbInscrivez-vous maintenant!\u00a0\u00bb style=\u00a0\u00bboutline\u00a0\u00bb color=\u00a0\u00bbprimary\u00a0\u00bb link=\u00a0\u00bburl:https%3A%2F%2Fapp.amilia.com%2Fstore%2Fen%2Fle-club-de-taichi%2Fshop%2Fprograms%2F83323%3FsubCategoryIds%3D4604602|title:Tai%20Chi%20Club%20-%20MONTREAL|target:_blank\u00a0\u00bb][vc_column_text css=\u00a0\u00bb.vc_custom_1637959093973{margin-bottom: 0px !important;}\u00a0\u00bb][\/vc_column_text][\/vc_column][vc_column width=\u00a0\u00bb1\/2&Prime;][vc_column_text css=\u00a0\u00bb.vc_custom_1690851605767{margin-bottom: 0px !important;}\u00a0\u00bb]\n<h1 class=\"shortcode-heading mk-fancy-title pattern-style align-left \">PORTES OUVERTES &#8211; MONTR\u00c9AL<\/h1>\n[\/vc_column_text][vc_single_image image=\u00a0\u00bb22056&Prime; img_size=\u00a0\u00bbfull\u00a0\u00bb][vc_btn title=\u00a0\u00bbInscrivez-vous maintenant!\u00a0\u00bb style=\u00a0\u00bboutline\u00a0\u00bb color=\u00a0\u00bbprimary\u00a0\u00bb link=\u00a0\u00bburl:https%3A%2F%2Fapp.amilia.com%2Fstore%2Fen%2Fle-club-de-taichi%2Fshop%2Fprograms%2F83323%3FsubCategoryIds%3D4604611|title:Tai%20Chi%20Club|target:_blank\u00a0\u00bb][vc_column_text css=\u00a0\u00bb.vc_custom_1637959085323{margin-bottom: 0px !important;}\u00a0\u00bb][\/vc_column_text][\/vc_column][\/vc_row][vc_row disable_element=\u00a0\u00bbyes\u00a0\u00bb][vc_column width=\u00a0\u00bb1\/2&Prime;][vc_column_text css=\u00a0\u00bb.vc_custom_1683553312723{margin-bottom: 0px !important;}\u00a0\u00bb]\n<h1 class=\"shortcode-heading mk-fancy-title pattern-style align-left \">\u00c9T\u00c9 \u2013 ACTIVIT\u00c9S OUVERTES ET GRATUITES AU GRAND PUBLIC !<\/h1>\n[\/vc_column_text][vc_single_image image=\u00a0\u00bb22014&Prime; img_size=\u00a0\u00bbfull\u00a0\u00bb][vc_btn title=\u00a0\u00bbDates &amp; Lieux\u00a0\u00bb style=\u00a0\u00bb3d\u00a0\u00bb color=\u00a0\u00bbprimary\u00a0\u00bb link=\u00a0\u00bburl:https%3A%2F%2Ftaichiclub.com%2Ffr%2Fete-2023-activites-ouvertes-au-grand-public-gratuit%2F|title:Tai%20Chi%20Club%20-%20MONTREAL|target:_blank\u00a0\u00bb][vc_empty_space][\/vc_column][vc_column width=\u00a0\u00bb1\/2&Prime;][vc_column_text css=\u00a0\u00bb.vc_custom_1683553430295{margin-bottom: 0px !important;}\u00a0\u00bb]\n<h1 class=\"shortcode-heading mk-fancy-title pattern-style align-left \">\u00c9T\u00c9 &#8211; ACTIVIT\u00c9S POUR MEMBRES SEULEMENT<\/h1>\n[\/vc_column_text][vc_single_image image=\u00a0\u00bb22012&Prime; img_size=\u00a0\u00bbfull\u00a0\u00bb][vc_btn title=\u00a0\u00bbDates &amp; Lieux\u00a0\u00bb style=\u00a0\u00bb3d\u00a0\u00bb color=\u00a0\u00bbprimary\u00a0\u00bb link=\u00a0\u00bburl:https%3A%2F%2Ftaichiclub.com%2Ffr%2Fmembres%2F|title:Tai%20Chi%20Club%20-%20BROSSARD\u00a0\u00bb][\/vc_column][\/vc_row][vc_row][vc_column][vc_column_text css=\u00a0\u00bb.vc_custom_1649979183439{margin-bottom: 0px !important;}\u00a0\u00bb]Mon compte Amilia SmartREC\u00a9<\/p>\n<p>Voir vos cours, factures et g\u00e9rer votre compte Amilia[\/vc_column_text][vc_btn title=\u00a0\u00bbAccueil Amilia\u00a0\u00bb style=\u00a0\u00bboutline\u00a0\u00bb color=\u00a0\u00bbprimary\u00a0\u00bb link=\u00a0\u00bburl:https%3A%2F%2Fwww.amilia.com%2FUserAccount%2Ffr|title:Accueil\u00a0\u00bb][\/vc_column][\/vc_row][\/vc_section][vc_row][vc_column][vc_column_text css=\u00a0\u00bb.vc_custom_1690851899804{margin-top: 50px !important;margin-bottom: 0px !important;}\u00a0\u00bb]\n<h2 style=\"text-align: center;\"><strong>Cours priv\u00e9s et de groupes<\/strong><\/h2>\n<p style=\"text-align: center;\">Des cours personnalis\u00e9s peuvent \u00eatre organis\u00e9s sur demande et selon la disponibilit\u00e9 des enseignants.<br \/>\nNous enseignons dans les centres communautaires, h\u00f4tels, \u00e9coles, maisons pour personnes \u00e2g\u00e9es et des h\u00f4pitaux.[\/vc_column_text][mk_table]\n<table width=\"100%\">\n<thead>\n<tr>\n<th>Cours priv\u00e9<\/th>\n<th>Groupe priv\u00e9<\/th>\n<\/tr>\n<\/thead>\n<tbody>\n<tr>\n<td>\n<p style=\"text-align: center;\">Pour un cours priv\u00e9 (1 \u00e0 5 participants) :<br \/>\n100$ par heure.<br \/>\nL\u2019organisateur doit fournir la salle.<\/td>\n<td>\n<p style=\"text-align: center;\">Pour un groupe priv\u00e9 (5 \u00e0 10 participants) :<br \/>\n100$ &#8211; 120$ par heure.<br \/>\nL\u2019organisateur doit fournir la salle.<\/td>\n<\/tr>\n<\/tbody>\n<\/table>\n[\/mk_table][vc_btn title=\u00a0\u00bbContactez-nous pour en savoir plus\u00a0\u00bb style=\u00a0\u00bboutline\u00a0\u00bb color=\u00a0\u00bbprimary\u00a0\u00bb align=\u00a0\u00bbcenter\u00a0\u00bb link=\u00a0\u00bburl:mailto%3Ainfo%40taichiclub.com%3Fsubject%3DCours%20priv%C3%A9s%20et%20de%20groupes\u00a0\u00bb][\/vc_column][\/vc_row][vc_row css=\u00a0\u00bb.vc_custom_1636297830742{margin-top: 5px !important;margin-right: 5px !important;margin-bottom: 2px !important;margin-left: 5px !important;}\u00a0\u00bb][vc_column border_color=\u00a0\u00bb#1e73be\u00a0\u00bb blend_mode=\u00a0\u00bbmultiply\u00a0\u00bb][vc_column_text css=\u00a0\u00bb.vc_custom_1635261869636{margin-bottom: 0px !important;}\u00a0\u00bb][\/vc_column_text][vc_separator color=\u00a0\u00bbcustom\u00a0\u00bb border_width=\u00a0\u00bb3&Prime; css=\u00a0\u00bb.vc_custom_1636299591924{margin-top: 100px !important;}\u00a0\u00bb accent_color=\u00a0\u00bb#b7bfce\u00a0\u00bb][vc_column_text css=\u00a0\u00bb.vc_custom_1723166400862{margin-top: 50px !important;margin-bottom: 50px !important;}\u00a0\u00bb]\n<h4 style=\"text-align: center;\"><b>COVID-19 ET AUTRES MALADIES RESPIRATOIRES<\/b><\/h4>\n<p class=\"\" style=\"text-align: center;\"><span class=\"highlight\"><span class=\"colour\"><span class=\"font\">Il est important que les \u00e9tudiants et instructeurs se sentent en s\u00e9curit\u00e9 dans les classes. On vous demande d\u2019\u00eatre prudent dans la classe et de prendre en consid\u00e9ration vos coll\u00e8gues.<\/span><\/span><\/span><\/p>\n<p class=\"\" style=\"text-align: center;\"><span class=\"highlight\"><span class=\"colour\"><span class=\"font\"><b>Veuillez<\/b>\u00a0<b>ne pas vous pr\u00e9senter en classe si vous avez des sympt\u00f4mes de grippe, rhume ou de COVID-19<\/b><\/span><\/span><\/span><\/p>\n[\/vc_column_text][vc_separator color=\u00a0\u00bbcustom\u00a0\u00bb border_width=\u00a0\u00bb3&Prime; css=\u00a0\u00bb.vc_custom_1636299616845{margin-top: 0px !important;}\u00a0\u00bb accent_color=\u00a0\u00bb#b7bfce\u00a0\u00bb][\/vc_column][\/vc_row]\n<\/div>","protected":false},"excerpt":{"rendered":"<p>[vc_section][vc_row][vc_column][vc_column_text css=\u00a0\u00bb.vc_custom_1670953238868{margin-bottom: 0px !important;}\u00a0\u00bb] INSCRIPTION COURS\u00a0 EN PR\u00c9SENTIEL [\/vc_column_text][vc_column_text css=\u00a0\u00bb.vc_custom_1637961710563{margin-top: 50px !important;margin-bottom: 0px !important;}\u00a0\u00bb] Cours de Tai Chi et Qi Gong [\/vc_column_text][\/vc_column][\/vc_row][vc_row css=\u00a0\u00bb.vc_custom_1637960172136{margin-bottom: 50px !important;}\u00a0\u00bb][vc_column width=\u00a0\u00bb1\/2&Prime;][vc_column_text css=\u00a0\u00bb.vc_custom_1637961743432{margin-bottom: 0px !important;}\u00a0\u00bb]Le club de Tai Chi offre des cours de Tai Chi et de Qi Gong \u00e0 Montr\u00e9al dans le quartier chinois ou \u00e0 Brossard \u00e0 diff\u00e9rents endroits [&hellip;]<\/p>\n","protected":false},"author":6,"featured_media":0,"parent":0,"menu_order":0,"comment_status":"closed","ping_status":"closed","template":"","meta":{"inline_featured_image":false,"footnotes":""},"class_list":["post-21360","page","type-page","status-publish","hentry"],"_links":{"self":[{"href":"https:\/\/www.taichiclub.com\/fr\/wp-json\/wp\/v2\/pages\/21360","targetHints":{"allow":["GET"]}}],"collection":[{"href":"https:\/\/www.taichiclub.com\/fr\/wp-json\/wp\/v2\/pages"}],"about":[{"href":"https:\/\/www.taichiclub.com\/fr\/wp-json\/wp\/v2\/types\/page"}],"author":[{"embeddable":true,"href":"https:\/\/www.taichiclub.com\/fr\/wp-json\/wp\/v2\/users\/6"}],"replies":[{"embeddable":true,"href":"https:\/\/www.taichiclub.com\/fr\/wp-json\/wp\/v2\/comments?post=21360"}],"version-history":[{"count":142,"href":"https:\/\/www.taichiclub.com\/fr\/wp-json\/wp\/v2\/pages\/21360\/revisions"}],"predecessor-version":[{"id":22876,"href":"https:\/\/www.taichiclub.com\/fr\/wp-json\/wp\/v2\/pages\/21360\/revisions\/22876"}],"wp:attachment":[{"href":"https:\/\/www.taichiclub.com\/fr\/wp-json\/wp\/v2\/media?parent=21360"}],"curies":[{"name":"wp","href":"https:\/\/api.w.org\/{rel}","templated":true}]}}