{"id":21813,"date":"2022-11-28T12:43:22","date_gmt":"2022-11-28T17:43:22","guid":{"rendered":"https:\/\/taichiclub.com\/?page_id=21813"},"modified":"2022-12-15T08:30:16","modified_gmt":"2022-12-15T13:30:16","slug":"session-hiver-2023","status":"publish","type":"page","link":"https:\/\/www.taichiclub.com\/fr\/session-hiver-2023\/","title":{"rendered":"Session d&rsquo;hiver 2023"},"content":{"rendered":"<div class=\"wpb-content-wrapper\">[vc_row][vc_column][vc_column_text css=\u00a0\u00bb.vc_custom_1669658386364{margin-bottom: 0px !important;}\u00a0\u00bb]\n<p style=\"text-align: center;\"><span style=\"color: #000000; font-family: Arial; font-size: medium;\"><b>16 JANVIER 2023 AU 7 AVRIL 2023<\/b><\/span><\/p>\n[\/vc_column_text][vc_btn title=\u00a0\u00bb&gt;&gt; Inscription &lt;&lt;\u00a0\u00bb color=\u00a0\u00bbsky\u00a0\u00bb size=\u00a0\u00bblg\u00a0\u00bb align=\u00a0\u00bbcenter\u00a0\u00bb link=\u00a0\u00bburl:https%3A%2F%2Ftaichiclub.com%2Ffr%2Finscriptions%2F|title:Inscription\u00a0\u00bb][mk_table]\n<table width=\"100%\" cellspacing=\"1\" cellpadding=\"3\">\n<tbody>\n<tr>\n<td colspan=\"5\" valign=\"middle\"><b>BROSSARD<\/b><\/td>\n<\/tr>\n<tr>\n<td colspan=\"5\" valign=\"middle\"><b>Chalet du Parc Radisson<\/b><\/td>\n<\/tr>\n<tr>\n<td style=\"text-align: left;\" valign=\"middle\">Tai Chi &#8211; Interm\u00e9diaire<\/td>\n<td style=\"text-align: left;\" valign=\"middle\">lundi (55+)<\/td>\n<td style=\"text-align: left;\" valign=\"middle\">\n<p align=\"left\">2023.01.16<\/p>\n<\/td>\n<td style=\"text-align: left;\" valign=\"middle\">\n<p align=\"left\">2023.04.03<\/p>\n<\/td>\n<td style=\"text-align: left;\" valign=\"middle\">\n<p align=\"left\">9:45 &#8211; 10: 45<\/p>\n<\/td>\n<\/tr>\n<tr>\n<td style=\"text-align: left;\" valign=\"middle\">Tai Chi &#8211; Forme compl\u00e8te<\/td>\n<td style=\"text-align: left;\" valign=\"middle\">lundi (55+)<\/td>\n<td style=\"text-align: left;\" valign=\"middle\">\n<p align=\"left\">2023.01.16<\/p>\n<\/td>\n<td style=\"text-align: left;\" valign=\"middle\">\n<p align=\"left\">2023.04.03<\/p>\n<\/td>\n<td style=\"text-align: left;\" valign=\"middle\">\n<p align=\"left\">11:00 &#8211; 12:00<\/p>\n<\/td>\n<\/tr>\n<tr>\n<td style=\"text-align: left;\" valign=\"middle\">Tai Chi &#8211; Forme compl\u00e8te<\/td>\n<td style=\"text-align: left;\" valign=\"middle\">mardi (55+)<\/td>\n<td style=\"text-align: left;\" valign=\"middle\">\n<p align=\"left\">2023.01.17<\/p>\n<\/td>\n<td style=\"text-align: left;\" valign=\"middle\">\n<p align=\"left\">2023.04.04<\/p>\n<\/td>\n<td style=\"text-align: left;\" valign=\"middle\">\n<p align=\"left\">09:45 &#8211; 10:45<\/p>\n<\/td>\n<\/tr>\n<tr>\n<td style=\"text-align: left;\" valign=\"middle\">Qi Gong<\/td>\n<td style=\"text-align: left;\" valign=\"middle\">mardi(55+)<\/td>\n<td style=\"text-align: left;\" valign=\"middle\">\n<p align=\"left\">2023.01.17<\/p>\n<\/td>\n<td style=\"text-align: left;\" valign=\"middle\">\n<p align=\"left\">2023.04.04<\/p>\n<\/td>\n<td style=\"text-align: left;\" valign=\"middle\">\n<p align=\"left\">11:00 &#8211; 12:00<\/p>\n<\/td>\n<\/tr>\n<tr>\n<td style=\"text-align: left;\" valign=\"middle\">Tai Chi &#8211; Interm\u00e9diaire<\/td>\n<td style=\"text-align: left;\" valign=\"middle\">mercredi (55+)<\/td>\n<td style=\"text-align: left;\" valign=\"middle\">\n<p align=\"left\">2023.01.18<\/p>\n<\/td>\n<td style=\"text-align: left;\" valign=\"middle\">\n<p align=\"left\">2023.04.05<\/p>\n<\/td>\n<td style=\"text-align: left;\" valign=\"middle\">\n<p align=\"left\">09:45 &#8211; 10:45<\/p>\n<\/td>\n<\/tr>\n<tr>\n<td style=\"text-align: left;\" valign=\"middle\">Tai Chi &#8211; Forme compl\u00e8te<\/td>\n<td style=\"text-align: left;\" valign=\"middle\">mercredi (55+)<\/td>\n<td style=\"text-align: left;\" valign=\"middle\">\n<p align=\"left\">2023.01.18<\/p>\n<\/td>\n<td style=\"text-align: left;\" valign=\"middle\">\n<p align=\"left\">2023.04.05<\/p>\n<\/td>\n<td style=\"text-align: left;\" valign=\"middle\">\n<p align=\"left\">11:00 &#8211; 12:00<\/p>\n<\/td>\n<\/tr>\n<tr>\n<td style=\"text-align: left;\" valign=\"middle\">Qi Gong<\/td>\n<td style=\"text-align: left;\" valign=\"middle\">vendredi (55+)<\/td>\n<td style=\"text-align: left;\" valign=\"middle\">\n<p align=\"left\">2023.01.20<\/p>\n<\/td>\n<td style=\"text-align: left;\" valign=\"middle\">\n<p align=\"left\">2023.04.07<\/p>\n<\/td>\n<td style=\"text-align: left;\" valign=\"middle\">\n<p align=\"left\">09:45 &#8211; 10:45<\/p>\n<\/td>\n<\/tr>\n<tr>\n<td style=\"text-align: left;\" valign=\"middle\">Tai Chi &#8211; D\u00e9butant<\/td>\n<td style=\"text-align: left;\" valign=\"middle\">vendredi (55+)<\/td>\n<td style=\"text-align: left;\" valign=\"middle\">\n<p align=\"left\">2023.01.20<\/p>\n<\/td>\n<td style=\"text-align: left;\" valign=\"middle\">\n<p align=\"left\">2023.04.07<\/p>\n<\/td>\n<td style=\"text-align: left;\" valign=\"middle\">\n<p align=\"left\">11:00 &#8211; 12:00<\/p>\n<\/td>\n<\/tr>\n<tr>\n<td colspan=\"5\" align=\"left\" valign=\"middle\"><b>\u00c9cole Guillaume-Vignal<\/b><\/td>\n<\/tr>\n<tr>\n<td style=\"text-align: left;\" valign=\"middle\">Pratique libre<\/td>\n<td style=\"text-align: left;\" valign=\"middle\">samedi<\/td>\n<td style=\"text-align: left;\" valign=\"middle\">\n<p align=\"left\">2023.01.21<\/p>\n<\/td>\n<td style=\"text-align: left;\" valign=\"middle\">\n<p align=\"left\">2023.04.08<\/p>\n<\/td>\n<td style=\"text-align: left;\" valign=\"middle\">\n<p align=\"left\">09:00 &#8211; 09:45<\/p>\n<\/td>\n<\/tr>\n<tr>\n<td style=\"text-align: left;\" valign=\"middle\">Tai Chi &#8211; D\u00e9butant<\/td>\n<td style=\"text-align: left;\" valign=\"middle\">samedi<\/td>\n<td style=\"text-align: left;\" valign=\"middle\">\n<p align=\"left\">2023.01.21<\/p>\n<\/td>\n<td style=\"text-align: left;\" valign=\"middle\">\n<p align=\"left\">2023.04.08<\/p>\n<\/td>\n<td style=\"text-align: left;\" valign=\"middle\">\n<p align=\"left\">09:45 &#8211; 10:45<\/p>\n<\/td>\n<\/tr>\n<tr>\n<td style=\"text-align: left;\" valign=\"middle\">Tai Chi &#8211; Tous les niveaux<\/td>\n<td style=\"text-align: left;\" valign=\"middle\">samedi<\/td>\n<td style=\"text-align: left;\" valign=\"middle\">\n<p align=\"left\">2023.01.21<\/p>\n<\/td>\n<td style=\"text-align: left;\" valign=\"middle\">\n<p align=\"left\">2023.04.08<\/p>\n<\/td>\n<td style=\"text-align: left;\" valign=\"middle\">\n<p align=\"left\">09:45 &#8211; 10:45<\/p>\n<\/td>\n<\/tr>\n<tr>\n<td style=\"text-align: left;\" valign=\"middle\">Classe suppl\u00e9mentaire (avanc\u00e9)<\/td>\n<td style=\"text-align: left;\" valign=\"middle\">samedi<\/td>\n<td style=\"text-align: left;\" valign=\"middle\">\n<p align=\"left\">2023.01.21<\/p>\n<\/td>\n<td style=\"text-align: left;\" valign=\"middle\">\n<p align=\"left\">2023.04.08<\/p>\n<\/td>\n<td style=\"text-align: left;\" valign=\"middle\">\n<p align=\"left\">11:00 &#8211; 12:00<\/p>\n<\/td>\n<\/tr>\n<tr>\n<td style=\"text-align: left;\" valign=\"middle\"><\/td>\n<td style=\"text-align: left;\" valign=\"middle\"><\/td>\n<td style=\"text-align: left;\" valign=\"middle\"><\/td>\n<td style=\"text-align: left;\" valign=\"middle\"><\/td>\n<td style=\"text-align: left;\" valign=\"middle\"><\/td>\n<\/tr>\n<tr>\n<td colspan=\"5\" align=\"left\" valign=\"middle\"><b>MONTR\u00c9AL (Quartier chinois)<\/b><\/td>\n<\/tr>\n<tr>\n<td colspan=\"5\" align=\"left\" valign=\"middle\"><b>979, rue C\u00f4t\u00e9 <\/b><\/td>\n<\/tr>\n<tr>\n<td style=\"text-align: left;\" valign=\"middle\">Pratique libre<\/td>\n<td style=\"text-align: left;\" valign=\"middle\">mardi<\/td>\n<td style=\"text-align: left;\" valign=\"middle\">\n<p align=\"left\">2023.01.17<\/p>\n<\/td>\n<td style=\"text-align: left;\" valign=\"middle\">\n<p align=\"left\">2023.04.04<\/p>\n<\/td>\n<td style=\"text-align: left;\" valign=\"middle\">\n<p align=\"left\">18:00 &#8211; 18:30<\/p>\n<\/td>\n<\/tr>\n<tr>\n<td style=\"text-align: left;\" valign=\"middle\">Tai Chi &#8211; D\u00e9butant<\/td>\n<td style=\"text-align: left;\" valign=\"middle\">mardi<\/td>\n<td style=\"text-align: left;\" valign=\"middle\">\n<p align=\"left\">2023.01.17<\/p>\n<\/td>\n<td style=\"text-align: left;\" valign=\"middle\">\n<p align=\"left\">2023.04.04<\/p>\n<\/td>\n<td style=\"text-align: left;\" valign=\"middle\">\n<p align=\"left\">18:30 &#8211; 19:30<\/p>\n<\/td>\n<\/tr>\n<tr>\n<td style=\"text-align: left;\" valign=\"middle\">Tai Chi (Tous les niveaux)<\/td>\n<td style=\"text-align: left;\" valign=\"middle\">mardi<\/td>\n<td style=\"text-align: left;\" valign=\"middle\">\n<p align=\"left\">2023.01.17<\/p>\n<\/td>\n<td style=\"text-align: left;\" valign=\"middle\">\n<p align=\"left\">2023.04.04<\/p>\n<\/td>\n<td style=\"text-align: left;\" valign=\"middle\">\n<p align=\"left\">18:30 &#8211; 19:30<\/p>\n<\/td>\n<\/tr>\n<tr>\n<td style=\"text-align: left;\" valign=\"middle\">Supplementary class (Advanced)<\/td>\n<td style=\"text-align: left;\" valign=\"middle\">mardi<\/td>\n<td style=\"text-align: left;\" valign=\"middle\">\n<p align=\"left\">2023.01.17<\/p>\n<\/td>\n<td style=\"text-align: left;\" valign=\"middle\">\n<p align=\"left\">2023.04.04<\/p>\n<\/td>\n<td style=\"text-align: left;\" valign=\"middle\">\n<p align=\"left\">19:30 &#8211; 20:30<\/p>\n<\/td>\n<\/tr>\n<tr>\n<td style=\"text-align: left;\" valign=\"middle\"><\/td>\n<td style=\"text-align: left;\" valign=\"middle\"><\/td>\n<td style=\"text-align: left;\" valign=\"middle\"><\/td>\n<td style=\"text-align: left;\" valign=\"middle\"><\/td>\n<td style=\"text-align: left;\" valign=\"middle\"><\/td>\n<\/tr>\n<tr>\n<td style=\"text-align: left;\" valign=\"middle\">Pratique libre<\/td>\n<td style=\"text-align: left;\" valign=\"middle\">jeudi<\/td>\n<td style=\"text-align: left;\" valign=\"middle\">\n<p align=\"left\">2023.01.19<\/p>\n<\/td>\n<td style=\"text-align: left;\" valign=\"middle\">\n<p align=\"left\">2023.04.06<\/p>\n<\/td>\n<td style=\"text-align: left;\" valign=\"middle\">\n<p align=\"left\">18:00 &#8211; 18:30<\/p>\n<\/td>\n<\/tr>\n<tr>\n<td style=\"text-align: left;\" valign=\"middle\">Tai Chi &#8211; D\u00e9butant<\/td>\n<td style=\"text-align: left;\" valign=\"middle\">jeudi<\/td>\n<td style=\"text-align: left;\" valign=\"middle\">\n<p align=\"left\">2023.01.19<\/p>\n<\/td>\n<td style=\"text-align: left;\" valign=\"middle\">\n<p align=\"left\">2023.04.06<\/p>\n<\/td>\n<td style=\"text-align: left;\" valign=\"middle\">\n<p align=\"left\">18:00 &#8211; 18:30<\/p>\n<\/td>\n<\/tr>\n<tr>\n<td style=\"text-align: left;\" valign=\"middle\">Tai Chi, Tous les niveaux<\/td>\n<td style=\"text-align: left;\" valign=\"middle\">jeudi<\/td>\n<td style=\"text-align: left;\" valign=\"middle\">\n<p align=\"left\">2023.01.19<\/p>\n<\/td>\n<td style=\"text-align: left;\" valign=\"middle\">\n<p align=\"left\">2023.04.06<\/p>\n<\/td>\n<td style=\"text-align: left;\" valign=\"middle\">\n<p align=\"left\">18:30 &#8211; 19:30<\/p>\n<\/td>\n<\/tr>\n<tr>\n<td style=\"text-align: left;\" valign=\"middle\">Supplementary class (Advanced)<\/td>\n<td style=\"text-align: left;\" valign=\"middle\">jeudi<\/td>\n<td style=\"text-align: left;\" valign=\"middle\">\n<p align=\"left\">2023.01.19<\/p>\n<\/td>\n<td style=\"text-align: left;\" valign=\"middle\">\n<p align=\"left\">2023.04.06<\/p>\n<\/td>\n<td style=\"text-align: left;\" valign=\"middle\">\n<p align=\"left\">19:30 &#8211; 20:30<\/p>\n<\/td>\n<\/tr>\n<tr>\n<td style=\"text-align: left;\" valign=\"middle\"><\/td>\n<td style=\"text-align: left;\" valign=\"middle\"><\/td>\n<td style=\"text-align: left;\" valign=\"middle\"><\/td>\n<td style=\"text-align: left;\" valign=\"middle\"><\/td>\n<td style=\"text-align: left;\" valign=\"middle\"><\/td>\n<\/tr>\n<tr>\n<td colspan=\"5\" align=\"left\" valign=\"middle\"><b>Chalet Grand parc urbain, Brossard<\/b><\/td>\n<\/tr>\n<tr>\n<td style=\"text-align: left;\" valign=\"middle\"><b>Portes ouvertes <\/b><\/td>\n<td style=\"text-align: left;\" valign=\"middle\">samedi<\/td>\n<td style=\"text-align: left;\" valign=\"middle\">2023.01.14<\/td>\n<td style=\"text-align: left;\" valign=\"middle\">\n<p align=\"left\">2023.01.14<\/p>\n<\/td>\n<td style=\"text-align: left;\" valign=\"middle\">\n<p align=\"left\">9:30 -10:45<\/p>\n<\/td>\n<\/tr>\n<\/tbody>\n<\/table>\n<p>Les tarifs seront les m\u00eames pour tous, soient de 140 $ pour une session de 12 cours, 190 $ si vous prenez deux cours et de 220 $ si vous optez pour trois cours ou<br \/>\nplus et ce, quel que soit l\u2019endroit o\u00f9 vous prenez le cours.<\/p>\n<p>* Note: il n&rsquo;y aura pas de classes virtuelles cette session, cependant Linda donnera occasionellement certains cours gratuits pendant la session.[\/mk_table][\/vc_column][\/vc_row]\n<\/div>","protected":false},"excerpt":{"rendered":"<p>[vc_row][vc_column][vc_column_text css=\u00a0\u00bb.vc_custom_1669658386364{margin-bottom: 0px !important;}\u00a0\u00bb] 16 JANVIER 2023 AU 7 AVRIL 2023 [\/vc_column_text][vc_btn title=\u00a0\u00bb&gt;&gt; Inscription &lt;&lt;\u00a0\u00bb color=\u00a0\u00bbsky\u00a0\u00bb size=\u00a0\u00bblg\u00a0\u00bb align=\u00a0\u00bbcenter\u00a0\u00bb link=\u00a0\u00bburl:https%3A%2F%2Ftaichiclub.com%2Ffr%2Finscriptions%2F|title:Inscription\u00a0\u00bb][mk_table] BROSSARD Chalet du Parc Radisson Tai Chi &#8211; Interm\u00e9diaire lundi (55+) 2023.01.16 2023.04.03 9:45 &#8211; 10: 45 Tai Chi &#8211; Forme compl\u00e8te lundi (55+) 2023.01.16 2023.04.03 11:00 &#8211; 12:00 Tai Chi &#8211; Forme compl\u00e8te mardi (55+) [&hellip;]<\/p>\n","protected":false},"author":6,"featured_media":0,"parent":0,"menu_order":0,"comment_status":"closed","ping_status":"closed","template":"","meta":{"inline_featured_image":false,"footnotes":""},"class_list":["post-21813","page","type-page","status-publish","hentry"],"_links":{"self":[{"href":"https:\/\/www.taichiclub.com\/fr\/wp-json\/wp\/v2\/pages\/21813","targetHints":{"allow":["GET"]}}],"collection":[{"href":"https:\/\/www.taichiclub.com\/fr\/wp-json\/wp\/v2\/pages"}],"about":[{"href":"https:\/\/www.taichiclub.com\/fr\/wp-json\/wp\/v2\/types\/page"}],"author":[{"embeddable":true,"href":"https:\/\/www.taichiclub.com\/fr\/wp-json\/wp\/v2\/users\/6"}],"replies":[{"embeddable":true,"href":"https:\/\/www.taichiclub.com\/fr\/wp-json\/wp\/v2\/comments?post=21813"}],"version-history":[{"count":13,"href":"https:\/\/www.taichiclub.com\/fr\/wp-json\/wp\/v2\/pages\/21813\/revisions"}],"predecessor-version":[{"id":21871,"href":"https:\/\/www.taichiclub.com\/fr\/wp-json\/wp\/v2\/pages\/21813\/revisions\/21871"}],"wp:attachment":[{"href":"https:\/\/www.taichiclub.com\/fr\/wp-json\/wp\/v2\/media?parent=21813"}],"curies":[{"name":"wp","href":"https:\/\/api.w.org\/{rel}","templated":true}]}}