{"id":22829,"date":"2026-03-10T20:32:31","date_gmt":"2026-03-11T00:32:31","guid":{"rendered":"https:\/\/www.taichiclub.com\/20e-anniversaire-du-club-de-tai-chi\/"},"modified":"2026-03-18T08:04:42","modified_gmt":"2026-03-18T12:04:42","slug":"20e-anniversaire-du-club-de-tai-chi","status":"publish","type":"page","link":"https:\/\/www.taichiclub.com\/fr\/20e-anniversaire-du-club-de-tai-chi\/","title":{"rendered":"20e anniversaire du Club de Tai Chi"},"content":{"rendered":"<div class=\"wpb-content-wrapper\">[vc_row][vc_column][mk_custom_box][vc_single_image image=\u00a0\u00bb22791&Prime; img_size=\u00a0\u00bbfull\u00a0\u00bb alignment=\u00a0\u00bbcenter\u00a0\u00bb css=\u00a0\u00bb\u00a0\u00bb][vc_separator css=\u00a0\u00bb\u00a0\u00bb][\/mk_custom_box][\/vc_column][\/vc_row][vc_row][vc_column width=\u00a0\u00bb1\/2&Prime;][mk_circle_image src=\u00a0\u00bbhttps:\/\/www.taichiclub.com\/wp-content\/uploads\/2026\/03\/lion.jpg\u00a0\u00bb][mk_padding_divider][\/vc_column][vc_column width=\u00a0\u00bb1\/2&Prime;][mk_padding_divider size=\u00a0\u00bb93&Prime;][vc_column_text margin_bottom=\u00a0\u00bb0&Prime; css=\u00a0\u00bb.vc_custom_1773835478408{margin-bottom: 0px !important;}\u00a0\u00bb]\n<p class=\"p1\">Le <span class=\"s1\"><b>Club de Tai Chi<\/b><\/span>, organisme \u00e0 but non lucratif fond\u00e9 et dirig\u00e9 par <span class=\"s1\"><b>Sifu Grace Chui<\/b><\/span>, vous invite \u00e0 c\u00e9l\u00e9brer un moment exceptionnel : <span class=\"s1\"><b>son 20\u1d49 anniversaire<\/b><\/span>.<\/p>\n<p class=\"p1\">Pour souligner cette \u00e9tape marquante, joignez-vous \u00e0 nous lors d\u2019un <span class=\"s1\"><b>banquet festif<\/b><\/span> mettant en vedette de spectaculaires <span class=\"s1\"><b>danses du lion<\/b><\/span> ainsi que des <span class=\"s1\"><b>d\u00e9monstrations<\/b><\/span>&nbsp;pr\u00e9sent\u00e9es par des <span class=\"s1\"><b>Sifus provenant de diverses \u00e9coles d\u2019arts martiaux chinois, <\/b><\/span>ainsi que <strong>des prestations de chant et de danse<\/strong>.<\/p>\n<p class=\"p1\"><b><\/b>.<\/p>\n<p class=\"p1\">Une soir\u00e9e unique pour d\u00e9couvrir la richesse des traditions martiales chinoises et c\u00e9l\u00e9brer <span class=\"s1\"><b>20 ans de passion, de discipline et de communaut\u00e9<\/b><\/span>.<\/p>\n<p style=\"text-align: left;\"><span style=\"font-weight: 400;\">Vous \u00eates les bienvenus \u00e0 venir c\u00e9l\u00e9brer avec nous!<\/span><\/p>\n[\/vc_column_text][\/vc_column][\/vc_row][vc_row css=\u00a0\u00bb.vc_custom_1773201510438{background-color: #FF1C1C !important;}\u00a0\u00bb][vc_column][vc_separator css=\u00a0\u00bb.vc_custom_1773202164038{margin-top: 5px !important;margin-bottom: 5px !important;padding-top: 5px !important;padding-bottom: 5px !important;}\u00a0\u00bb][\/vc_column][\/vc_row][vc_row css=\u00a0\u00bb.vc_custom_1773201510438{background-color: #FF1C1C !important;}\u00a0\u00bb][vc_column width=\u00a0\u00bb1\/4&Prime;][vc_column_text css=\u00a0\u00bb.vc_custom_1773200831053{margin-bottom: 0px !important;}\u00a0\u00bb]\n<h3 style=\"text-align: center;\"><span style=\"color: #ffffff;\">Samedi 23 mai 2026<\/span><br \/>\n<span style=\"color: #ffffff;\">\u00e0 18 h 30<\/span><\/h3>\n[\/vc_column_text][\/vc_column][vc_column width=\u00a0\u00bb1\/4&Prime;][vc_column_text css=\u00a0\u00bb.vc_custom_1773454269207{margin-bottom: 0px !important;}\u00a0\u00bb]\n<p style=\"text-align: center;\"><span style=\"color: #ffffff;\">Restaurant La Maison Kam Fung<\/span><br \/>\n<span style=\"font-weight: 400; color: #ffffff;\">7209 Taschereau, unit 111, Brossard, QC J4Y 1A1<\/span>[\/vc_column_text][\/vc_column][vc_column width=\u00a0\u00bb1\/4&Prime;][vc_column_text css=\u00a0\u00bb.vc_custom_1773200963881{margin-bottom: 0px !important;}\u00a0\u00bb]\n<p style=\"text-align: center;\"><span style=\"font-weight: 400; color: #ffffff;\">Prix : 50 $ par personne\u00a0 <\/span><\/p>\n[\/vc_column_text][\/vc_column][vc_column width=\u00a0\u00bb1\/4&Prime;][vc_column_text css=\u00a0\u00bb.vc_custom_1773231656924{margin-bottom: 0px !important;}\u00a0\u00bb]\n<p style=\"text-align: center;\"><span style=\"color: #ffffff;\"><span style=\"font-weight: 400;\">R.S.V.P.<br \/>\n<\/span><strong><a style=\"color: #ffffff;\" href=\"https:\/\/app.amilia.com\/store\/en\/le-club-de-taichi\/shop\/products\/24887922\" target=\"_blank\" rel=\"noopener\"><u>Inscription en ligne<\/u><\/a><\/strong><\/span><br \/>\n<span style=\"font-weight: 400; color: #ffffff;\">(514) 726-1898<\/span>[\/vc_column_text][\/vc_column][\/vc_row][vc_row css=\u00a0\u00bb.vc_custom_1773201510438{background-color: #FF1C1C !important;}\u00a0\u00bb][vc_column][vc_separator css=\u00a0\u00bb.vc_custom_1773202184573{margin-top: 5px !important;margin-bottom: 5px !important;padding-top: 5px !important;padding-bottom: 5px !important;}\u00a0\u00bb][\/vc_column][\/vc_row][vc_row][vc_column][vc_separator css=\u00a0\u00bb.vc_custom_1773201704031{margin-bottom: 5px !important;}\u00a0\u00bb][vc_separator css=\u00a0\u00bb.vc_custom_1773201704031{margin-bottom: 5px !important;}\u00a0\u00bb][\/vc_column][\/vc_row][vc_row][vc_column][\/vc_column][\/vc_row]\n<\/div>","protected":false},"excerpt":{"rendered":"<p>[vc_row][vc_column][mk_custom_box][vc_single_image image=\u00a0\u00bb22791&Prime; img_size=\u00a0\u00bbfull\u00a0\u00bb alignment=\u00a0\u00bbcenter\u00a0\u00bb css=\u00a0\u00bb\u00a0\u00bb][vc_separator css=\u00a0\u00bb\u00a0\u00bb][\/mk_custom_box][\/vc_column][\/vc_row][vc_row][vc_column width=\u00a0\u00bb1\/2&Prime;][mk_circle_image src=\u00a0\u00bbhttps:\/\/www.taichiclub.com\/wp-content\/uploads\/2026\/03\/lion.jpg\u00a0\u00bb][mk_padding_divider][\/vc_column][vc_column width=\u00a0\u00bb1\/2&Prime;][mk_padding_divider size=\u00a0\u00bb93&Prime;][vc_column_text margin_bottom=\u00a0\u00bb0&Prime; css=\u00a0\u00bb.vc_custom_1773835478408{margin-bottom: 0px !important;}\u00a0\u00bb] Le Club de Tai Chi, organisme \u00e0 but non lucratif fond\u00e9 et dirig\u00e9 par Sifu Grace Chui, vous invite \u00e0 c\u00e9l\u00e9brer un moment exceptionnel : son 20\u1d49 anniversaire. Pour souligner cette \u00e9tape marquante, joignez-vous \u00e0 nous lors d\u2019un banquet festif mettant [&hellip;]<\/p>\n","protected":false},"author":6,"featured_media":0,"parent":0,"menu_order":0,"comment_status":"closed","ping_status":"closed","template":"","meta":{"inline_featured_image":false,"footnotes":""},"class_list":["post-22829","page","type-page","status-publish","hentry"],"_links":{"self":[{"href":"https:\/\/www.taichiclub.com\/fr\/wp-json\/wp\/v2\/pages\/22829","targetHints":{"allow":["GET"]}}],"collection":[{"href":"https:\/\/www.taichiclub.com\/fr\/wp-json\/wp\/v2\/pages"}],"about":[{"href":"https:\/\/www.taichiclub.com\/fr\/wp-json\/wp\/v2\/types\/page"}],"author":[{"embeddable":true,"href":"https:\/\/www.taichiclub.com\/fr\/wp-json\/wp\/v2\/users\/6"}],"replies":[{"embeddable":true,"href":"https:\/\/www.taichiclub.com\/fr\/wp-json\/wp\/v2\/comments?post=22829"}],"version-history":[{"count":1,"href":"https:\/\/www.taichiclub.com\/fr\/wp-json\/wp\/v2\/pages\/22829\/revisions"}],"predecessor-version":[{"id":22844,"href":"https:\/\/www.taichiclub.com\/fr\/wp-json\/wp\/v2\/pages\/22829\/revisions\/22844"}],"wp:attachment":[{"href":"https:\/\/www.taichiclub.com\/fr\/wp-json\/wp\/v2\/media?parent=22829"}],"curies":[{"name":"wp","href":"https:\/\/api.w.org\/{rel}","templated":true}]}}