{"id":8335,"date":"2016-01-23T11:33:17","date_gmt":"2016-01-23T16:33:17","guid":{"rendered":"http:\/\/taichiclub.ml\/index\/fr\/validation\/"},"modified":"2019-12-07T15:27:52","modified_gmt":"2019-12-07T20:27:52","slug":"validation","status":"publish","type":"page","link":"https:\/\/www.taichiclub.com\/fr\/validation\/","title":{"rendered":"Validation"},"content":{"rendered":"<div class=\"wpb-content-wrapper\">[vc_row][vc_column css=\u00a0\u00bb.vc_custom_1457467695681{border-top-width: 1px !important;border-right-width: 1px !important;border-bottom-width: 1px !important;border-left-width: 1px !important;border-left-color: #025ebe !important;border-left-style: solid !important;border-right-color: #025ebe !important;border-right-style: solid !important;border-top-color: #025ebe !important;border-top-style: solid !important;border-bottom-color: #025ebe !important;border-bottom-style: solid !important;}\u00a0\u00bb][vc_empty_space][mk_fancy_title size=\u00a0\u00bb24&Prime; margin_bottom=\u00a0\u00bb0&Prime; font_family=\u00a0\u00bbnone\u00a0\u00bb align=\u00a0\u00bbcenter\u00a0\u00bb]\n<p style=\"text-align: center;\">20$ de rabais aux \u00e9l\u00e8ves de 55 ans et plus sur les cours \u00e0 Brossard.<\/p>\n[\/mk_fancy_title][vc_column_text]\n<p style=\"text-align: center;\">Pour \u00eatre \u00e9ligible au rabais, vous devez avoir 55 ans et\u00a0plus\u00a0et\u00a0\u00eatre\u00a0abonn\u00e9es \u00e0 <a href=\"http:\/\/www.ville.brossard.qc.ca\/loisirs-et-culture\/B-CITI\/Account.aspx?lang=fr-CA\" target=\"_blank\" rel=\"noopener noreferrer\">B-CITI de Brossard<\/a>\u00a0(anciennement connue sous le nom de Servicarte).<br \/>\nVous devez\u00a0pr\u00e9senter votre carte\u00a0B-CITI\u00a0au premier cours de la session.<br \/>\nLe rabais est seulement applicable au cours donn\u00e9s \u00e0 Brossard.<\/p>\n<p style=\"text-align: center;\">.<\/p>\n[\/vc_column_text][mk_button dimension=\u00a0\u00bbflat\u00a0\u00bb url=\u00a0\u00bbhttp:\/\/taichiclub.com\/fr\/coupon-servicarte-55&Prime; align=\u00a0\u00bbcenter\u00a0\u00bb]APPLIQUEZ LE RABAIS[\/mk_button][vc_empty_space height=\u00a0\u00bb15&Prime;][\/vc_column][\/vc_row][vc_row][vc_column][vc_column_text]\n<p>&nbsp;<\/p>\n[\/vc_column_text][\/vc_column][\/vc_row][vc_row][vc_column][woocommerce_checkout][\/vc_column][\/vc_row]\n<\/div>","protected":false},"excerpt":{"rendered":"<p>[vc_row][vc_column css=\u00a0\u00bb.vc_custom_1457467695681{border-top-width: 1px !important;border-right-width: 1px !important;border-bottom-width: 1px !important;border-left-width: 1px !important;border-left-color: #025ebe !important;border-left-style: solid !important;border-right-color: #025ebe !important;border-right-style: solid !important;border-top-color: #025ebe !important;border-top-style: solid !important;border-bottom-color: #025ebe !important;border-bottom-style: solid !important;}\u00a0\u00bb][vc_empty_space][mk_fancy_title size=\u00a0\u00bb24&Prime; margin_bottom=\u00a0\u00bb0&Prime; font_family=\u00a0\u00bbnone\u00a0\u00bb align=\u00a0\u00bbcenter\u00a0\u00bb] 20$ de rabais aux \u00e9l\u00e8ves de 55 ans et plus sur les cours \u00e0 Brossard. [\/mk_fancy_title][vc_column_text] Pour \u00eatre \u00e9ligible au rabais, vous devez avoir 55 [&hellip;]<\/p>\n","protected":false},"author":6,"featured_media":0,"parent":0,"menu_order":0,"comment_status":"closed","ping_status":"closed","template":"","meta":{"inline_featured_image":false,"footnotes":""},"class_list":["post-8335","page","type-page","status-publish","hentry"],"_links":{"self":[{"href":"https:\/\/www.taichiclub.com\/fr\/wp-json\/wp\/v2\/pages\/8335","targetHints":{"allow":["GET"]}}],"collection":[{"href":"https:\/\/www.taichiclub.com\/fr\/wp-json\/wp\/v2\/pages"}],"about":[{"href":"https:\/\/www.taichiclub.com\/fr\/wp-json\/wp\/v2\/types\/page"}],"author":[{"embeddable":true,"href":"https:\/\/www.taichiclub.com\/fr\/wp-json\/wp\/v2\/users\/6"}],"replies":[{"embeddable":true,"href":"https:\/\/www.taichiclub.com\/fr\/wp-json\/wp\/v2\/comments?post=8335"}],"version-history":[{"count":21,"href":"https:\/\/www.taichiclub.com\/fr\/wp-json\/wp\/v2\/pages\/8335\/revisions"}],"predecessor-version":[{"id":19028,"href":"https:\/\/www.taichiclub.com\/fr\/wp-json\/wp\/v2\/pages\/8335\/revisions\/19028"}],"wp:attachment":[{"href":"https:\/\/www.taichiclub.com\/fr\/wp-json\/wp\/v2\/media?parent=8335"}],"curies":[{"name":"wp","href":"https:\/\/api.w.org\/{rel}","templated":true}]}}