{"id":8360,"date":"2016-01-18T13:24:03","date_gmt":"2016-01-18T18:24:03","guid":{"rendered":"http:\/\/taichiclub.ml\/index\/fr\/index\/"},"modified":"2026-03-09T20:59:36","modified_gmt":"2026-03-10T00:59:36","slug":"index-2-2","status":"publish","type":"page","link":"https:\/\/www.taichiclub.com\/fr\/","title":{"rendered":"Home"},"content":{"rendered":"<div class=\"wpb-content-wrapper\">[vc_row column_padding=\u00a0\u00bb0&Prime; css=\u00a0\u00bb.vc_custom_1773104159738{margin-top: -25px !important;}\u00a0\u00bb][vc_column][vc_message message_box_color=\u00a0\u00bbgreen\u00a0\u00bb icon_fontawesome=\u00a0\u00bbfa fa-solid fa-leaf\u00a0\u00bb css_animation=\u00a0\u00bbleft-to-right\u00a0\u00bb css=\u00a0\u00bb\u00a0\u00bb]<span style=\"color: #008000;\"><b>Session Printemps 2026<\/b><\/span> \u2013 La session de printemps commence le 13 Avril 2026. <strong><a style=\"color: green;\" href=\"https:\/\/www.taichiclub.com\/fr\/inscriptions\/\"><u>Inscrivez-vous!<\/u><\/a><\/strong>[\/vc_message][\/vc_column][\/vc_row][vc_row css=\u00a0\u00bb.vc_custom_1455219556454{margin-top: -25px !important;}\u00a0\u00bb][vc_column]<div class=\"avt_masterslider_el \" >\n\t\t<!-- MasterSlider -->\n\t\t<div id=\"P_MS69fb7956ce05a\" class=\"master-slider-parent ms-parent-id-12\" style=\"max-width:1400px;\" >\n\n\t\t\t\n\t\t\t<!-- MasterSlider Main -->\n\t\t\t<div id=\"MS69fb7956ce05a\" class=\"master-slider ms-skin-default\" >\n\t\t\t\t \t\t\t\t \n\n\t\t\t<div  class=\"ms-slide\" data-delay=\"3\" data-fill-mode=\"fill\"   >\n\t\t\t\t\t<img decoding=\"async\" src=\"https:\/\/www.taichiclub.com\/wp-content\/plugins\/masterslider\/public\/assets\/css\/blank.gif\" alt=\"\" title=\"gracemaster\" data-src=\"https:\/\/www.taichiclub.com\/wp-content\/uploads\/2023\/07\/gracemaster.jpeg\" \/>\n\n\n\t\t\t\t<\/div>\n\t\t\t<div  class=\"ms-slide\" data-delay=\"3\" data-fill-mode=\"fill\"   >\n\t\t\t\t\t<img decoding=\"async\" src=\"https:\/\/www.taichiclub.com\/wp-content\/plugins\/masterslider\/public\/assets\/css\/blank.gif\" alt=\"\" title=\"beauty1\" data-src=\"https:\/\/www.taichiclub.com\/wp-content\/uploads\/2023\/07\/beauty1.png\" \/>\n\n\n\t\t\t\t<\/div>\n\t\t\t<div  class=\"ms-slide\" data-delay=\"3\" data-fill-mode=\"fill\"   >\n\t\t\t\t\t<img decoding=\"async\" src=\"https:\/\/www.taichiclub.com\/wp-content\/plugins\/masterslider\/public\/assets\/css\/blank.gif\" alt=\"\" title=\"level1c\" data-src=\"https:\/\/www.taichiclub.com\/wp-content\/uploads\/2023\/07\/level1c.png\" \/>\n\n\n\t\t\t\t<\/div>\n\n\t\t\t<\/div>\n\t\t\t<!-- END MasterSlider Main -->\n\n\t\t\t \n\t\t<\/div>\n\t\t<!-- END MasterSlider -->\n\n\t\t<script>\n\t\t( window.MSReady = window.MSReady || [] ).push( function( $ ) {\n\n\t\t\t\"use strict\";\n\t\t\tvar masterslider_e05a = new MasterSlider();\n\n\t\t\t\/\/ slider controls\n\t\t\tmasterslider_e05a.control('arrows'     ,{ autohide:true, overVideo:true  });\n\t\t\t\/\/ slider setup\n\t\t\tmasterslider_e05a.setup(\"MS69fb7956ce05a\", {\n\t\t\t\twidth           : 1400,\n\t\t\t\theight          : 600,\n\t\t\t\tminHeight       : 0,\n\t\t\t\tspace           : 0,\n\t\t\t\tstart           : 1,\n\t\t\t\tgrabCursor      : true,\n\t\t\t\tswipe           : true,\n\t\t\t\tmouse           : true,\n\t\t\t\tkeyboard        : false,\n\t\t\t\tlayout          : \"boxed\",\n\t\t\t\twheel           : false,\n\t\t\t\tautoplay        : true,\n                instantStartLayers:false,\n\t\t\t\tmobileBGVideo:false,\n\t\t\t\tloop            : true,\n\t\t\t\tshuffle         : true,\n\t\t\t\tpreload         : 0,\n\t\t\t\theightLimit     : true,\n\t\t\t\tautoHeight      : false,\n\t\t\t\tsmoothHeight    : true,\n\t\t\t\tendPause        : false,\n\t\t\t\toverPause       : true,\n\t\t\t\tfillMode        : \"fill\",\n\t\t\t\tcenterControls  : true,\n\t\t\t\tstartOnAppear   : false,\n\t\t\t\tlayersMode      : \"center\",\n\t\t\t\tautofillTarget  : \"\",\n\t\t\t\thideLayers      : false,\n\t\t\t\tfullscreenMargin: 0,\n\t\t\t\tspeed           : 2,\n\t\t\t\tdir             : \"h\",\n\t\t\t\tresponsive      : true,\n\t\t\t\ttabletWidth     : 768,\n\t\t\t\ttabletHeight    : null,\n\t\t\t\tphoneWidth      : 480,\n\t\t\t\tphoneHeight    : null,\n\t\t\t\tsizingReference : window,\n\t\t\t\tparallaxMode    : 'swipe',\n\t\t\t\tview            : \"fade\"\n\t\t\t});\n\n\t\t\t\n\t\t\twindow.masterslider_instances = window.masterslider_instances || [];\n\t\t\twindow.masterslider_instances.push( masterslider_e05a );\n\t\t});\n\t\t<\/script>\n\n<\/div>[\/vc_column][vc_column][vc_empty_space height=\u00a0\u00bb25px\u00a0\u00bb][mk_fancy_title tag_name=\u00a0\u00bbh1&Prime; size=\u00a0\u00bb24&Prime; txt_transform=\u00a0\u00bbuppercase\u00a0\u00bb font_family=\u00a0\u00bbnone\u00a0\u00bb]\n<p style=\"text-align: center;\">Bienvenue\u00a0au\u00a0Club de Tai Chi<\/p>\n[\/mk_fancy_title][\/vc_column][\/vc_row][vc_row][vc_column width=\u00a0\u00bb1\/6&Prime;][\/vc_column][vc_column width=\u00a0\u00bb2\/3&Prime;][vc_empty_space height=\u00a0\u00bb15&Prime;][vc_column_text css=\u00a0\u00bb.vc_custom_1732021332347{margin-bottom: 0px !important;}\u00a0\u00bb]\n<p style=\"text-align: center;\">Le Club de Tai Chi est un OSBL depuis juillet 2006. Nos membres viennent pour apprendre et pour pratiquer le Tai Chi et le Qi Gong sous la direction de Sifu Grace Chui.<\/p>\n<p style=\"text-align: center;\">L&rsquo;art du Tai Chi lui a \u00e9t\u00e9 transmis par son p\u00e8re Ma\u00eetre Chui Lap Kan. Ma\u00eetre Grace Chui excelle dans cet art depuis plus de 25 ans et elle est \u00e9galement reconnue pour les formes \u00e0 l\u2019\u00e9p\u00e9e, au sabre, au b\u00e2ton double et \u00e0 la forme rapide.<\/p>\n<p style=\"text-align: center;\">Nous offrons un enseignement traditionnel de la forme Yang depuis 1996 et assurons un suivi rigoureux aupr\u00e8s des membres pour favoriser leur apprentissage et leur \u00e9panouissement. B\u00e9n\u00e9ficiant d\u2019un enseignement sp\u00e9cial d\u2019une dur\u00e9e minimale de 5 ans, nos professeurs sont certifi\u00e9s et d\u00e9di\u00e9s \u00e0 l\u2019art du Tai Chi.<\/p>\n<p style=\"text-align: center;\">Les cours sont offerts \u00e0 Montr\u00e9al, dans le quartier chinois (station de m\u00e9tro Place d&rsquo;Armes), et \u00e0 Brossard plusieurs fois par semaine, \u00e0 des heures vari\u00e9es pour accommoder les horaires des membres.<\/p>\n[\/vc_column_text][\/vc_column][vc_column width=\u00a0\u00bb1\/6&Prime;][\/vc_column][\/vc_row][vc_row][vc_column][vc_empty_space height=\u00a0\u00bb50&Prime;][\/vc_column][\/vc_row]\n<\/div>","protected":false},"excerpt":{"rendered":"<p>[vc_row column_padding=\u00a0\u00bb0&Prime; css=\u00a0\u00bb.vc_custom_1773104159738{margin-top: -25px !important;}\u00a0\u00bb][vc_column][vc_message message_box_color=\u00a0\u00bbgreen\u00a0\u00bb icon_fontawesome=\u00a0\u00bbfa fa-solid fa-leaf\u00a0\u00bb css_animation=\u00a0\u00bbleft-to-right\u00a0\u00bb css=\u00a0\u00bb\u00a0\u00bb]Session Printemps 2026 \u2013 La session de printemps commence le 13 Avril 2026. Inscrivez-vous![\/vc_message][\/vc_column][\/vc_row][vc_row css=\u00a0\u00bb.vc_custom_1455219556454{margin-top: -25px !important;}\u00a0\u00bb][vc_column][\/vc_column][vc_column][vc_empty_space height=\u00a0\u00bb25px\u00a0\u00bb][mk_fancy_title tag_name=\u00a0\u00bbh1&Prime; size=\u00a0\u00bb24&Prime; txt_transform=\u00a0\u00bbuppercase\u00a0\u00bb font_family=\u00a0\u00bbnone\u00a0\u00bb] Bienvenue\u00a0au\u00a0Club de Tai Chi [\/mk_fancy_title][\/vc_column][\/vc_row][vc_row][vc_column width=\u00a0\u00bb1\/6&Prime;][\/vc_column][vc_column width=\u00a0\u00bb2\/3&Prime;][vc_empty_space height=\u00a0\u00bb15&Prime;][vc_column_text css=\u00a0\u00bb.vc_custom_1732021332347{margin-bottom: 0px !important;}\u00a0\u00bb] Le Club de Tai Chi est un OSBL depuis juillet 2006. Nos [&hellip;]<\/p>\n","protected":false},"author":254,"featured_media":0,"parent":0,"menu_order":0,"comment_status":"closed","ping_status":"closed","template":"","meta":{"inline_featured_image":false,"footnotes":""},"class_list":["post-8360","page","type-page","status-publish","hentry"],"_links":{"self":[{"href":"https:\/\/www.taichiclub.com\/fr\/wp-json\/wp\/v2\/pages\/8360","targetHints":{"allow":["GET"]}}],"collection":[{"href":"https:\/\/www.taichiclub.com\/fr\/wp-json\/wp\/v2\/pages"}],"about":[{"href":"https:\/\/www.taichiclub.com\/fr\/wp-json\/wp\/v2\/types\/page"}],"author":[{"embeddable":true,"href":"https:\/\/www.taichiclub.com\/fr\/wp-json\/wp\/v2\/users\/254"}],"replies":[{"embeddable":true,"href":"https:\/\/www.taichiclub.com\/fr\/wp-json\/wp\/v2\/comments?post=8360"}],"version-history":[{"count":221,"href":"https:\/\/www.taichiclub.com\/fr\/wp-json\/wp\/v2\/pages\/8360\/revisions"}],"predecessor-version":[{"id":22770,"href":"https:\/\/www.taichiclub.com\/fr\/wp-json\/wp\/v2\/pages\/8360\/revisions\/22770"}],"wp:attachment":[{"href":"https:\/\/www.taichiclub.com\/fr\/wp-json\/wp\/v2\/media?parent=8360"}],"curies":[{"name":"wp","href":"https:\/\/api.w.org\/{rel}","templated":true}]}}