{"id":8401,"date":"2016-01-14T17:13:44","date_gmt":"2016-01-14T22:13:44","guid":{"rendered":"http:\/\/taichiclub.ml\/index\/fr\/tai-chi-lineage\/"},"modified":"2022-03-16T22:31:23","modified_gmt":"2022-03-17T02:31:23","slug":"decendance-du-tai-chi","status":"publish","type":"page","link":"https:\/\/www.taichiclub.com\/fr\/select-your-classes\/decendance-du-tai-chi\/","title":{"rendered":"Origine du Tai Chi"},"content":{"rendered":"<div class=\"wpb-content-wrapper\">[vc_row css=\u00a0\u00bb.vc_custom_1453928021971{margin-top: -25px !important;}\u00a0\u00bb][vc_column width=\u00a0\u00bb1\/12&Prime;][\/vc_column][vc_column width=\u00a0\u00bb10\/12&Prime;][mk_image src=\u00a0\u00bbhttp:\/\/taichiclub.com\/wp-content\/uploads\/2016\/01\/Zhang_San_Feng_05.jpg\u00a0\u00bb image_size=\u00a0\u00bbfull\u00a0\u00bb align=\u00a0\u00bbcenter\u00a0\u00bb][\/vc_column][vc_column width=\u00a0\u00bb1\/12&Prime;][\/vc_column][\/vc_row][vc_row][vc_column][vc_empty_space height=\u00a0\u00bb50px\u00a0\u00bb][\/vc_column][\/vc_row][vc_row][vc_column][mk_fancy_title font_family=\u00a0\u00bbnone\u00a0\u00bb]\n<h2 style=\"text-align: center;\">Origine du Tai chi<\/h2>\n[\/mk_fancy_title][\/vc_column][\/vc_row][vc_row css=\u00a0\u00bb.vc_custom_1453928034442{margin-top: 100px !important;}\u00a0\u00bb][vc_column][mk_image src=\u00a0\u00bbhttp:\/\/taichiclub.com\/wp-content\/uploads\/2016\/01\/Lineage2.jpg\u00a0\u00bb image_size=\u00a0\u00bbfull\u00a0\u00bb align=\u00a0\u00bbcenter\u00a0\u00bb][vc_empty_space height=\u00a0\u00bb50px\u00a0\u00bb][\/vc_column][\/vc_row][vc_row][vc_column width=\u00a0\u00bb1\/6&Prime;][\/vc_column][vc_column width=\u00a0\u00bb2\/3&Prime;][mk_fancy_title size=\u00a0\u00bb16&Prime; font_family=\u00a0\u00bbnone\u00a0\u00bb]Histoire du Tai Chi chuan[\/mk_fancy_title][vc_column_text css=\u00a0\u00bb.vc_custom_1647484024669{margin-bottom: 0px !important;}\u00a0\u00bb]Tai Chi chuan (\u00e9galement orthographi\u00e9 taijiquan et taiji chuan) est un ancien art martial chinois. Il existe plusieurs styles et chacun comporte des variantes, ce qui est souvent source de confusion pour le profane. La lign\u00e9e de certains styles peut remonter jusqu&rsquo;\u00e0 la fondation de l&rsquo;art, tandis que d&rsquo;autres datent du d\u00e9but du 20e si\u00e8cle. Certains mettent l&rsquo;accent sur le c\u00f4t\u00e9 martial tandis que d&rsquo;autres mettent l&rsquo;accent sur la sant\u00e9 ou l&rsquo;autod\u00e9fense. De toute \u00e9vidence, sans la bonne information, choisir le style qui est le mieux pour vous peut \u00eatre une t\u00e2che difficile. Cet article pr\u00e9sente un aper\u00e7u des principaux styles de Tai Chi et vous permettra de comprendre comment un seul style engendre un autre. Vous serez alors en mesure de choisir plus facilement le style qui vous convient.<\/p>\n<p>Avant d&rsquo;examiner les nombreux styles et sous-styles de l&rsquo;art, il est conseill\u00e9 de garder \u00e0 l&rsquo;esprit les conseils du grand Ma\u00eetre Tchoung Ta-Tchen : il insiste sur le fait que tous les styles sont valables et b\u00e9n\u00e9fiques pour l&rsquo;\u00e9tudiant tant que les concepts et les principes de base du Tai Chi sont respect\u00e9s, m\u00eame si de nombreux enseignants proclament que leur style est original et la seule m\u00e9thode correcte.[\/vc_column_text][mk_fancy_title size=\u00a0\u00bb16&Prime; font_family=\u00a0\u00bbnone\u00a0\u00bb]En premier, l&rsquo;art[\/mk_fancy_title][vc_column_text css=\u00a0\u00bb.vc_custom_1647484277252{margin-bottom: 0px !important;}\u00a0\u00bb]Tai Chi chuan est g\u00e9n\u00e9ralement traduit litt\u00e9ralement par \u00abgrande boxe ultime\u00bb et fait r\u00e9f\u00e9rence au concept chinois sur l&rsquo;origine de l&rsquo;Univers. Tel est le principe du yin et du yang. En fait, le symbole yin-yang repr\u00e9sente le Tai Chi chuan comme \u00e9tant l&rsquo;art de l&rsquo;harmonie du yin et du yang.<\/p>\n<p>L&rsquo;histoire du Tai Chi comporte dans le pass\u00e9 plusieurs versions contradictoires qui continuent de faire d\u00e9bat jusqu&rsquo;\u00e0 aujourd&rsquo;hui. En effet, il existe diff\u00e9rentes versions de l&rsquo;histoire du Tai Chi que certaines \u00e9coles mettent de l&rsquo;avant pour promouvoir leur propre style comme \u00e9tant le meilleur ou le plus authentique. Il n&rsquo;est donc pas toujours facile de distinguer le vrai du faux.<\/p>\n<p>Les concepts de base du Tai Chi Chuan, qui viennent du tao\u00efsme et du confucianisme, remontent au d\u00e9but de l&rsquo;histoire \u00e9crite en Chine. Des textes importants proviennent de Lao Tseu, de Tao Te Ching, de I Ching et de divers autres articles qui promouvoient la sant\u00e9 et les exercices de respiration. L&rsquo;art du Tai Chi peut toutefois \u00eatre retrac\u00e9 seulement 300 \u00e0 700 ans. Le fondateur serait Chang San-feng (Zhang Sanfeng) qui aurait v\u00e9cu de 1279 \u00e0 1368, mais on ne sait pas s&rsquo;il a r\u00e9ellement exist\u00e9. Certains experts disent qu&rsquo;il est simplement un mythe tandis que d&rsquo;autres affirment qu&rsquo;il existe. Il y a en Chine des monuments qui le repr\u00e9sentent.<\/p>\n<p>D&rsquo;apr\u00e8s la l\u00e9gende, Chang San-feng serait un moine Shaolin qui a d\u00e9cid\u00e9 de quitter le monast\u00e8re pour devenir un ermite tao\u00efste dans les montagnes de Wu Tang (Wudang) o\u00f9, abandonnant le style \u00abart de combat\u00bb, il aurait fond\u00e9 un nouvel art bas\u00e9 sur la douceur. Toujours d&rsquo;apr\u00e8s la l\u00e9gende, il aurait eu la vision d&rsquo;un combat entre un serpent et une grue (certains disent que c&rsquo;\u00e9tait une pie, un aigle ou un faucon). En th\u00e9orie, la grue aurait d\u00fb facilement tuer le serpent, mais dans la vision de Chang San-feng, c&rsquo;est le serpent qui a vaincu la grue en esquivant au lieu d&rsquo;attaquer. C&rsquo;est ainsi que Chang San-feng aurait d\u00e9couvert et formul\u00e9 les concepts de base du Tai Chi.<\/p>\n<p>Chang San-feng aurait cr\u00e9\u00e9 un art martial qui utilise la douceur et la puissance interne pour surmonter la force brute. Il aurait \u00e9crit : \u00abDans chaque mouvement, chaque partie du corps doit \u00eatre l\u00e9ger et agile. Les mouvements doivent \u00eatre ex\u00e9cut\u00e9s en continu, l&rsquo;\u00e9nergie prend racine dans les pieds, elle chemine dans les jambes, est dirig\u00e9e par la taille et se manifeste dans les doigts.\u00bb<\/p>\n<p>Cela aurait marqu\u00e9 le d\u00e9but du Tai Chi Chuan, appel\u00e9 Chang Chuan ou longue boxe, d&rsquo;apr\u00e8s le flux incessant du fleuve (Yangtse) Changjiang. Plus tard,\u00a0 Chang San-feng a cr\u00e9\u00e9 les 13 postures de Tai Chi.\u00a0 Personne ne savait alors \u00e0 quoi son art ressemblait, mais on pensait que les mouvements pratiqu\u00e9s \u00e9taient des techniques ou des concepts individuels.<\/p>\n<p>Wang Tsung-Yueh (Wang Zongyue), un autre personnage important dans l&rsquo;histoire du Tai Chi,\u00a0 a \u00e9crit le deuxi\u00e8me classique sur ce qui \u00e9tait consid\u00e9r\u00e9 comme le Tai Chi chuan. Il a \u00e9galement d\u00e9clar\u00e9 : \u00abUne force de 4 onces d\u00e9vie 1000 livres.\u00bb Il est reconnu pour avoir assembl\u00e9 les 13 postures originales dans une forme continue. Certains historiens pensent que c&rsquo;est Wang Tsung-Yueh qui a fond\u00e9 l&rsquo;art du Tai Chi chuan tandis que d&rsquo;autres contestent son existence.[\/vc_column_text][\/vc_column][vc_column width=\u00a0\u00bb1\/6&Prime;][\/vc_column][\/vc_row]\n<\/div>","protected":false},"excerpt":{"rendered":"<p>[vc_row css=\u00a0\u00bb.vc_custom_1453928021971{margin-top: -25px !important;}\u00a0\u00bb][vc_column width=\u00a0\u00bb1\/12&Prime;][\/vc_column][vc_column width=\u00a0\u00bb10\/12&Prime;][mk_image src=\u00a0\u00bbhttp:\/\/taichiclub.com\/wp-content\/uploads\/2016\/01\/Zhang_San_Feng_05.jpg\u00a0\u00bb image_size=\u00a0\u00bbfull\u00a0\u00bb align=\u00a0\u00bbcenter\u00a0\u00bb][\/vc_column][vc_column width=\u00a0\u00bb1\/12&Prime;][\/vc_column][\/vc_row][vc_row][vc_column][vc_empty_space height=\u00a0\u00bb50px\u00a0\u00bb][\/vc_column][\/vc_row][vc_row][vc_column][mk_fancy_title font_family=\u00a0\u00bbnone\u00a0\u00bb] Origine du Tai chi [\/mk_fancy_title][\/vc_column][\/vc_row][vc_row css=\u00a0\u00bb.vc_custom_1453928034442{margin-top: 100px !important;}\u00a0\u00bb][vc_column][mk_image src=\u00a0\u00bbhttp:\/\/taichiclub.com\/wp-content\/uploads\/2016\/01\/Lineage2.jpg\u00a0\u00bb image_size=\u00a0\u00bbfull\u00a0\u00bb align=\u00a0\u00bbcenter\u00a0\u00bb][vc_empty_space height=\u00a0\u00bb50px\u00a0\u00bb][\/vc_column][\/vc_row][vc_row][vc_column width=\u00a0\u00bb1\/6&Prime;][\/vc_column][vc_column width=\u00a0\u00bb2\/3&Prime;][mk_fancy_title size=\u00a0\u00bb16&Prime; font_family=\u00a0\u00bbnone\u00a0\u00bb]Histoire du Tai Chi chuan[\/mk_fancy_title][vc_column_text css=\u00a0\u00bb.vc_custom_1647484024669{margin-bottom: 0px !important;}\u00a0\u00bb]Tai Chi chuan (\u00e9galement orthographi\u00e9 taijiquan et taiji chuan) est un ancien art martial chinois. Il existe plusieurs styles et chacun [&hellip;]<\/p>\n","protected":false},"author":254,"featured_media":0,"parent":11313,"menu_order":0,"comment_status":"closed","ping_status":"closed","template":"","meta":{"inline_featured_image":false,"footnotes":""},"class_list":["post-8401","page","type-page","status-publish","hentry"],"_links":{"self":[{"href":"https:\/\/www.taichiclub.com\/fr\/wp-json\/wp\/v2\/pages\/8401","targetHints":{"allow":["GET"]}}],"collection":[{"href":"https:\/\/www.taichiclub.com\/fr\/wp-json\/wp\/v2\/pages"}],"about":[{"href":"https:\/\/www.taichiclub.com\/fr\/wp-json\/wp\/v2\/types\/page"}],"author":[{"embeddable":true,"href":"https:\/\/www.taichiclub.com\/fr\/wp-json\/wp\/v2\/users\/254"}],"replies":[{"embeddable":true,"href":"https:\/\/www.taichiclub.com\/fr\/wp-json\/wp\/v2\/comments?post=8401"}],"version-history":[{"count":24,"href":"https:\/\/www.taichiclub.com\/fr\/wp-json\/wp\/v2\/pages\/8401\/revisions"}],"predecessor-version":[{"id":21612,"href":"https:\/\/www.taichiclub.com\/fr\/wp-json\/wp\/v2\/pages\/8401\/revisions\/21612"}],"up":[{"embeddable":true,"href":"https:\/\/www.taichiclub.com\/fr\/wp-json\/wp\/v2\/pages\/11313"}],"wp:attachment":[{"href":"https:\/\/www.taichiclub.com\/fr\/wp-json\/wp\/v2\/media?parent=8401"}],"curies":[{"name":"wp","href":"https:\/\/api.w.org\/{rel}","templated":true}]}}