{"id":8409,"date":"2016-01-05T13:19:21","date_gmt":"2016-01-05T18:19:21","guid":{"rendered":"http:\/\/taichiclub.ml\/index\/fr\/yang-style-form\/"},"modified":"2018-02-27T22:24:56","modified_gmt":"2018-02-28T03:24:56","slug":"yang-style-form","status":"publish","type":"page","link":"https:\/\/www.taichiclub.com\/fr\/select-your-classes\/grille-horaire\/yang-style-form\/","title":{"rendered":"Formes enseign\u00e9es"},"content":{"rendered":"<div class=\"wpb-content-wrapper\">[vc_row][vc_column width=\u00a0\u00bb1\/12&Prime;][\/vc_column][vc_column width=\u00a0\u00bb10\/12&Prime;][mk_image_slideshow images=\u00a0\u00bb12442,12440,12444&Prime; image_width=\u00a0\u00bb1097&Prime; image_height=\u00a0\u00bb472&Prime; animation_speed=\u00a0\u00bb1278&Prime; slideshow_speed=\u00a0\u00bb1000&Prime; pause_on_hover=\u00a0\u00bbtrue\u00a0\u00bb][\/vc_column][vc_column width=\u00a0\u00bb1\/12&Prime;][\/vc_column][\/vc_row][vc_row][vc_column width=\u00a0\u00bb1\/6&Prime;][\/vc_column][vc_column width=\u00a0\u00bb2\/3&Prime;][vc_row_inner][vc_column_inner][vc_empty_space height=\u00a0\u00bb50px\u00a0\u00bb][\/vc_column_inner][\/vc_row_inner][mk_fancy_title size=\u00a0\u00bb24&Prime; font_family=\u00a0\u00bbnone\u00a0\u00bb]\n<h2 style=\"text-align: center;\">Les formes enseign\u00e9es<\/h2>\n[\/mk_fancy_title][vc_column_text css=\u00a0\u00bb.vc_custom_1519604059144{margin-bottom: 0px !important;}\u00a0\u00bb]\n<p style=\"text-align: center;\">Le Club de Tai Chi enseigne la <a href=\"https:\/\/www.taichiclub.com\/fr\/select-your-classes\/grille-horaire\/yang-style-form\/yang-hao-forms\/\">forme Yang traditionnelle <\/a>de 108 mouvements (81 sans les r\u00e9p\u00e9titions) bas\u00e9 sur l\u2019enseignement de Sifu\u00a0Chui Oi Ching Grace, 3e g\u00e9n\u00e9ration du Grand Ma\u00eetre <a href=\"https:\/\/en.wikipedia.org\/wiki\/Tung_Ying-chieh\">Tung Ying-chieh<\/a>.<\/p>\n<p style=\"text-align: center;\">Les autres forms enseign\u00e9es aux niveaux avanc\u00e9s et en s\u00e9minaires sont les formes Hao, l\u2019\u00e9p\u00e9e, le sabre, le Fast Tai Chi, le Fa jin et les\u00a0b\u00e2tons doubles.<\/p>\n[\/vc_column_text][mk_fancy_title size=\u00a0\u00bb24&Prime; font_family=\u00a0\u00bbnone\u00a0\u00bb]\n<p style=\"text-align: center;\"><a href=\"https:\/\/www.taichiclub.com\/fr\/formes-enseignees-ref\/\">Liste compl\u00e8tes des mouvements<\/a><\/p>\n[\/mk_fancy_title][\/vc_column][vc_column width=\u00a0\u00bb1\/6&Prime;][\/vc_column][\/vc_row]\n<\/div>","protected":false},"excerpt":{"rendered":"<p>[vc_row][vc_column width=\u00a0\u00bb1\/12&Prime;][\/vc_column][vc_column width=\u00a0\u00bb10\/12&Prime;][mk_image_slideshow images=\u00a0\u00bb12442,12440,12444&Prime; image_width=\u00a0\u00bb1097&Prime; image_height=\u00a0\u00bb472&Prime; animation_speed=\u00a0\u00bb1278&Prime; slideshow_speed=\u00a0\u00bb1000&Prime; pause_on_hover=\u00a0\u00bbtrue\u00a0\u00bb][\/vc_column][vc_column width=\u00a0\u00bb1\/12&Prime;][\/vc_column][\/vc_row][vc_row][vc_column width=\u00a0\u00bb1\/6&Prime;][\/vc_column][vc_column width=\u00a0\u00bb2\/3&Prime;][vc_row_inner][vc_column_inner][vc_empty_space height=\u00a0\u00bb50px\u00a0\u00bb][\/vc_column_inner][\/vc_row_inner][mk_fancy_title size=\u00a0\u00bb24&Prime; font_family=\u00a0\u00bbnone\u00a0\u00bb] Les formes enseign\u00e9es [\/mk_fancy_title][vc_column_text css=\u00a0\u00bb.vc_custom_1519604059144{margin-bottom: 0px !important;}\u00a0\u00bb] Le Club de Tai Chi enseigne la forme Yang traditionnelle de 108 mouvements (81 sans les r\u00e9p\u00e9titions) bas\u00e9 sur l\u2019enseignement de Sifu\u00a0Chui Oi Ching Grace, 3e g\u00e9n\u00e9ration du Grand Ma\u00eetre Tung Ying-chieh. Les [&hellip;]<\/p>\n","protected":false},"author":254,"featured_media":0,"parent":8754,"menu_order":0,"comment_status":"closed","ping_status":"closed","template":"","meta":{"inline_featured_image":false,"footnotes":""},"class_list":["post-8409","page","type-page","status-publish","hentry"],"_links":{"self":[{"href":"https:\/\/www.taichiclub.com\/fr\/wp-json\/wp\/v2\/pages\/8409","targetHints":{"allow":["GET"]}}],"collection":[{"href":"https:\/\/www.taichiclub.com\/fr\/wp-json\/wp\/v2\/pages"}],"about":[{"href":"https:\/\/www.taichiclub.com\/fr\/wp-json\/wp\/v2\/types\/page"}],"author":[{"embeddable":true,"href":"https:\/\/www.taichiclub.com\/fr\/wp-json\/wp\/v2\/users\/254"}],"replies":[{"embeddable":true,"href":"https:\/\/www.taichiclub.com\/fr\/wp-json\/wp\/v2\/comments?post=8409"}],"version-history":[{"count":44,"href":"https:\/\/www.taichiclub.com\/fr\/wp-json\/wp\/v2\/pages\/8409\/revisions"}],"predecessor-version":[{"id":16042,"href":"https:\/\/www.taichiclub.com\/fr\/wp-json\/wp\/v2\/pages\/8409\/revisions\/16042"}],"up":[{"embeddable":true,"href":"https:\/\/www.taichiclub.com\/fr\/wp-json\/wp\/v2\/pages\/8754"}],"wp:attachment":[{"href":"https:\/\/www.taichiclub.com\/fr\/wp-json\/wp\/v2\/media?parent=8409"}],"curies":[{"name":"wp","href":"https:\/\/api.w.org\/{rel}","templated":true}]}}