{"id":8754,"date":"2016-01-24T19:03:23","date_gmt":"2016-01-25T00:03:23","guid":{"rendered":"http:\/\/taichiclub.ml\/index\/fr\/schedule\/"},"modified":"2020-03-15T11:44:03","modified_gmt":"2020-03-15T15:44:03","slug":"grille-horaire","status":"publish","type":"page","link":"https:\/\/www.taichiclub.com\/fr\/select-your-classes\/grille-horaire\/","title":{"rendered":"Grille horaire Printemps 2020"},"content":{"rendered":"<div class=\"wpb-content-wrapper\">[vc_row][vc_column][mk_fancy_title font_family=\u00a0\u00bbnone\u00a0\u00bb]\n<p style=\"text-align: center;\">Horaire<\/p>\n[\/mk_fancy_title][vc_column_text css=\u00a0\u00bb.vc_custom_1584287024255{margin-bottom: 0px !important;}\u00a0\u00bb]\n<p style=\"text-align: center;\">Nous sommes d\u00e9sol\u00e9, du au Covid-19 la session du printemps est report\u00e9e!<\/p>\n<p style=\"text-align: center;\">Restez branch\u00e9, nous organisons des classes en ligne via FB Live.<\/p>\n[vc_message message_box_color=\u00a0\u00bbchino\u00a0\u00bb icon_fontawesome=\u00a0\u00bbfa fa-usd\u00a0\u00bb]\n[\/vc_message][\/vc_column_text][\/vc_column][vc_column width=\u00a0\u00bb3\/4&Prime;][mk_table][mk_table]\n<table style=\"height: 100%;\" width=\"100%\">\n<thead>\n<tr>\n<th width=\"90\"><strong>Heures<\/strong><\/th>\n<th width=\"162\">Lundi<\/th>\n<th width=\"162\">Mardi<\/th>\n<th width=\"162\">Mercredi<\/th>\n<th width=\"162\">Jeudi<\/th>\n<th width=\"162\">Vendredi<\/th>\n<th width=\"162\">Samedi<\/th>\n<\/tr>\n<\/thead>\n<tbody>\n<tr>\n<td><strong>9h45\u201310h45<\/strong><\/td>\n<td>Tai Chi<br \/>\n<strong><a href=\"https:\/\/www.taichiclub.com\/fr\/?p=15089\">Continu (55+)<\/a><\/strong><br \/>\n<span class=\"location\">Brossard \/ Radisson<\/span>[mk_button size=\u00a0\u00bbsmall\u00a0\u00bb align=\u00a0\u00bbcenter\u00a0\u00bb\u00a0margin_right=\u00a0\u00bb0&Prime; dimension=\u00a0\u00bbflat\u00a0\u00bb url=\u00a0\u00bb?add-to-cart=15089&Prime;]AJOUTER AU PANIER[\/mk_button]<\/td>\n<td>Tai Chi<br \/>\n<strong><a href=\"https:\/\/www.taichiclub.com\/fr\/?p=17035\">Partie 2+ (55+)<\/a><\/strong><br \/>\n<span class=\"location\">Brossard \/ CCV<\/span>[mk_button size=\u00a0\u00bbsmall\u00a0\u00bb align=\u00a0\u00bbcenter\u00a0\u00bb\u00a0margin_right=\u00a0\u00bb0&Prime; dimension=\u00a0\u00bbflat\u00a0\u00bb url=\u00a0\u00bb?add-to-cart=17035&Prime;]AJOUTER AU PANIER[\/mk_button]<\/td>\n<td>Tai Chi<br \/>\n<strong><a href=\"https:\/\/www.taichiclub.com\/fr\/?p=17039\">Continu (55+)<\/a><\/strong><br \/>\n<span class=\"location\">Brossard \/ Radisson<\/span>[mk_button size=\u00a0\u00bbsmall\u00a0\u00bb align=\u00a0\u00bbcenter\u00a0\u00bb\u00a0margin_right=\u00a0\u00bb0&Prime; dimension=\u00a0\u00bbflat\u00a0\u00bb url=\u00a0\u00bb?add-to-cart=17039&Prime;]AJOUTER AU PANIER[\/mk_button]<\/td>\n<td><\/td>\n<td>Tai Chi<br \/>\n<strong><a href=\"https:\/\/www.taichiclub.com\/fr\/?p=18357\">Qi Gong (55+)<\/a><\/strong><br \/>\n<span class=\"location\">Brossard \/ Radisson<\/span>[mk_button size=\u00a0\u00bbsmall\u00a0\u00bb align=\u00a0\u00bbcenter\u00a0\u00bb\u00a0margin_right=\u00a0\u00bb0&Prime; dimension=\u00a0\u00bbflat\u00a0\u00bb url=\u00a0\u00bb?add-to-cart=18357&Prime;]AJOUTER AU PANIER[\/mk_button]<\/td>\n<td>Tai Chi<br \/>\n<strong><a href=\"https:\/\/www.taichiclub.com\/fr\/?p=15014\">D\u00e9butants<\/a><\/strong><br \/>\n<span class=\"location\">Brossard \/ G. Vignal<\/span>[mk_button size=\u00a0\u00bbsmall\u00a0\u00bb align=\u00a0\u00bbcenter\u00a0\u00bb\u00a0margin_right=\u00a0\u00bb0&Prime; dimension=\u00a0\u00bbflat\u00a0\u00bb url=\u00a0\u00bb?add-to-cart=15014&Prime;]AJOUTER AU PANIER[\/mk_button]<\/td>\n<\/tr>\n<tr>\n<td><strong>9h45\u201310h45<\/strong><\/td>\n<td><\/td>\n<td>Tai Chi<br \/>\n<strong><a href=\"https:\/\/www.taichiclub.com\/fr\/?p=18005\">Partie 2 (55+)<\/a><\/strong><br \/>\n<span class=\"location\">Brossard \/ Radisson<\/span>[mk_button size=\u00a0\u00bbsmall\u00a0\u00bb align=\u00a0\u00bbcenter\u00a0\u00bb\u00a0margin_right=\u00a0\u00bb0&Prime; dimension=\u00a0\u00bbflat\u00a0\u00bb url=\u00a0\u00bb?add-to-cart=18005&Prime;]AJOUTER AU PANIER[\/mk_button]<\/td>\n<td><\/td>\n<td>Tai Chi<br \/>\n<strong><a href=\"https:\/\/www.taichiclub.com\/fr\/?p=18510\">Qi Gong (55+)<\/a><\/strong><br \/>\n<span class=\"location\">Brossard \/ CCV<\/span>[mk_button size=\u00a0\u00bbsmall\u00a0\u00bb align=\u00a0\u00bbcenter\u00a0\u00bb\u00a0margin_right=\u00a0\u00bb0&Prime; dimension=\u00a0\u00bbflat\u00a0\u00bb url=\u00a0\u00bb?add-to-cart=18510&Prime;]AJOUTER AU PANIER[\/mk_button]<\/td>\n<td><\/td>\n<td>Tai Chi<br \/>\n<strong><a href=\"https:\/\/www.taichiclub.com\/fr\/?p=17482\">Partie 2+<\/a><\/strong><br \/>\n<span class=\"location\">Brossard \/ G. Vignal<\/span>[mk_button size=\u00a0\u00bbsmall\u00a0\u00bb align=\u00a0\u00bbcenter\u00a0\u00bb\u00a0margin_right=\u00a0\u00bb0&Prime; dimension=\u00a0\u00bbflat\u00a0\u00bb url=\u00a0\u00bb?add-to-cart=17482&Prime;]AJOUTER AU PANIER[\/mk_button]<\/td>\n<\/tr>\n<tr>\n<td><strong>9h45\u201310h45<\/strong><\/td>\n<td><\/td>\n<td>Tai Chi<br \/>\n<strong><a href=\"https:\/\/www.taichiclub.com\/fr\/?p=15066\">Partie 3\u00a0(55+)<\/a><\/strong><br \/>\n<span class=\"location\">Brossard \/ CCV<\/span>[mk_button size=\u00a0\u00bbsmall\u00a0\u00bb align=\u00a0\u00bbcenter\u00a0\u00bb\u00a0margin_right=\u00a0\u00bb0&Prime; dimension=\u00a0\u00bbflat\u00a0\u00bb url=\u00a0\u00bb?add-to-cart=15066&Prime;]AJOUTER AU PANIER[\/mk_button]<\/td>\n<td><\/td>\n<td><\/td>\n<td><\/td>\n<td>Tai Chi<br \/>\n<strong><a href=\"https:\/\/www.taichiclub.com\/fr\/?p=15062\">Partie 3<\/a><\/strong><br \/>\n<span class=\"location\">Brossard \/ G. Vignal<\/span>[mk_button size=\u00a0\u00bbsmall\u00a0\u00bb align=\u00a0\u00bbcenter\u00a0\u00bb\u00a0margin_right=\u00a0\u00bb0&Prime; dimension=\u00a0\u00bbflat\u00a0\u00bb url=\u00a0\u00bb?add-to-cart=15062&Prime;]AJOUTER AU PANIER[\/mk_button]<\/td>\n<\/tr>\n<tr>\n<td><strong>9h45\u201310h45<\/strong><\/td>\n<td><\/td>\n<td><\/td>\n<td><\/td>\n<td><\/td>\n<td><\/td>\n<td>Tai Chi<br \/>\n<strong><a href=\"https:\/\/www.taichiclub.com\/fr\/?p=15077\">Continu<\/a><\/strong><br \/>\n<span class=\"location\">Brossard \/ G. Vignal<\/span>[mk_button size=\u00a0\u00bbsmall\u00a0\u00bb align=\u00a0\u00bbcenter\u00a0\u00bb\u00a0margin_right=\u00a0\u00bb0&Prime; dimension=\u00a0\u00bbflat\u00a0\u00bb url=\u00a0\u00bb?add-to-cart=15077&Prime;]AJOUTER AU PANIER[\/mk_button]<\/td>\n<\/tr>\n<tr>\n<td><strong>9h45\u201310h45<\/strong><\/td>\n<td><\/td>\n<td><\/td>\n<td><\/td>\n<td><\/td>\n<td><\/td>\n<td>Tai Chi<br \/>\n<strong><a href=\"https:\/\/www.taichiclub.com\/fr\/?p=15048\">Partie 2<\/a><\/strong><br \/>\n<span class=\"location\">Brossard \/ G. Vignal<\/span>[mk_button size=\u00a0\u00bbsmall\u00a0\u00bb align=\u00a0\u00bbcenter\u00a0\u00bb\u00a0margin_right=\u00a0\u00bb0&Prime; dimension=\u00a0\u00bbflat\u00a0\u00bb url=\u00a0\u00bb?add-to-cart=15048&Prime;]AJOUTER AU PANIER[\/mk_button]<\/td>\n<\/tr>\n<tr>\n<td><strong>11h00\u201312h00<\/strong><\/td>\n<td>Tai Chi<br \/>\n<strong><a href=\"https:\/\/www.taichiclub.com\/fr\/?p=15091\">Continu (55+)<\/a><\/strong><br \/>\n<span class=\"location\">Brossard \/ Radisson<\/span>[mk_button size=\u00a0\u00bbsmall\u00a0\u00bb align=\u00a0\u00bbcenter\u00a0\u00bb\u00a0margin_right=\u00a0\u00bb0&Prime; dimension=\u00a0\u00bbflat\u00a0\u00bb url=\u00a0\u00bb?add-to-cart=15091&Prime;]AJOUTER AU PANIER[\/mk_button]<\/td>\n<td>Tai Chi<br \/>\n<strong><a href=\"https:\/\/www.taichiclub.com\/fr\/?p=15093\">Continu (55+)<\/a><\/strong><br \/>\n<span class=\"location\">Brossard \/ Radisson<\/span>[mk_button size=\u00a0\u00bbsmall\u00a0\u00bb align=\u00a0\u00bbcenter\u00a0\u00bb\u00a0margin_right=\u00a0\u00bb0&Prime; dimension=\u00a0\u00bbflat\u00a0\u00bb url=\u00a0\u00bb?add-to-cart=15093&Prime;]AJOUTER AU PANIER[\/mk_button]<\/td>\n<td>Tai Chi<br \/>\n<strong><a href=\"https:\/\/www.taichiclub.com\/fr\/?p=15095\">Continu (55+)<\/a><\/strong><br \/>\n<span class=\"location\">Brossard \/ Radisson<\/span>[mk_button size=\u00a0\u00bbsmall\u00a0\u00bb align=\u00a0\u00bbcenter\u00a0\u00bb\u00a0margin_right=\u00a0\u00bb0&Prime; dimension=\u00a0\u00bbflat\u00a0\u00bb url=\u00a0\u00bb?add-to-cart=15095&Prime;]AJOUTER AU PANIER[\/mk_button]<\/td>\n<td>Tai Chi<br \/>\n<strong><a href=\"https:\/\/www.taichiclub.com\/fr\/?p=16486\">D\u00e9butants<\/a><\/strong><br \/>\n<span class=\"location\">Brossard \/ CCV<\/span>[mk_button size=\u00a0\u00bbsmall\u00a0\u00bb align=\u00a0\u00bbcenter\u00a0\u00bb\u00a0margin_right=\u00a0\u00bb0&Prime; dimension=\u00a0\u00bbflat\u00a0\u00bb url=\u00a0\u00bb?add-to-cart=16486&Prime;]ADD TO CART[\/mk_button]<\/td>\n<td>Qi Gong<br \/>\n<strong><a href=\"https:\/\/www.taichiclub.com\/fr\/?p=14080\">All (55+)<\/a><\/strong><br \/>\n<span class=\"location\">Brossard \/ Radisson<\/span>[mk_button size=\u00a0\u00bbsmall\u00a0\u00bb align=\u00a0\u00bbcenter\u00a0\u00bb\u00a0margin_right=\u00a0\u00bb0&Prime; dimension=\u00a0\u00bbflat\u00a0\u00bb url=\u00a0\u00bb?add-to-cart=14080&Prime;]AJOUTER AU PANIER[\/mk_button]<\/td>\n<td>Tai Chi<br \/>\n<strong><a href=\"https:\/\/www.taichiclub.com\/fr\/?p=14078\">Avanc\u00e9<\/a><\/strong><br \/>\n<span class=\"location\">Brossard \/ G. Vignal<\/span>[mk_button size=\u00a0\u00bbsmall\u00a0\u00bb align=\u00a0\u00bbcenter\u00a0\u00bb\u00a0margin_right=\u00a0\u00bb0&Prime; dimension=\u00a0\u00bbflat\u00a0\u00bb url=\u00a0\u00bb?add-to-cart=14078&Prime;]AJOUTER AU PANIER[\/mk_button]<\/td>\n<\/tr>\n<tr>\n<td><strong>11h00\u201312h00<\/strong><\/td>\n<td><\/td>\n<td>Qi Gong<br \/>\n<strong><a href=\"https:\/\/www.taichiclub.com\/fr\/?p=14057\">All (55+)<\/a><\/strong><br \/>\n<span class=\"location\">Brossard \/ CCV<\/span>[mk_button size=\u00a0\u00bbsmall\u00a0\u00bb align=\u00a0\u00bbcenter\u00a0\u00bb\u00a0margin_right=\u00a0\u00bb0&Prime; dimension=\u00a0\u00bbflat\u00a0\u00bb url=\u00a0\u00bb?add-to-cart=14057&Prime;]AJOUTER AU PANIER[\/mk_button]<\/td>\n<td><\/td>\n<td><\/td>\n<td><\/td>\n<td><\/td>\n<\/tr>\n<tr>\n<td><strong>12h15\u201313h15<\/strong><\/td>\n<td><\/td>\n<td><\/td>\n<td><\/td>\n<td><\/td>\n<td><\/td>\n<td><\/td>\n<\/tr>\n<tr>\n<td><strong>18h30\u201319h30<\/strong><\/td>\n<td>Tai Chi<br \/>\n<strong><a href=\"https:\/\/www.taichiclub.com\/fr\/?p=16498\">Partie 3<\/a><\/strong><br \/>\n<span class=\"location\">Brossard \/ CCV<\/span>[mk_button size=\u00a0\u00bbsmall\u00a0\u00bb align=\u00a0\u00bbcenter\u00a0\u00bb\u00a0margin_right=\u00a0\u00bb0&Prime; dimension=\u00a0\u00bbflat\u00a0\u00bb url=\u00a0\u00bb?add-to-cart=16498&Prime;]AJOUTER AU PANIER[\/mk_button]<\/td>\n<td>Tai Chi<br \/>\n<strong><a href=\"https:\/\/www.taichiclub.com\/fr\/?p=15019\">D\u00e9butants<\/a><\/strong><br \/>\n<span class=\"location\">Mtl \/ Chinatown<\/span>[mk_button size=\u00a0\u00bbsmall\u00a0\u00bb align=\u00a0\u00bbcenter\u00a0\u00bb\u00a0margin_right=\u00a0\u00bb0&Prime; dimension=\u00a0\u00bbflat\u00a0\u00bb url=\u00a0\u00bb?add-to-cart=15019&Prime;]AJOUTER AU PANIER[\/mk_button]<\/td>\n<td><\/td>\n<td>Tai Chi<br \/>\n<strong><a href=\"https:\/\/www.taichiclub.com\/fr\/?p=15022\">D\u00e9butants<\/a><\/strong><br \/>\n<span class=\"location\">Mtl \/ Chinatown<\/span>[mk_button size=\u00a0\u00bbsmall\u00a0\u00bb align=\u00a0\u00bbcenter\u00a0\u00bb\u00a0margin_right=\u00a0\u00bb0&Prime; dimension=\u00a0\u00bbflat\u00a0\u00bb url=\u00a0\u00bb?add-to-cart=15022&Prime;]AJOUTER AU PANIER[\/mk_button]<\/td>\n<td><\/td>\n<td><\/td>\n<\/tr>\n<tr>\n<td><strong>18h30\u201319h30<\/strong><\/td>\n<td>Tai Chi<br \/>\n<strong><a href=\"https:\/\/www.taichiclub.com\/fr\/?p=13970\">Continu<\/a><\/strong><br \/>\n<span class=\"location\">Brossard \/ CCV<\/span>[mk_button size=\u00a0\u00bbsmall\u00a0\u00bb align=\u00a0\u00bbcenter\u00a0\u00bb\u00a0margin_right=\u00a0\u00bb0&Prime; dimension=\u00a0\u00bbflat\u00a0\u00bb url=\u00a0\u00bb?add-to-cart=13970&Prime;]AJOUTER AU PANIER[\/mk_button]<\/td>\n<td>Tai Chi<br \/>\n<strong><a href=\"https:\/\/www.taichiclub.com\/fr\/?p=15050\">Partie 2<\/a><\/strong><br \/>\n<span class=\"location\">Mtl \/ Chinatown<\/span>[mk_button size=\u00a0\u00bbsmall\u00a0\u00bb align=\u00a0\u00bbcenter\u00a0\u00bb\u00a0margin_right=\u00a0\u00bb0&Prime; dimension=\u00a0\u00bbflat\u00a0\u00bb url=\u00a0\u00bb?add-to-cart=15050&Prime;]AJOUTER AU PANIER[\/mk_button]<\/td>\n<td><\/td>\n<td>Tai Chi<br \/>\n<strong><a href=\"https:\/\/www.taichiclub.com\/fr\/?p=15052\">Partie 2<\/a><\/strong><br \/>\n<span class=\"location\">Mtl \/ Chinatown<\/span>[mk_button size=\u00a0\u00bbsmall\u00a0\u00bb align=\u00a0\u00bbcenter\u00a0\u00bb\u00a0margin_right=\u00a0\u00bb0&Prime; dimension=\u00a0\u00bbflat\u00a0\u00bb url=\u00a0\u00bb?add-to-cart=15052&Prime;]AJOUTER AU PANIER[\/mk_button]<\/td>\n<td><\/td>\n<td><\/td>\n<\/tr>\n<tr>\n<td><strong>18h30\u201319h30<\/strong><\/td>\n<td><\/td>\n<td>Tai Chi<br \/>\n<strong><a href=\"https:\/\/www.taichiclub.com\/fr\/?p=15060\">Partie 3<\/a><\/strong><br \/>\n<span class=\"location\">Mtl \/ Chinatown<\/span>[mk_button size=\u00a0\u00bbsmall\u00a0\u00bb align=\u00a0\u00bbcenter\u00a0\u00bb\u00a0margin_right=\u00a0\u00bb0&Prime; dimension=\u00a0\u00bbflat\u00a0\u00bb url=\u00a0\u00bb?add-to-cart=15060&Prime;]AJOUTER AU PANIER[\/mk_button]<\/td>\n<td><\/td>\n<td>Tai Chi<br \/>\n<strong><a href=\"https:\/\/www.taichiclub.com\/fr\/?p=15086\">Continu<\/a><\/strong><br \/>\n<span class=\"location\">Mtl \/ Chinatown<\/span>[mk_button size=\u00a0\u00bbsmall\u00a0\u00bb align=\u00a0\u00bbcenter\u00a0\u00bb\u00a0margin_right=\u00a0\u00bb0&Prime; dimension=\u00a0\u00bbflat\u00a0\u00bb url=\u00a0\u00bb?add-to-cart=15086&Prime;]AJOUTER AU PANIER[\/mk_button]<\/td>\n<td><\/td>\n<td><\/td>\n<\/tr>\n<tr>\n<td><strong>18h30\u201319h30<\/strong><\/td>\n<td><\/td>\n<td>Tai Chi<br \/>\n<strong><a href=\"https:\/\/www.taichiclub.com\/fr\/?p=15083\">Continu<\/a><\/strong><br \/>\n<span class=\"location\">Mtl \/ Chinatown<\/span>[mk_button size=\u00a0\u00bbsmall\u00a0\u00bb align=\u00a0\u00bbcenter\u00a0\u00bb\u00a0margin_right=\u00a0\u00bb0&Prime; dimension=\u00a0\u00bbflat\u00a0\u00bb url=\u00a0\u00bb?add-to-cart=15083&Prime;]AJOUTER AU PANIER[\/mk_button]<\/td>\n<td><\/td>\n<td>Tai Chi<br \/>\n<strong><a href=\"https:\/\/www.taichiclub.com\/fr\/?p=15057\">Partie 3<\/a><\/strong><br \/>\n<span class=\"location\">Mtl \/ Chinatown<\/span>[mk_button size=\u00a0\u00bbsmall\u00a0\u00bb align=\u00a0\u00bbcenter\u00a0\u00bb\u00a0margin_right=\u00a0\u00bb0&Prime; dimension=\u00a0\u00bbflat\u00a0\u00bb url=\u00a0\u00bb?add-to-cart=15057&Prime;]AJOUTER AU PANIER[\/mk_button]<\/td>\n<td><\/td>\n<td><\/td>\n<\/tr>\n<tr>\n<td><strong>19h45\u201320h45<\/strong><\/td>\n<td>Tai Chi<br \/>\n<strong><a href=\"https:\/\/www.taichiclub.com\/fr\/?p=14035\">D\u00e9butants<\/a><\/strong><br \/>\n<span class=\"location\">Brossard \/ CCV<\/span>[mk_button size=\u00a0\u00bbsmall\u00a0\u00bb align=\u00a0\u00bbcenter\u00a0\u00bb\u00a0margin_right=\u00a0\u00bb0&Prime; dimension=\u00a0\u00bbflat\u00a0\u00bb url=\u00a0\u00bb?add-to-cart=14035&Prime;]AJOUTER AU PANIER[\/mk_button]<\/td>\n<td>Tai Chi<br \/>\n<strong><a href=\"https:\/\/www.taichiclub.com\/fr\/?p=14619\">Avanc\u00e9<\/a><\/strong><br \/>\n<span class=\"location\">Mtl \/ Chinatown<\/span>[mk_button size=\u00a0\u00bbsmall\u00a0\u00bb align=\u00a0\u00bbcenter\u00a0\u00bb\u00a0margin_right=\u00a0\u00bb0&Prime; dimension=\u00a0\u00bbflat\u00a0\u00bb url=\u00a0\u00bb?add-to-cart=14619&Prime;]AJOUTER AU PANIER[\/mk_button]<\/td>\n<td><\/td>\n<td>Tai Chi<br \/>\n<strong><a href=\"https:\/\/www.taichiclub.com\/fr\/?p=15033\">Avanc\u00e9<\/a><\/strong><br \/>\n<span class=\"location\">Mtl \/ Chinatown<\/span>[mk_button size=\u00a0\u00bbsmall\u00a0\u00bb align=\u00a0\u00bbcenter\u00a0\u00bb\u00a0margin_right=\u00a0\u00bb0&Prime; dimension=\u00a0\u00bbflat\u00a0\u00bb url=\u00a0\u00bb?add-to-cart=15033&Prime;]AJOUTER AU PANIER[\/mk_button]<\/td>\n<td><\/td>\n<td><\/td>\n<\/tr>\n<tr>\n<td><strong>19h45\u201320h45<\/strong><\/td>\n<td>Tai Chi<br \/>\n<strong><a href=\"https:\/\/www.taichiclub.com\/fr\/?p=14041\">Part 2<\/a><\/strong><br \/>\n<span class=\"location\">Brossard \/ CCV<\/span>[mk_button size=\u00a0\u00bbsmall\u00a0\u00bb align=\u00a0\u00bbcenter\u00a0\u00bb\u00a0margin_right=\u00a0\u00bb0&Prime; dimension=\u00a0\u00bbflat\u00a0\u00bb url=\u00a0\u00bb?add-to-cart=14041&Prime;]AJOUTER AU PANIER[\/mk_button]<\/td>\n<td><\/td>\n<td><\/td>\n<td><\/td>\n<td><\/td>\n<td><\/td>\n<\/tr>\n<\/tbody>\n<\/table>\n[\/mk_table][\/vc_column][vc_column width=\u00a0\u00bb1\/4&Prime;][vc_column_text css=\u00a0\u00bb.vc_custom_1551290583327{margin-bottom: 0px !important;}\u00a0\u00bb]\n<h3>Description des cours<\/h3>\n<h4><\/h4>\n<h4>D\u00e9butants<\/h4>\n<p>Au niveau d\u00e9butant,\u00a0 l\u2019\u00e9tudiant apprend les principes de base et la premi\u00e8re partie de la forme Yang, soit les mouvements (1) \u00a0\u00ab Pr\u00e9parer \u00bb jusqu\u2019au mouvement (14) \u00ab Croiser les mains \u00bb\u00a0fin de la premi\u00e8re partie. Cette section repr\u00e9sente la premi\u00e8re partie des trois (3) parties qui composent la forme de Tai Chi Yang.<\/p>\n<h4>Partie 2<\/h4>\n<p>Le\u00a0niveau 2 est le d\u00e9but de la 2e partie et les mouvements enseign\u00e9s sont: (15) \u00ab Mener le tigre \u00e0 la montagne \u00bb\u00a0 jusqu\u2019\u00e0 la moiti\u00e9 de la partie 2. Le rythme est adapt\u00e9 au rythme du groupe.<\/p>\n<h4>Partie 2+<\/h4>\n<p>L\u2019apprentissage des mouvements du milieu de la partie 2 jusqu\u2019\u00e0 la fin de la deuxi\u00e8me partie \u00ab Croiser ses mains (30) \u00bb. Le rythme est adapt\u00e9 au rythme du groupe.<\/p>\n<h4>Partie 3<\/h4>\n<p>A la partie 3 \u00a0l\u2019\u00e9tudiant termine l\u2019apprentissage de la forme de Tai Chi Yang. A cette \u00e9tape l\u2019\u00e9tudiant (e) est familier avec plus de 75 % des mouvements, maitrise les d\u00e9placement, l\u2019attention est au moment pr\u00e9sent et le niveau d\u2019\u00e9nergie est grand. Les mouvements enseign\u00e9s sont (46) \u00ab Mener le tigre \u00e0 la montagne \u00bb jusqu\u2019\u00e0 la moiti\u00e9 de la partie 3.<\/p>\n<h4>Partie 3+<\/h4>\n<p>L\u2019\u00e9tudiant apprend du milieu de la 3e partie jusqu\u2019au mouvement (81) \u00ab Croiser ses mains \u00bb\u00a0fin de la forme Yang. Le rythme est adapt\u00e9 au rythme du groupe.<\/p>\n<h4>Continu<\/h4>\n<p>Le groupe Continu suit la partie 3. Les \u00e9tudiants ont appris la forme au\u00a0complet et approfondissent leur pratique en r\u00e9visant les principes. L\u2019instructeur propose des corrections, revois les mouvements et les principes de base et avanc\u00e9s.<\/p>\n<h4>Avanc\u00e9<\/h4>\n<p>Les \u00e9tudiants d\u00e9butent leur apprentissage des formes de Tai Chi avanc\u00e9s telle que le style Hao, le Fast Tai Chi, le Fa Jin, \u00a0l\u2019\u00e9p\u00e9e, le sabre, le b\u00e2ton double et le pousse-mains.<\/p>\n<h4>Qi Gong<\/h4>\n<p>Le Qi Gong est un exercice de circulation de l\u2019\u00e9nergie (Qi) pratiqu\u00e9 comme \u00e9chauffement avant de pratiquer les formes de Tai Chi ou comme exercice individuel pour am\u00e9liorer et maintenir la sant\u00e9.\u00a0Au Club de Tai Chi, nous enseignons principalement les 8 brocarts, les 9 Hu Ling, les Hard Qi Gong et le Qi Gong Sant\u00e9.[\/vc_column_text][\/vc_column][\/vc_row][vc_row][vc_column width=\u00a0\u00bb1\/12&Prime;][\/vc_column][vc_column width=\u00a0\u00bb10\/12&Prime;][vc_row_inner css=\u00a0\u00bb.vc_custom_1543699310666{border-top-width: 1px !important;border-right-width: 1px !important;border-bottom-width: 1px !important;border-left-width: 1px !important;padding-top: 35px !important;padding-right: 35px !important;padding-bottom: 35px !important;padding-left: 35px !important;border-left-color: #025ebe !important;border-left-style: solid !important;border-right-color: #025ebe !important;border-right-style: solid !important;border-top-color: #025ebe !important;border-top-style: solid !important;border-bottom-color: #025ebe !important;border-bottom-style: solid !important;border-radius: 3px !important;}\u00a0\u00bb][vc_column_inner][mk_fancy_title font_family=\u00a0\u00bbnone\u00a0\u00bb]\n<p style=\"text-align: center;\">Cours priv\u00e9s et de groupes<\/p>\n[\/mk_fancy_title][vc_column_text css=\u00a0\u00bb.vc_custom_1543699451000{margin-bottom: 0px !important;}\u00a0\u00bb]\n<p style=\"text-align: center;\">Des cours personnalis\u00e9s peuvent \u00eatre organis\u00e9s sur demande et selon la disponibilit\u00e9 des enseignants. Nous enseignons dans les centres communautaires, h\u00f4tels, \u00e9coles, maisons pour personnes \u00e2g\u00e9es et des h\u00f4pitaux.<\/p>\n<p style=\"text-align: center;\">Pour un groupe priv\u00e9 (1 \u00e0 5 participants) :<br \/>\n70$ par heure, 10$ par participant additionnel.<br \/>\nL&rsquo;organisateur doit fournir la salle.[\/vc_column_text][mk_button dimension=\u00a0\u00bbflat\u00a0\u00bb url=\u00a0\u00bbmailto:info@taichiclub.com\u00a0\u00bb align=\u00a0\u00bbcenter\u00a0\u00bb]Contactez-nous pour en savoir plus[\/mk_button][\/vc_column_inner][\/vc_row_inner][\/vc_column][vc_column width=\u00a0\u00bb1\/12&Prime;][\/vc_column][\/vc_row]\n<\/div>","protected":false},"excerpt":{"rendered":"<p>[vc_row][vc_column][mk_fancy_title font_family=\u00a0\u00bbnone\u00a0\u00bb] Horaire [\/mk_fancy_title][vc_column_text css=\u00a0\u00bb.vc_custom_1584287024255{margin-bottom: 0px !important;}\u00a0\u00bb] Nous sommes d\u00e9sol\u00e9, du au Covid-19 la session du printemps est report\u00e9e! Restez branch\u00e9, nous organisons des classes en ligne via FB Live. [vc_message message_box_color=\u00a0\u00bbchino\u00a0\u00bb icon_fontawesome=\u00a0\u00bbfa fa-usd\u00a0\u00bb] [\/vc_message][\/vc_column_text][\/vc_column][vc_column width=\u00a0\u00bb3\/4&Prime;][mk_table][mk_table] Heures Lundi Mardi Mercredi Jeudi Vendredi Samedi 9h45\u201310h45 Tai Chi Continu (55+) Brossard \/ Radisson[mk_button size=\u00a0\u00bbsmall\u00a0\u00bb align=\u00a0\u00bbcenter\u00a0\u00bb\u00a0margin_right=\u00a0\u00bb0&Prime; dimension=\u00a0\u00bbflat\u00a0\u00bb url=\u00a0\u00bb?add-to-cart=15089&Prime;]AJOUTER [&hellip;]<\/p>\n","protected":false},"author":254,"featured_media":0,"parent":11313,"menu_order":0,"comment_status":"closed","ping_status":"closed","template":"","meta":{"inline_featured_image":false,"footnotes":""},"class_list":["post-8754","page","type-page","status-publish","hentry"],"_links":{"self":[{"href":"https:\/\/www.taichiclub.com\/fr\/wp-json\/wp\/v2\/pages\/8754","targetHints":{"allow":["GET"]}}],"collection":[{"href":"https:\/\/www.taichiclub.com\/fr\/wp-json\/wp\/v2\/pages"}],"about":[{"href":"https:\/\/www.taichiclub.com\/fr\/wp-json\/wp\/v2\/types\/page"}],"author":[{"embeddable":true,"href":"https:\/\/www.taichiclub.com\/fr\/wp-json\/wp\/v2\/users\/254"}],"replies":[{"embeddable":true,"href":"https:\/\/www.taichiclub.com\/fr\/wp-json\/wp\/v2\/comments?post=8754"}],"version-history":[{"count":268,"href":"https:\/\/www.taichiclub.com\/fr\/wp-json\/wp\/v2\/pages\/8754\/revisions"}],"predecessor-version":[{"id":20488,"href":"https:\/\/www.taichiclub.com\/fr\/wp-json\/wp\/v2\/pages\/8754\/revisions\/20488"}],"up":[{"embeddable":true,"href":"https:\/\/www.taichiclub.com\/fr\/wp-json\/wp\/v2\/pages\/11313"}],"wp:attachment":[{"href":"https:\/\/www.taichiclub.com\/fr\/wp-json\/wp\/v2\/media?parent=8754"}],"curies":[{"name":"wp","href":"https:\/\/api.w.org\/{rel}","templated":true}]}}