{"id":9218,"date":"2016-01-27T20:25:41","date_gmt":"2016-01-28T01:25:41","guid":{"rendered":"http:\/\/taichiclub.ml\/fr\/yang-hao-forms\/"},"modified":"2022-03-17T15:22:34","modified_gmt":"2022-03-17T19:22:34","slug":"yang-hao-forms","status":"publish","type":"page","link":"https:\/\/www.taichiclub.com\/fr\/select-your-classes\/grille-horaire\/yang-style-form\/yang-hao-forms\/","title":{"rendered":"Formes Yang &#038; Hao"},"content":{"rendered":"<div class=\"wpb-content-wrapper\">[vc_row][vc_column width=\u00a0\u00bb1\/12&Prime;][\/vc_column][vc_column width=\u00a0\u00bb11\/12&Prime;][mk_image_slideshow images=\u00a0\u00bb12477,12457,12450,12432&Prime; image_width=\u00a0\u00bb1096&Prime; image_height=\u00a0\u00bb520&Prime; animation_speed=\u00a0\u00bb1278&Prime; slideshow_speed=\u00a0\u00bb1000&Prime; pause_on_hover=\u00a0\u00bbtrue\u00a0\u00bb][\/vc_column][\/vc_row][vc_row][vc_column width=\u00a0\u00bb1\/6&Prime;][\/vc_column][vc_column width=\u00a0\u00bb2\/3&Prime;][vc_row_inner][vc_column_inner][vc_empty_space height=\u00a0\u00bb50px\u00a0\u00bb][mk_fancy_title font_family=\u00a0\u00bbnone\u00a0\u00bb]\n<h2 style=\"text-align: center;\">Les formes Yang\u00a0et Hao<\/h2>\n[\/mk_fancy_title][\/vc_column_inner][\/vc_row_inner][vc_column_text css=\u00a0\u00bb.vc_custom_1647544948777{margin-bottom: 0px !important;}\u00a0\u00bb]\n<h4 style=\"text-align: center;\"><strong>Forme Yang traditionelle<\/strong><\/h4>\n<p style=\"text-align: left;\">Cette forme est la plus populaire et reconnue aupr\u00e8s des pratiquants de Tai Chi. Elle est plut\u00f4t facile \u00e0 ex\u00e9cuter et \u00e0 m\u00e9moriser, avec des postures ni trop \u00e9lev\u00e9es ni trop basses. Elle est con\u00e7ue pour am\u00e9liorer la sant\u00e9 et le bien-\u00eatre de chacun et c&rsquo;est une forme accessible \u00e0 tous.<\/p>\n<p style=\"text-align: left;\">La forme Yang fut popularis\u00e9e par Yang Chengfu au d\u00e9but du 20<sup>e<\/sup> si\u00e8cle et par certains de ses disciples, dont le plus populaire est Tung Ying-chieh.<\/p>\n<p style=\"text-align: left;\">La forme est compos\u00e9e de 38 postures et compte 108 mouvements ou 81 si l&rsquo;on exclut les mouvements r\u00e9p\u00e9titifs. Elle est ex\u00e9cut\u00e9e lentement, entre 22 et 30 minutes selon le rythme du pratiquant et\/ou du groupe, et selon la profondeur de la respiration.<\/p>\n<p style=\"text-align: left;\">Cette forme est l\u2019assise de toutes les autres formes; l\u2019\u00e9tudiant y apprend les principes de base, comment se placer, se d\u00e9placer, avancer, reculer, garder une posture droite et souple et augmenter son niveau \u00e9nerg\u00e9tique.<\/p>\n<p style=\"text-align: left;\">Pour de plus amples d\u00e9tails, voir la page <a href=\"https:\/\/www.taichiclub.com\/fr\/formes-enseignees-ref\/\">des mouvements<\/a>.<\/p>\n<p>&nbsp;<\/p>\n<h4 style=\"text-align: center;\"><strong>Forme Hao<\/strong><\/h4>\n<p style=\"text-align: left;\">Cette forme fut popularis\u00e9e par Li I\u2019Yu dans les ann\u00e9es 1850. Tung Ying-chieh a d\u00e9but\u00e9 son apprentissage du Tai Chi avec Ma\u00eetre Li Hsiang Yuan, pendant une douzaine d\u2019ann\u00e9es.<\/p>\n<p style=\"text-align: left;\">Elle suit presque la m\u00eame routine que la forme Yang dont elle tire son origine. Toutefois, la ressemblance s\u2019arr\u00eate l\u00e0. Le positionnement des pieds et des mains est diff\u00e9rent, le niveau d\u2019intention est beaucoup plus \u00e9lev\u00e9 et la dur\u00e9e pour ex\u00e9cuter la forme Hao est de 30 \u00e0 40 minutes.<\/p>\n<p style=\"text-align: left;\">Cette forme compte 73 mouvements. Pour de plus amples d\u00e9tails, voir la page <a href=\"https:\/\/www.taichiclub.com\/fr\/formes-enseignees-ref\/\">des mouvements<\/a>.<\/p>\n[\/vc_column_text][\/vc_column][vc_column width=\u00a0\u00bb1\/6&Prime;][\/vc_column][\/vc_row]\n<\/div>","protected":false},"excerpt":{"rendered":"<p>[vc_row][vc_column width=\u00a0\u00bb1\/12&Prime;][\/vc_column][vc_column width=\u00a0\u00bb11\/12&Prime;][mk_image_slideshow images=\u00a0\u00bb12477,12457,12450,12432&Prime; image_width=\u00a0\u00bb1096&Prime; image_height=\u00a0\u00bb520&Prime; animation_speed=\u00a0\u00bb1278&Prime; slideshow_speed=\u00a0\u00bb1000&Prime; pause_on_hover=\u00a0\u00bbtrue\u00a0\u00bb][\/vc_column][\/vc_row][vc_row][vc_column width=\u00a0\u00bb1\/6&Prime;][\/vc_column][vc_column width=\u00a0\u00bb2\/3&Prime;][vc_row_inner][vc_column_inner][vc_empty_space height=\u00a0\u00bb50px\u00a0\u00bb][mk_fancy_title font_family=\u00a0\u00bbnone\u00a0\u00bb] Les formes Yang\u00a0et Hao [\/mk_fancy_title][\/vc_column_inner][\/vc_row_inner][vc_column_text css=\u00a0\u00bb.vc_custom_1647544948777{margin-bottom: 0px !important;}\u00a0\u00bb] Forme Yang traditionelle Cette forme est la plus populaire et reconnue aupr\u00e8s des pratiquants de Tai Chi. Elle est plut\u00f4t facile \u00e0 ex\u00e9cuter et \u00e0 m\u00e9moriser, avec des postures ni trop \u00e9lev\u00e9es ni trop [&hellip;]<\/p>\n","protected":false},"author":254,"featured_media":0,"parent":8409,"menu_order":0,"comment_status":"closed","ping_status":"closed","template":"","meta":{"inline_featured_image":false,"footnotes":""},"class_list":["post-9218","page","type-page","status-publish","hentry"],"_links":{"self":[{"href":"https:\/\/www.taichiclub.com\/fr\/wp-json\/wp\/v2\/pages\/9218","targetHints":{"allow":["GET"]}}],"collection":[{"href":"https:\/\/www.taichiclub.com\/fr\/wp-json\/wp\/v2\/pages"}],"about":[{"href":"https:\/\/www.taichiclub.com\/fr\/wp-json\/wp\/v2\/types\/page"}],"author":[{"embeddable":true,"href":"https:\/\/www.taichiclub.com\/fr\/wp-json\/wp\/v2\/users\/254"}],"replies":[{"embeddable":true,"href":"https:\/\/www.taichiclub.com\/fr\/wp-json\/wp\/v2\/comments?post=9218"}],"version-history":[{"count":48,"href":"https:\/\/www.taichiclub.com\/fr\/wp-json\/wp\/v2\/pages\/9218\/revisions"}],"predecessor-version":[{"id":21628,"href":"https:\/\/www.taichiclub.com\/fr\/wp-json\/wp\/v2\/pages\/9218\/revisions\/21628"}],"up":[{"embeddable":true,"href":"https:\/\/www.taichiclub.com\/fr\/wp-json\/wp\/v2\/pages\/8409"}],"wp:attachment":[{"href":"https:\/\/www.taichiclub.com\/fr\/wp-json\/wp\/v2\/media?parent=9218"}],"curies":[{"name":"wp","href":"https:\/\/api.w.org\/{rel}","templated":true}]}}