{"id":9346,"date":"2016-01-28T09:25:59","date_gmt":"2016-01-28T14:25:59","guid":{"rendered":"http:\/\/taichiclub.ml\/fr\/members-forms\/"},"modified":"2017-04-05T12:24:01","modified_gmt":"2017-04-05T16:24:01","slug":"members-forms","status":"publish","type":"page","link":"https:\/\/www.taichiclub.com\/fr\/membres\/members-forms\/","title":{"rendered":"MEMBRES &#8211; FORMES"},"content":{"rendered":"<div class=\"wpb-content-wrapper\">[vc_row][vc_column width=\u00a0\u00bb1\/2&Prime;][vc_single_image image=\u00a0\u00bb8025&Prime; img_size=\u00a0\u00bbfull\u00a0\u00bb][\/vc_column][vc_column width=\u00a0\u00bb1\/2&Prime;][mk_fancy_title size=\u00a0\u00bb50&Prime; font_family=\u00a0\u00bbnone\u00a0\u00bb]Tai Chi style Yang[\/mk_fancy_title][mk_fancy_title size=\u00a0\u00bb24&Prime; font_family=\u00a0\u00bbnone\u00a0\u00bb]Au Club Tai Chi nous pratiquons le style de Tai Chi Yang[\/mk_fancy_title][vc_column_text]Often shortened to <b>t&rsquo;ai chi<\/b>, <b>taiji<\/b> or <b>tai chi<\/b> in English usage, <b>T&rsquo;ai chi ch&rsquo;uan<\/b> or <b>t\u00e0ij\u00edqu\u00e1n<\/b> is an <a title=\"Neijia\" href=\"https:\/\/en.wikipedia.org\/wiki\/Neijia\">internal<\/a> <a title=\"Chinese martial arts\" href=\"https:\/\/en.wikipedia.org\/wiki\/Chinese_martial_arts\">Chinese martial art<\/a> practiced for both its defense training and its <a title=\"Health\" href=\"https:\/\/en.wikipedia.org\/wiki\/Health\">health<\/a> benefits. Though originally conceived as a <a class=\"mw-redirect\" title=\"Martial art\" href=\"https:\/\/en.wikipedia.org\/wiki\/Martial_art\">martial art<\/a>, it is also typically practiced for a variety of other personal reasons: competitive wrestling in the format of <a class=\"mw-redirect\" title=\"Pushing Hands\" href=\"https:\/\/en.wikipedia.org\/wiki\/Pushing_Hands\">Pushing Hands<\/a> (Tui Shou), demonstration competitions, and achieving greater <a title=\"Longevity\" href=\"https:\/\/en.wikipedia.org\/wiki\/Longevity\">longevity<\/a>. As a result, a multitude of training forms exist, both traditional and modern, which correspond to those aims with differing emphasis. Some <a title=\"List of t'ai chi ch'uan forms\" href=\"https:\/\/en.wikipedia.org\/wiki\/List_of_t%27ai_chi_ch%27uan_forms\">training forms<\/a> of t&rsquo;ai chi ch&rsquo;uan are especially known for being practiced with relatively slow movements.<\/p>\n<p>Today, t&rsquo;ai chi ch&rsquo;uan has spread worldwide. Most modern styles of t&rsquo;ai chi ch&rsquo;uan trace their development to at least one of the five traditional schools: <a title=\"Chen-style t'ai chi ch'uan\" href=\"https:\/\/en.wikipedia.org\/wiki\/Chen-style_t%27ai_chi_ch%27uan\">Chen<\/a>, <a title=\"Yang-style t'ai chi ch'uan\" href=\"https:\/\/en.wikipedia.org\/wiki\/Yang-style_t%27ai_chi_ch%27uan\">Yang<\/a>, <a title=\"Wu-style t'ai chi ch'uan\" href=\"https:\/\/en.wikipedia.org\/wiki\/Wu-style_t%27ai_chi_ch%27uan\">Wu<\/a>, <a title=\"Wu (Hao)-style t'ai chi ch'uan\" href=\"https:\/\/en.wikipedia.org\/wiki\/Wu_(Hao)-style_t%27ai_chi_ch%27uan\">Wu (Hao)<\/a>, and <a title=\"Sun-style t'ai chi ch'uan\" href=\"https:\/\/en.wikipedia.org\/wiki\/Sun-style_t%27ai_chi_ch%27uan\">Sun<\/a>. All of the former, in turn, trace their historical origins to <a title=\"Chen-style t'ai chi ch'uan\" href=\"https:\/\/en.wikipedia.org\/wiki\/Chen-style_t%27ai_chi_ch%27uan#Chen_Village_.28Chenjiagou.29\">Chen Village<\/a>.[\/vc_column_text][vc_column_text]<strong>FORMS<\/strong><\/p>\n<p>Yang Style Tai Chi<br \/>\nTai Chi Sword<br \/>\nTai Chi Broadsword<br \/>\nTai Chi Stick<br \/>\nQi Gong[\/vc_column_text][\/vc_column][\/vc_row][vc_row][vc_column][\/vc_column][\/vc_row]\n<\/div>","protected":false},"excerpt":{"rendered":"<p>[vc_row][vc_column width=\u00a0\u00bb1\/2&Prime;][vc_single_image image=\u00a0\u00bb8025&Prime; img_size=\u00a0\u00bbfull\u00a0\u00bb][\/vc_column][vc_column width=\u00a0\u00bb1\/2&Prime;][mk_fancy_title size=\u00a0\u00bb50&Prime; font_family=\u00a0\u00bbnone\u00a0\u00bb]Tai Chi style Yang[\/mk_fancy_title][mk_fancy_title size=\u00a0\u00bb24&Prime; font_family=\u00a0\u00bbnone\u00a0\u00bb]Au Club Tai Chi nous pratiquons le style de Tai Chi Yang[\/mk_fancy_title][vc_column_text]Often shortened to t&rsquo;ai chi, taiji or tai chi in English usage, T&rsquo;ai chi ch&rsquo;uan or t\u00e0ij\u00edqu\u00e1n is an internal Chinese martial art practiced for both its defense training and its health benefits. [&hellip;]<\/p>\n","protected":false},"author":254,"featured_media":0,"parent":9242,"menu_order":0,"comment_status":"closed","ping_status":"closed","template":"","meta":{"inline_featured_image":false,"footnotes":""},"class_list":["post-9346","page","type-page","status-publish","hentry"],"_links":{"self":[{"href":"https:\/\/www.taichiclub.com\/fr\/wp-json\/wp\/v2\/pages\/9346","targetHints":{"allow":["GET"]}}],"collection":[{"href":"https:\/\/www.taichiclub.com\/fr\/wp-json\/wp\/v2\/pages"}],"about":[{"href":"https:\/\/www.taichiclub.com\/fr\/wp-json\/wp\/v2\/types\/page"}],"author":[{"embeddable":true,"href":"https:\/\/www.taichiclub.com\/fr\/wp-json\/wp\/v2\/users\/254"}],"replies":[{"embeddable":true,"href":"https:\/\/www.taichiclub.com\/fr\/wp-json\/wp\/v2\/comments?post=9346"}],"version-history":[{"count":3,"href":"https:\/\/www.taichiclub.com\/fr\/wp-json\/wp\/v2\/pages\/9346\/revisions"}],"predecessor-version":[{"id":9349,"href":"https:\/\/www.taichiclub.com\/fr\/wp-json\/wp\/v2\/pages\/9346\/revisions\/9349"}],"up":[{"embeddable":true,"href":"https:\/\/www.taichiclub.com\/fr\/wp-json\/wp\/v2\/pages\/9242"}],"wp:attachment":[{"href":"https:\/\/www.taichiclub.com\/fr\/wp-json\/wp\/v2\/media?parent=9346"}],"curies":[{"name":"wp","href":"https:\/\/api.w.org\/{rel}","templated":true}]}}