{"id":9365,"date":"2016-01-28T16:14:36","date_gmt":"2016-01-28T21:14:36","guid":{"rendered":"http:\/\/taichiclub.ml\/fr\/?page_id=9365"},"modified":"2016-03-08T20:26:27","modified_gmt":"2016-03-09T01:26:27","slug":"reconnaissance-de-risques","status":"publish","type":"page","link":"https:\/\/www.taichiclub.com\/fr\/validation\/reconnaissance-de-risques\/","title":{"rendered":"Reconnaissance de risques"},"content":{"rendered":"<div class=\"wpb-content-wrapper\">[vc_row][vc_column width=\u00a0\u00bb1\/4&Prime;][\/vc_column][vc_column width=\u00a0\u00bb1\/2&Prime;][vc_single_image image=\u00a0\u00bb9533&Prime; img_size=\u00a0\u00bbfull\u00a0\u00bb alignment=\u00a0\u00bbcenter\u00a0\u00bb][vc_empty_space height=\u00a0\u00bb50&Prime;][mk_fancy_title size=\u00a0\u00bb24&Prime; font_family=\u00a0\u00bbnone\u00a0\u00bb align=\u00a0\u00bbcenter\u00a0\u00bb]\n<p style=\"text-align: center;\"><strong>Code de Conduite<\/strong><\/p>\n[\/mk_fancy_title][vc_column_text]<strong>Merci de respecter le pr\u00e9sent code de conduite:<\/strong><\/p>\n<ol>\n<li><strong>Respect<\/strong><br \/>\nTous les \u00e9l\u00e8ves doivent \u00eatre trait\u00e9s avec respect et ce sans \u00e9gard \u00e0 leur niveau d\u2019exp\u00e9rience. Ne pas provoquer ou d\u00e9fier les autres \u00e9l\u00e8ves.<\/li>\n<li><strong>Attitude d\u2019apprentissage<\/strong><br \/>\nTous les membres d\u00e9butent au niveau d\u00e9butant et cela sans \u00e9gard au niveau atteint dans le pass\u00e9.<\/li>\n<li><strong>Engagement<\/strong><strong><br \/>\n<\/strong>Il est souhaitable que les \u00e9tudiants (es)s pratiquent par eux m\u00eame durant la semaine. Les \u00e9l\u00e8ves qui viennent sur une base r\u00e9guli\u00e8re ont priorit\u00e9 pour les enseignements.<\/li>\n<li><strong><strong>Calme \/ tranquillit\u00e9<br \/>\n<\/strong><\/strong>Pr\u00e9sentez-vous en classe avec un esprit calme ou d\u00e9tendu. Si vous devenez excit\u00e9 ou col\u00e9rique, veuillez-vous retirer sur le cot\u00e9 et prenez quelques minutes pour m\u00e9diter et retrouver votre calme. La bonne humeur est encourag\u00e9e.<\/li>\n<li><strong>L\u2019entraide entre \u00e9l\u00e8ves est souhait\u00e9e<br \/>\n<\/strong><\/li>\n<li><strong>Veuillez fermer vos cellulaires et ne pas m\u00e2cher de la gomme durant les classes<br \/>\n<\/strong><\/li>\n<li><strong>Tenue vestimentaire<br \/>\n<\/strong>Portez des v\u00eatements amples. Le chandail du Club est souhaitable, \u00e9vitez les jeans ou d\u2019autres types de v\u00eatements qui r\u00e9duisent la fluidit\u00e9 des mouvements.\u00a0Portez des chaussures l\u00e9g\u00e8res avec des semelles minces. Aucune sandale ou pantoufle.<\/li>\n<li><strong>N\u2019h\u00e9sitez pas \u00e0 poser des questions \u00e0 votre Sifu ou \u00e0 vos instructeurs.<\/strong><\/li>\n<\/ol>\n[\/vc_column_text][vc_empty_space height=\u00a0\u00bb125&Prime;][mk_fancy_title size=\u00a0\u00bb24&Prime; font_family=\u00a0\u00bbnone\u00a0\u00bb align=\u00a0\u00bbcenter\u00a0\u00bb]\n<p style=\"text-align: center;\"><strong>Reconnaissance de risques<\/strong><\/p>\n[\/mk_fancy_title][vc_column_text]\n<p style=\"text-align: left;\">Je, soussign\u00e9, reconnais les aspects suivants se rapportant \u00e0 ma participation \u00e0 toutes activit\u00e9s du\u00a0<strong><em>Club de Tai Chi\u00a0<\/em><\/strong>:<\/p>\n<ol>\n<ol>\n<li style=\"text-align: left;\">Je connais la nature des activit\u00e9s en question et j\u2019accepte qu\u2019il y a toujours un risque de blessures graves et m\u00eame de mort, associ\u00e9 \u00e0 ma participation \u00e0 toutes activit\u00e9s r\u00e9cr\u00e9atives organis\u00e9es par le Club, incluant les d\u00e9monstrations, comp\u00e9titions et autres activit\u00e9s similaires faisant partie du programme du <strong><em>Club de Tai Chi\u00a0<\/em><\/strong>;<\/li>\n<li style=\"text-align: left;\">Je comprends que toutes les r\u00e8gles de s\u00e9curit\u00e9 applicables \u00e0 ma participation doivent \u00eatre suivies ;<\/li>\n<li style=\"text-align: left;\">Je me retirerai imm\u00e9diatement de toute participation et j\u2019aviserai les autorit\u00e9s les plus proches si \u00e0 quelque moment que ce soit j\u2019ai le sentiment ou j\u2019observe une situation non s\u00e9curitaire ou comportant un danger inhabituel, ou si j\u2019\u00e9prouve des difficult\u00e9s au niveau de ma condition physique, \u00e9motionnelle ou mentale ou au niveau de mon \u00e9quipement..<\/li>\n<\/ol>\n<\/ol>\n[\/vc_column_text][vc_empty_space height=\u00a0\u00bb75&Prime;][mk_button dimension=\u00a0\u00bbflat\u00a0\u00bb size=\u00a0\u00bbmedium\u00a0\u00bb url=\u00a0\u00bbhttp:\/\/taichiclub.com\/fr\/validation\/\u00a0\u00bb align=\u00a0\u00bbcenter\u00a0\u00bb bg_color=\u00a0\u00bb#36a554&Prime;]J\u2019accepte les conditions[\/mk_button][\/vc_column][vc_column width=\u00a0\u00bb1\/4&Prime;][\/vc_column][\/vc_row]\n<\/div>","protected":false},"excerpt":{"rendered":"<p>[vc_row][vc_column width=\u00a0\u00bb1\/4&Prime;][\/vc_column][vc_column width=\u00a0\u00bb1\/2&Prime;][vc_single_image image=\u00a0\u00bb9533&Prime; img_size=\u00a0\u00bbfull\u00a0\u00bb alignment=\u00a0\u00bbcenter\u00a0\u00bb][vc_empty_space height=\u00a0\u00bb50&Prime;][mk_fancy_title size=\u00a0\u00bb24&Prime; font_family=\u00a0\u00bbnone\u00a0\u00bb align=\u00a0\u00bbcenter\u00a0\u00bb] Code de Conduite [\/mk_fancy_title][vc_column_text]Merci de respecter le pr\u00e9sent code de conduite: Respect Tous les \u00e9l\u00e8ves doivent \u00eatre trait\u00e9s avec respect et ce sans \u00e9gard \u00e0 leur niveau d\u2019exp\u00e9rience. Ne pas provoquer ou d\u00e9fier les autres \u00e9l\u00e8ves. Attitude d\u2019apprentissage Tous les membres d\u00e9butent au niveau d\u00e9butant [&hellip;]<\/p>\n","protected":false},"author":10,"featured_media":0,"parent":8335,"menu_order":0,"comment_status":"closed","ping_status":"closed","template":"","meta":{"inline_featured_image":false,"footnotes":""},"class_list":["post-9365","page","type-page","status-publish","hentry"],"_links":{"self":[{"href":"https:\/\/www.taichiclub.com\/fr\/wp-json\/wp\/v2\/pages\/9365","targetHints":{"allow":["GET"]}}],"collection":[{"href":"https:\/\/www.taichiclub.com\/fr\/wp-json\/wp\/v2\/pages"}],"about":[{"href":"https:\/\/www.taichiclub.com\/fr\/wp-json\/wp\/v2\/types\/page"}],"author":[{"embeddable":true,"href":"https:\/\/www.taichiclub.com\/fr\/wp-json\/wp\/v2\/users\/10"}],"replies":[{"embeddable":true,"href":"https:\/\/www.taichiclub.com\/fr\/wp-json\/wp\/v2\/comments?post=9365"}],"version-history":[{"count":42,"href":"https:\/\/www.taichiclub.com\/fr\/wp-json\/wp\/v2\/pages\/9365\/revisions"}],"predecessor-version":[{"id":9538,"href":"https:\/\/www.taichiclub.com\/fr\/wp-json\/wp\/v2\/pages\/9365\/revisions\/9538"}],"up":[{"embeddable":true,"href":"https:\/\/www.taichiclub.com\/fr\/wp-json\/wp\/v2\/pages\/8335"}],"wp:attachment":[{"href":"https:\/\/www.taichiclub.com\/fr\/wp-json\/wp\/v2\/media?parent=9365"}],"curies":[{"name":"wp","href":"https:\/\/api.w.org\/{rel}","templated":true}]}}